{"id":177,"date":"2020-03-25T15:12:17","date_gmt":"2020-03-25T14:12:17","guid":{"rendered":"https:\/\/www.humboldtforum.org\/?page_id=177"},"modified":"2020-12-15T11:03:00","modified_gmt":"2020-12-15T10:03:00","slug":"social-media-netiquette","status":"publish","type":"page","link":"https:\/\/www.humboldtforum.org\/de\/social-media-netiquette\/","title":{"rendered":"Social Media Netiquette"},"content":{"rendered":"<section class=\"block block-header-headline hyph-disable\" >\n    <div class=\"container-fluid\">\n        <div class=\"row\">\n\t\t\t\n                            <div class=\"col-xs-12 col-md-offset-2 col-md-8\">\n                    <div class=\"box\">\n                        <h1>Social Media Netiquette<\/h1>\n                    <\/div>\n                <\/div>\n                    <\/div>\n    <\/div>\n<\/section>\n\n\n\n\n<section class=\"block block-copy\" >\n    <div class=\"container-fluid\">\n\t\t<div class=\"row \">\n            <div class=\"col-xs-12 col-md-offset-2 col-md-8\">\n                <div class=\"box\">\n                    <div class=\"copy\"><p>Als Forum f\u00fcr die B\u00fcrger will das Humboldt Forum zur Diskussion anregen \u00fcber existenzielle Fragen, die sich Menschen zu allen Zeiten und in allen Kulturen gestellt haben.<\/p>\n<\/div>\n                <\/div>\n            <\/div>\n\t\t<\/div>\n\t\t    <\/div>\n<\/section>\n\n<section class=\"block block-header\" >\n\t<block-header inline-template>\n\t\t<figure role=\"group\" aria-labelledby=\"desc_m_69e2b2c711397\">\n\n\t\t\t<script type=\"application\/json\" ref=\"data\">\n\t\t\t\t{\n\t\t\t\t\"sizes_d\" : {\"medium\":{\"file\":\"22A3148-scaled-300x197.jpg\",\"width\":300,\"height\":197,\"mime-type\":\"image\\\/jpeg\"},\"large\":{\"file\":\"22A3148-scaled-1024x672.jpg\",\"width\":1024,\"height\":672,\"mime-type\":\"image\\\/jpeg\"},\"thumbnail\":{\"file\":\"22A3148-scaled-150x150.jpg\",\"width\":150,\"height\":150,\"mime-type\":\"image\\\/jpeg\"},\"medium_large\":{\"file\":\"22A3148-scaled-768x504.jpg\",\"width\":768,\"height\":504,\"mime-type\":\"image\\\/jpeg\"},\"small\":{\"file\":\"22A3148-scaled-440x289.jpg\",\"width\":440,\"height\":289,\"mime-type\":\"image\\\/jpeg\"},\"semi\":{\"file\":\"22A3148-scaled-580x381.jpg\",\"width\":580,\"height\":381,\"mime-type\":\"image\\\/jpeg\"},\"mobile\":{\"file\":\"22A3148-scaled-720x473.jpg\",\"width\":720,\"height\":473,\"mime-type\":\"image\\\/jpeg\"},\"hd\":{\"file\":\"22A3148-scaled-1280x841.jpg\",\"width\":1280,\"height\":841,\"mime-type\":\"image\\\/jpeg\"},\"full\":{\"file\":\"22A3148-scaled-1920x1261.jpg\",\"width\":1920,\"height\":1261,\"mime-type\":\"image\\\/jpeg\"},\"1536x1536\":{\"file\":\"22A3148-scaled-1536x1009.jpg\",\"width\":1536,\"height\":1009,\"mime-type\":\"image\\\/jpeg\"},\"2048x2048\":{\"file\":\"22A3148-scaled-2048x1345.jpg\",\"width\":2048,\"height\":1345,\"mime-type\":\"image\\\/jpeg\"},\"original\":{\"file\":\"22A3148-scaled.jpg\",\"width\":2560,\"height\":1681}},\n\t\t\t\t\"alt_d\" : \"Eine Person mit Kopfh\\u00f6rern fotografiert ein abstraktes Kunstwerk an der Wand mit ihrem Smartphone.\",\n\t\t\t\t\"path_d\" : \"\\\/wp-content\\\/uploads\\\/2020\\\/02\\\/\",\n\t\t\t\t\"autoplay_d\" : null,\n\t\t\t\t\"crop_d\" : {\"top\":\"58.65\",\"left\":\"37.04\"},\n\t\t\t\t\"background_d\" : true,\n\t\t\t\t\"scale_d\" : 2,\n\n\t\t\t\t\"sizes_m\" : [],\n\t\t\t\t\"alt_m\" : null,\n\t\t\t\t\"path_m\" : null,\n\t\t\t\t\"autoplay_m\" : null,\n\t\t\t\t\"crop_m\" : null,\n\t\t\t\t\"background_m\" : true,\n\t\t\t\t\"scale_m\" : 1,\n\n\t\t\t\t\"has_mobile_format\" : false,\n\t\t\t\t\"has_ad\" : false,\n\t\t\t\t\"audio_description_yt\" : null\t\t\t\t}\n\t\t\t<\/script>\n\t\t\t<div class=\"height-container\" style=\"padding-bottom:65.6640625%;\" v-if=\"sizes\" data-motion-parallax='{\"child\":\".image-wrapper\",\"mask\":\".lazy-media\",\"tween\":{\"yPercent\": [-15,15]}}'>\n\t\t\t\t<lazy-media :inline=\"true\" :scale=\"scale\" :alt=\"alt\" :sizes=\"sizes\" :brightness=\"brightness\" :path=\"path\" :video=\"video\" :autoplay=\"autoplay\" :youtube=\"youtube\" :crop=\"crop\" :youtubelabel=\"youtubelabel\" :background=\"background\" media-id=\"desc_m_69e2b2c711397\"><\/lazy-media>\n\t\t\t\t<button class=\"autoplay-audio-description-btn icon-background icon-audio-describtions\" @click=\"audioDescriptionPlay\" v-if=\"hasAudioDescription\" aria-label=\"Audiodeskription aufrufen\"><\/button>\n\t\t\t<\/div>\n\t\t\t\t\t\t<div class=\"lazy-media-info-container-fluid\">\n\t\t\t\t<div class=\"lazy-media-info-row end-xs\">\n\t\t\t\t\t<div class=\"lazy-media-info-col\">\n\t\t\t\t\t\t<div class=\"lazy-media-info\" aria-expanded=\"false\" :aria-expanded=\"isOpen ? 'true' : 'false'\">\n\t\t\t\t\t\t\t<button class=\"lazy-media-info-head button-tiny insignificant\" :class=\"{'button-active': isOpen}\" @click=\"toggle\" ref=\"head\"><span class=\"button-label insignificant\">Bildinfo<\/span><\/button>\n\t\t\t\t\t\t\t<figcaption class=\"lazy-media-info-body\" ref=\"body\" id=\"desc_m_69e2b2c711397\">\n\t\t\t\t\t\t\t\t<div class=\"lazy-media-info-body-content\">\n\t\t\t\t\t\t\t\t\t<div>Mixed Reality-Anwendung &bdquo;Juyeco Humboldt&ldquo; von 4Direcciones Audio Visionaries aus Bogot&aacute;, 2019.\n<\/div>\t\t\t\t\t\t\t\t\t\t\t\t\t\t\t\t\t\t<div class=\"insignificant\">\u00a9 SHF \/ David von Becker<\/div>\t\t\t\t\t\t\t\t<\/div>\n\t\t\t\t\t\t\t<\/figcaption>\n\t\t\t\t\t\t\t<div class=\"lazy-media-info-head-border\"><\/div>\n\t\t\t\t\t\t<\/div>\n\t\t\t\t\t<\/div>\n\t\t\t\t<\/div>\n\t\t\t<\/div>\n\t\t\t\t\t<\/figure>\n\t<\/block-header>\n<\/section>\n\n<section class=\"block block-copy\" >\n    <div class=\"container-fluid\">\n\t\t<div class=\"row \">\n            <div class=\"col-xs-12 col-md-offset-2 col-md-8\">\n                <div class=\"box\">\n                    <div class=\"copy\"><p>Unsere Social Media-Kan\u00e4le bieten hierzu Raum f\u00fcr Austausch und Debatte und wir m\u00f6chten alle dazu motivieren, ihre Ideen, Geschichten und Meinungen mit uns zu teilen. Um sicherzustellen, dass dieser Austausch f\u00fcr alle ein positives Erlebnis wird, m\u00f6chten wir unsere Online-Community um die Beachtung folgender Regeln bitten.<\/p>\n<\/div>\n                <\/div>\n            <\/div>\n\t\t<\/div>\n\t\t    <\/div>\n<\/section>\n\n<section class=\"block block-copy\" >\n    <div class=\"container-fluid\">\n\t\t<div class=\"row \">\n            <div class=\"col-xs-12 col-md-offset-2 col-md-8\">\n                <div class=\"box\">\n                    <div class=\"copy\"><h5>Sch\u00fctze Deine Privatsph\u00e4re<\/h5>\n<p>Bitte teile keine privaten Informationen von Dir oder Dritten. Beitr\u00e4ge, die sensible Informationen \u00fcber Dich oder andere enthalten \u2013 Anschrift, E-Mail-Adresse, Telefonnummer usw. \u2013 werden von uns entfernt.<\/p>\n<h5>Bleib bei der Sache<\/h5>\n<p>Wir freuen uns \u00fcber Diskussionen jeglicher Art \u2013 wenn sie an der richtigen Stelle gef\u00fchrt werden. Bitte kommentiere immer unter dem Post, zu dem Dein Beitrag inhaltlich passt und wiederhole nicht die gleiche Nachricht in anderen Zusammenh\u00e4ngen. Beitr\u00e4ge ohne Bezug zur laufenden Diskussion k\u00f6nnen entfernt werden.<\/p>\n<h5>Jeder spricht f\u00fcr sich<\/h5>\n<p>Die Ansichten unserer Fans und Follower entsprechen nicht notwendigerweise den Ansichten des Humboldt Forums, wie auch die Positionen unserer Angestellten und Partner nicht unbedingt den Ansichten des Humboldt Forums entsprechen m\u00fcssen.<\/p>\n<h5>Respektiere andere Positionen<\/h5>\n<p>Vermeide geh\u00e4ssige, diffamierende, obsz\u00f6ne, diskriminierende und beleidigende Kommentare, Fotos und Videos sowie Beitr\u00e4ge, die andere Diskutanten pers\u00f6nlich angreifen. Beitr\u00e4ge dieser Art k\u00f6nnen gel\u00f6scht werden. Rassistische und fremdenfeindliche Kommentare werden nicht toleriert und f\u00fchren dazu, dass Du blockiert wirst.<\/p>\n<h5>Betreibe keine Werbung<\/h5>\n<p>Vermeide Beitr\u00e4ge, die andere oder Dich selber bewerben. Wir entfernen alle Links, Bilder und Videos, die f\u00fcr Personen, Produkte oder Dienstleistungen Dritter Werbung machen.<\/p>\n<h5>Verletze nicht das geistige Eigentum Dritter<\/h5>\n<p>Bitte poste keine gesch\u00fctzten Inhalte, deren rechtlicher Eigent\u00fcmer Du nicht bist. Logos, Grafiken, Texte, Bilder und Videos, bei denen wir eine Verletzung des Urheberrechts feststellen, werden von uns entfernt.<\/p>\n<h5>Wie Du uns erreichst<\/h5>\n<p>Wir betreuen unsere Kan\u00e4le Montags bis Freitags von 9 bis 17 Uhr (au\u00dfer an bundesdeutschen Feiertagen). Wir versuchen alle Anfragen umgehend zu beantworten, aber wir bitten um Verst\u00e4ndnis, dass die Bearbeitungszeit je nach Anfrage variieren kann. N\u00e4here Informationen zum Humboldt Forum, zu unseren Ausstellungen und Veranstaltungen sowie zum Bau findest Du auch auf unserer Website. Wenn Du nicht das findest, wonach Du suchst, oder wir innerhalb von 48 Stunden nicht auf Deine Anfrage \u00fcber einen unserer Social Media-Kan\u00e4le geantwortet haben, schreib uns bitte eine E-Mail an\u00a0<a href=\"mailto:info@humboldtforum.org\">info@humboldtforum.org<\/a>.<\/p>\n<\/div>\n                <\/div>\n            <\/div>\n\t\t<\/div>\n\t\t    <\/div>\n<\/section>\n\n<section class=\"block block-CTA block-CTA-long leftgradient\">\n\t<div class=\"container-fluid\">\n\t\t<div class=\"row center-xs\">\n\t\t\t<div class=\"col-xs-12\">\n\t\t\t\t<div class=\"box\">\n\t\t\t\t\t<a href=\"https:\/\/www.facebook.com\/humboldtforumberlin\" aria-label=\"Folge uns auf Facebook\" class=\"teaser teaser-cta-wide \">\n\t\t\t\t\t\t<div class=\"teaser-image\">\n\t\t\t\t\t\t\t\t\t\t\t\t\t<\/div>\n\t\t\t\t\t\t<div class=\"teaser-content \">\n\t\t\t\t\t\t\t<div>\n\t\t\t\t\t\t\t\t\t\t\t\t\t\t\t\t<div class=\"teaser-header\"><span class=\"h3\">Folge uns auf Facebook<\/span><\/div>\n\t\t\t\t\t\t\t\t\t\t\t\t\t\t\t\t<button tabindex=\"-1\" class=\"border\">Jetzt liken<\/button>\n\t\t\t\t\t\t\t<\/div>\n\t\t\t\t\t\t<\/div>\n\t\t\t\t\t<\/a>\n\t\t\t\t<\/div>\n\t\t\t<\/div>\n\t\t<\/div>\n\t<\/div>\n<\/section>\n\n\n<section class=\"block block-headline block-no-margin  hyph-disable\" >\n\t<div class=\"container-fluid\">\n\t\t<div class=\"row\">\n\t\t\t\t\t\t\t<div class=\"col-xs-12\">\n\t\t\t\t\t<div class=\"box\">\n\t\t\t\t\t\t<h2 class=\".h3\">Wo Du uns findest<\/h2>\n\t\t\t\t\t<\/div>\n\t\t\t\t<\/div>\n\t\t\t\t\t<\/div>\n\t<\/div>\n<\/section>\n\n\n\n\n<section class=\"block block-nba\">\n    <div class=\"container-fluid\">\n        <div class=\"row\">\n            <div class=\"col-xs-12\">\n                <div class=\"box\">\n\t\t\t\t\t\t\t\t\t\t\t\t\t<a href=\"https:\/\/www.facebook.com\/humboldtforumberlin\/\" class=\"nba-button\" role=\"button\" target=\"_blank\">\n\t\t\t\t\t\t\t\t\t<div class=\"subline\"><\/div>\n\t\t\t\t\t\t\t\t\t<div class=\"button-label\">Facebook<\/div>\n\t\t\t\t\t\t\t\t<\/a>\n\t\t\t\t\t\t\t\t\t\t\t\t\t\t\t<a href=\"https:\/\/www.instagram.com\/humboldtforum\/\" class=\"nba-button\" role=\"button\" target=\"_blank\">\n\t\t\t\t\t\t\t\t\t<div class=\"subline\"><\/div>\n\t\t\t\t\t\t\t\t\t<div class=\"button-label\">Instagram<\/div>\n\t\t\t\t\t\t\t\t<\/a>\n\t\t\t\t\t\t\t\t\t\t\t\t\t\t\t<a href=\"https:\/\/www.youtube.com\/channel\/UCmEctwtyMRN_o6cILZDczXw\" class=\"nba-button\" role=\"button\" target=\"_blank\">\n\t\t\t\t\t\t\t\t\t<div class=\"subline\"><\/div>\n\t\t\t\t\t\t\t\t\t<div class=\"button-label\">YouTube<\/div>\n\t\t\t\t\t\t\t\t<\/a>\n\t\t\t\t\t\t\t                <\/div>\n            <\/div>\n        <\/div>\n    <\/div>\n<\/section>\n\n<section class=\"block block-teaser col-4 \" style=\"\">\n\t\t\t\t\t\t<div class=\"container-fluid\">\n\t\t\t\t\t\t\t\t\t<div class=\"row\">\n\t\t\t\t\t\t<div class=\"col-xs-12\">\n\t\t\t\t\t\t\t<h3 class=\"h4 topline\">Weitere Infos<\/h4>\n\t\t\t\t\t\t<\/div>\n\t\t\t\t\t<\/div>\n\t\t\t\t\t\t\t\t<ul class=\"row\">\n\n\t\t\t\t<li class=\"col-xs-6 col-md-3 col-padding-remove teaser-wrapper teaser-wrapper-tight\">\n\t<div class=\"box\">\n\t\t<a href=\"https:\/\/www.humboldtforum.org\/de\/programm\/\" class=\"teaser teaser-page\">\n\t\t\t<div class=\"teaser-image teaser-image-full footer-gradient\">\n\t\t\t\t\n\t<lazy-media-inline inline-template>\n\t\t<figure itemscope itemtype=\"http:\/\/schema.org\/ImageObject\" class=\"lazy-media-inline \" role=\"group\" id=\"media_69e2b2c71b65a\" aria-labelledby=\"desc_media_69e2b2c71b65a\">\n\t\t\t<script type=\"application\/json\" ref=\"data\">\n\t\t\t\t{\n\t\t\t\t\"sizes\" : {\"medium\":{\"file\":\"SHF_eb00104235-300x210.jpeg\",\"width\":300,\"height\":210,\"mime-type\":\"image\\\/jpeg\"},\"large\":{\"file\":\"SHF_eb00104235-1024x719.jpeg\",\"width\":1024,\"height\":719,\"mime-type\":\"image\\\/jpeg\"},\"thumbnail\":{\"file\":\"SHF_eb00104235-150x150.jpeg\",\"width\":150,\"height\":150,\"mime-type\":\"image\\\/jpeg\"},\"medium_large\":{\"file\":\"SHF_eb00104235-768x539.jpeg\",\"width\":768,\"height\":539,\"mime-type\":\"image\\\/jpeg\"},\"small\":{\"file\":\"SHF_eb00104235-440x309.jpeg\",\"width\":440,\"height\":309,\"mime-type\":\"image\\\/jpeg\"},\"semi\":{\"file\":\"SHF_eb00104235-580x407.jpeg\",\"width\":580,\"height\":407,\"mime-type\":\"image\\\/jpeg\"},\"mobile\":{\"file\":\"SHF_eb00104235-720x505.jpeg\",\"width\":720,\"height\":505,\"mime-type\":\"image\\\/jpeg\"},\"hd\":{\"file\":\"SHF_eb00104235-1280x898.jpeg\",\"width\":1280,\"height\":898,\"mime-type\":\"image\\\/jpeg\"},\"full\":{\"file\":\"SHF_eb00104235-1920x1347.jpeg\",\"width\":1920,\"height\":1347,\"mime-type\":\"image\\\/jpeg\"},\"1536x1536\":{\"file\":\"SHF_eb00104235-1536x1078.jpeg\",\"width\":1536,\"height\":1078,\"mime-type\":\"image\\\/jpeg\"},\"original\":{\"file\":\"SHF_eb00104235.jpeg\",\"width\":2048,\"height\":1437}},\n\t\t\t\t\"alt\" : \"Ein Blick in einen modernen Innenraum mit hoher Decke, hellen W\\u00e4nden und zentralem Empfangstresen.\",\n\t\t\t\t\"path\" : \"\\\/wp-content\\\/uploads\\\/2021\\\/07\\\/\",\n\t\t\t\t\"video\" : null,\n\t\t\t\t\"autoplay\" : null,\n\t\t\t\t\"youtube\" : null,\n\t\t\t\t\"youtubelabel\" : \"Video abspielen\",\n\t\t\t\t\"brightness\" : 100,\n\t\t\t\t\"crop\" : {\"top\":\"49.41\",\"left\":\"26.06\"},\n\t\t\t\t\"background\" : true,\n\t\t\t\t\"scale\" : 4\t\t\t\t}\n\t\t\t<\/script>\n\n\t\t\t<div class=\"height-container\" style=\"padding-bottom:70.166015625%;\" v-if=\"sizes\">\n\t\t\t\t\t\t\t\t<lazy-media :inline=\"true\" :alt=\"alt\" :sizes=\"sizes\" :scale=\"scale\" :brightness=\"brightness\" :path=\"path\" :video=\"video\" :autoplay=\"autoplay\" :youtube=\"youtube\" :crop=\"crop\" :youtubelabel=\"youtubelabel\" :background=\"background\" media-id=\"desc_media_69e2b2c71b65a\"><\/lazy-media>\n\t\t\t\t\t\t\t<\/div>\n\n\t\t\t\t\t\t\t<figcaption class=\"sr-only\" ref=\"body\" id=\"desc_media_69e2b2c71b65a\">\n\t\t\t\t\t\t\t\t\t\t\t\t\t\t\t\t\t\t\t<\/figcaption>\n\t\t\t\t\t<\/figure>\n\t<\/lazy-media-inline>\n\t\t\t<\/div>\n\t\t\t<div class=\"teaser-header\"><div>\n\t\t\t\t\n\t\t\t\t\t\t<span class=\"h4 mobile-smaller-headline\">Programm<\/span>\n\t\t\t\t\t\t\t\t<\/div><\/div>\n\t\t<\/a>\n\t<\/div>\n<\/li><li class=\"col-xs-6 col-md-3 col-padding-remove teaser-wrapper teaser-wrapper-tight\">\n\t<div class=\"box\">\n\t\t<a href=\"https:\/\/www.humboldtforum.org\/de\/magazin\/\" class=\"teaser teaser-page\">\n\t\t\t<div class=\"teaser-image teaser-image-full footer-gradient\">\n\t\t\t\t\n\t<lazy-media-inline inline-template>\n\t\t<figure itemscope itemtype=\"http:\/\/schema.org\/ImageObject\" class=\"lazy-media-inline \" role=\"group\" id=\"media_69e2b2c71c645\" aria-labelledby=\"desc_media_69e2b2c71c645\">\n\t\t\t<script type=\"application\/json\" ref=\"data\">\n\t\t\t\t{\n\t\t\t\t\"sizes\" : {\"medium\":{\"file\":\"HF_eb00025640-scaled-300x200.jpg\",\"width\":300,\"height\":200,\"mime-type\":\"image\\\/jpeg\"},\"large\":{\"file\":\"HF_eb00025640-scaled-1024x683.jpg\",\"width\":1024,\"height\":683,\"mime-type\":\"image\\\/jpeg\"},\"thumbnail\":{\"file\":\"HF_eb00025640-scaled-150x150.jpg\",\"width\":150,\"height\":150,\"mime-type\":\"image\\\/jpeg\"},\"medium_large\":{\"file\":\"HF_eb00025640-scaled-768x512.jpg\",\"width\":768,\"height\":512,\"mime-type\":\"image\\\/jpeg\"},\"small\":{\"file\":\"HF_eb00025640-scaled-440x293.jpg\",\"width\":440,\"height\":293,\"mime-type\":\"image\\\/jpeg\"},\"semi\":{\"file\":\"HF_eb00025640-scaled-580x387.jpg\",\"width\":580,\"height\":387,\"mime-type\":\"image\\\/jpeg\"},\"mobile\":{\"file\":\"HF_eb00025640-scaled-720x480.jpg\",\"width\":720,\"height\":480,\"mime-type\":\"image\\\/jpeg\"},\"hd\":{\"file\":\"HF_eb00025640-scaled-1280x854.jpg\",\"width\":1280,\"height\":854,\"mime-type\":\"image\\\/jpeg\"},\"full\":{\"file\":\"HF_eb00025640-scaled-1920x1280.jpg\",\"width\":1920,\"height\":1280,\"mime-type\":\"image\\\/jpeg\"},\"1536x1536\":{\"file\":\"HF_eb00025640-scaled-1536x1024.jpg\",\"width\":1536,\"height\":1024,\"mime-type\":\"image\\\/jpeg\"},\"2048x2048\":{\"file\":\"HF_eb00025640-scaled-2048x1366.jpg\",\"width\":2048,\"height\":1366,\"mime-type\":\"image\\\/jpeg\"},\"original\":{\"file\":\"HF_eb00025640-scaled.jpg\",\"width\":2560,\"height\":1707}},\n\t\t\t\t\"alt\" : \"Eine Person h\\u00e4lt eine gedruckte Zeitung mit dem Titel \\\"Humboldt Forum\\\".\",\n\t\t\t\t\"path\" : \"\\\/wp-content\\\/uploads\\\/2020\\\/04\\\/\",\n\t\t\t\t\"video\" : null,\n\t\t\t\t\"autoplay\" : null,\n\t\t\t\t\"youtube\" : null,\n\t\t\t\t\"youtubelabel\" : \"Video abspielen\",\n\t\t\t\t\"brightness\" : 100,\n\t\t\t\t\"crop\" : {\"top\":\"52.69\",\"left\":\"52.11\"},\n\t\t\t\t\"background\" : true,\n\t\t\t\t\"scale\" : 4\t\t\t\t}\n\t\t\t<\/script>\n\n\t\t\t<div class=\"height-container\" style=\"padding-bottom:66.6796875%;\" v-if=\"sizes\">\n\t\t\t\t\t\t\t\t<lazy-media :inline=\"true\" :alt=\"alt\" :sizes=\"sizes\" :scale=\"scale\" :brightness=\"brightness\" :path=\"path\" :video=\"video\" :autoplay=\"autoplay\" :youtube=\"youtube\" :crop=\"crop\" :youtubelabel=\"youtubelabel\" :background=\"background\" media-id=\"desc_media_69e2b2c71c645\"><\/lazy-media>\n\t\t\t\t\t\t\t<\/div>\n\n\t\t\t\t\t\t\t<figcaption class=\"sr-only\" ref=\"body\" id=\"desc_media_69e2b2c71c645\">\n\t\t\t\t\t\t\t\t\t\t\t\t\t\t\t\t\t\t\t\t\t<div class=\"insignificant\">\u00a9 SHF \/ David von Becker<\/div>\n\t\t\t\t\t\t\t\t\t<\/figcaption>\n\t\t\t\t\t<\/figure>\n\t<\/lazy-media-inline>\n\t\t\t<\/div>\n\t\t\t<div class=\"teaser-header\"><div>\n\t\t\t\t\n\t\t\t\t\t\t<span class=\"h4 mobile-smaller-headline\">Magazin<\/span>\n\t\t\t\t\t\t\t\t<\/div><\/div>\n\t\t<\/a>\n\t<\/div>\n<\/li><li class=\"col-xs-6 col-md-3 col-padding-remove teaser-wrapper teaser-wrapper-tight\">\n\t<div class=\"box\">\n\t\t<a href=\"https:\/\/www.humboldtforum.org\/de\/faq\/\" class=\"teaser teaser-page\">\n\t\t\t<div class=\"teaser-image teaser-image-full footer-gradient\">\n\t\t\t\t\n\t<lazy-media-inline inline-template>\n\t\t<figure itemscope itemtype=\"http:\/\/schema.org\/ImageObject\" class=\"lazy-media-inline \" role=\"group\" id=\"media_69e2b2c71d7cd\" aria-labelledby=\"desc_media_69e2b2c71d7cd\">\n\t\t\t<script type=\"application\/json\" ref=\"data\">\n\t\t\t\t{\n\t\t\t\t\"sizes\" : {\"medium\":{\"file\":\"HF_eb00040217_169-scaled-214x300.jpg\",\"width\":214,\"height\":300,\"mime-type\":\"image\\\/jpeg\"},\"large\":{\"file\":\"HF_eb00040217_169-scaled-731x1024.jpg\",\"width\":731,\"height\":1024,\"mime-type\":\"image\\\/jpeg\"},\"thumbnail\":{\"file\":\"HF_eb00040217_169-scaled-150x150.jpg\",\"width\":150,\"height\":150,\"mime-type\":\"image\\\/jpeg\"},\"medium_large\":{\"file\":\"HF_eb00040217_169-scaled-768x1076.jpg\",\"width\":768,\"height\":1076,\"mime-type\":\"image\\\/jpeg\"},\"small\":{\"file\":\"HF_eb00040217_169-scaled-314x440.jpg\",\"width\":314,\"height\":440,\"mime-type\":\"image\\\/jpeg\"},\"semi\":{\"file\":\"HF_eb00040217_169-scaled-414x580.jpg\",\"width\":414,\"height\":580,\"mime-type\":\"image\\\/jpeg\"},\"mobile\":{\"file\":\"HF_eb00040217_169-scaled-514x720.jpg\",\"width\":514,\"height\":720,\"mime-type\":\"image\\\/jpeg\"},\"hd\":{\"file\":\"HF_eb00040217_169-scaled-914x1280.jpg\",\"width\":914,\"height\":1280,\"mime-type\":\"image\\\/jpeg\"},\"full\":{\"file\":\"HF_eb00040217_169-scaled-1371x1920.jpg\",\"width\":1371,\"height\":1920,\"mime-type\":\"image\\\/jpeg\"},\"1536x1536\":{\"file\":\"HF_eb00040217_169-scaled-1097x1536.jpg\",\"width\":1097,\"height\":1536,\"mime-type\":\"image\\\/jpeg\"},\"2048x2048\":{\"file\":\"HF_eb00040217_169-scaled-1462x2048.jpg\",\"width\":1462,\"height\":2048,\"mime-type\":\"image\\\/jpeg\"},\"original\":{\"file\":\"HF_eb00040217_169-scaled.jpg\",\"width\":1828,\"height\":2560}},\n\t\t\t\t\"alt\" : \"Perspektivische Aufnahme einer Diskussion in einem Raum mit Menschen und Fensterfront, Licht und Schatten spielen eine Rolle.\",\n\t\t\t\t\"path\" : \"\\\/wp-content\\\/uploads\\\/2020\\\/05\\\/\",\n\t\t\t\t\"video\" : null,\n\t\t\t\t\"autoplay\" : null,\n\t\t\t\t\"youtube\" : null,\n\t\t\t\t\"youtubelabel\" : \"Video abspielen\",\n\t\t\t\t\"brightness\" : 100,\n\t\t\t\t\"crop\" : {\"top\":\"50.00\",\"left\":\"50.00\"},\n\t\t\t\t\"background\" : true,\n\t\t\t\t\"scale\" : 4\t\t\t\t}\n\t\t\t<\/script>\n\n\t\t\t<div class=\"height-container\" style=\"padding-bottom:140.04376367615%;\" v-if=\"sizes\">\n\t\t\t\t\t\t\t\t<lazy-media :inline=\"true\" :alt=\"alt\" :sizes=\"sizes\" :scale=\"scale\" :brightness=\"brightness\" :path=\"path\" :video=\"video\" :autoplay=\"autoplay\" :youtube=\"youtube\" :crop=\"crop\" :youtubelabel=\"youtubelabel\" :background=\"background\" media-id=\"desc_media_69e2b2c71d7cd\"><\/lazy-media>\n\t\t\t\t\t\t\t<\/div>\n\n\t\t\t\t\t\t\t<figcaption class=\"sr-only\" ref=\"body\" id=\"desc_media_69e2b2c71d7cd\">\n\t\t\t\t\t\t\t\t\t\t\t<div>&bdquo;[Small Talks] Sprachwissenschaft meets Poetry Slam&ldquo; mit Bas B&ouml;ttcher, 2018.<\/div>\n\t\t\t\t\t\t\t\t\t\t\t\t\t\t\t\t\t\t\t\t\t<div class=\"insignificant\">\u00a9 SHF \/ David von Becker<\/div>\n\t\t\t\t\t\t\t\t\t<\/figcaption>\n\t\t\t\t\t<\/figure>\n\t<\/lazy-media-inline>\n\t\t\t<\/div>\n\t\t\t<div class=\"teaser-header\"><div>\n\t\t\t\t\n\t\t\t\t\t\t<span class=\"h4 mobile-smaller-headline\">FAQ<\/span>\n\t\t\t\t\t\t\t\t<\/div><\/div>\n\t\t<\/a>\n\t<\/div>\n<\/li>\t\t\t\t<\/ul>\n\t\t\t<\/div>\n\t\t\t<\/section>","protected":false},"excerpt":{"rendered":"<p>Als Forum f\u00fcr die B\u00fcrger will das Humboldt Forum zur Diskussion anregen \u00fcber existenzielle Fragen, die sich Menschen zu allen Zeiten und in allen Kulturen gestellt haben.<\/p>\n","protected":false},"author":30,"featured_media":319,"parent":0,"menu_order":0,"comment_status":"closed","ping_status":"closed","template":"","meta":{"_acf_changed":false,"footnotes":""},"class_list":["post-177","page","type-page","status-publish","has-post-thumbnail","hentry"],"acf":[],"_links":{"self":[{"href":"https:\/\/www.humboldtforum.org\/de\/wp-json\/wp\/v2\/pages\/177","targetHints":{"allow":["GET"]}}],"collection":[{"href":"https:\/\/www.humboldtforum.org\/de\/wp-json\/wp\/v2\/pages"}],"about":[{"href":"https:\/\/www.humboldtforum.org\/de\/wp-json\/wp\/v2\/types\/page"}],"author":[{"embeddable":true,"href":"https:\/\/www.humboldtforum.org\/de\/wp-json\/wp\/v2\/users\/30"}],"replies":[{"embeddable":true,"href":"https:\/\/www.humboldtforum.org\/de\/wp-json\/wp\/v2\/comments?post=177"}],"version-history":[{"count":0,"href":"https:\/\/www.humboldtforum.org\/de\/wp-json\/wp\/v2\/pages\/177\/revisions"}],"wp:featuredmedia":[{"embeddable":true,"href":"https:\/\/www.humboldtforum.org\/de\/wp-json\/wp\/v2\/media\/319"}],"wp:attachment":[{"href":"https:\/\/www.humboldtforum.org\/de\/wp-json\/wp\/v2\/media?parent=177"}],"curies":[{"name":"wp","href":"https:\/\/api.w.org\/{rel}","templated":true}]}}