{"id":25339,"date":"2021-06-24T09:21:49","date_gmt":"2021-06-24T07:21:49","guid":{"rendered":"https:\/\/www.humboldtforum.org\/?page_id=25339"},"modified":"2025-04-04T09:52:15","modified_gmt":"2025-04-04T07:52:15","slug":"newsletter-2","status":"publish","type":"page","link":"https:\/\/www.humboldtforum.org\/de\/newsletter-2\/","title":{"rendered":"Newsletter"},"content":{"rendered":"<section class=\"block block-header-headline hyph-disable\" >\n    <div class=\"container-fluid\">\n        <div class=\"row\">\n\t\t\t\t\t\t\t<div class=\"col-xs-12 col-md-8\">\n\t\t\t\t\t<div class=\"box\">\n\t\t\t\t\t\t<div class=\"subline\">Newsletter<\/div>\n\t\t\t\t\t<\/div>\n\t\t\t\t<\/div>\n\t\t\t\n                            <div class=\"col-xs-12 col-md-8\">\n                    <div class=\"box\">\n                        <h1>Bleiben Sie auf dem Laufenden!<\/h1>\n                    <\/div>\n                <\/div>\n                    <\/div>\n    <\/div>\n<\/section>\n\n\n\n\n<section class=\"block block-copy\" >\n    <div class=\"container-fluid\">\n\t\t<div class=\"row \">\n            <div class=\"col-xs-12 col-md-8\">\n                <div class=\"box\">\n                    <div class=\"copy\"><p>Sie m\u00f6chten nichts verpassen? Gern senden wir Ihnen Informationen zu unseren Ausstellungen, Veranstaltungen, Workshops, F\u00fchrungen und zu unserem gesamten Programm zu. Mit der Anmeldung erhalten Sie unseren Newsletter und Benachrichtigungen zu Ihren Interessen.<\/p>\n<\/div>\n                <\/div>\n            <\/div>\n\t\t<\/div>\n\t\t    <\/div>\n<\/section>\n\n\n\n<section class=\"block block-form\">\n\t<salesforcenewsletterinterests inline-template>\n\t<form action=\"\/wp-json\/frc\/v1\/submit\/\" method=\"post\" class=\"form-nojs\" id=\"salesforce-form\" novalidate=\"true\" @submit=\"checkform\">\n\n\t<input type=\"hidden\" name=\"00N0900000JgrUT\" value=\"https:\/\/www.humboldtforum.org\/de\/newsletter-2\/\">\n\t<input type=\"hidden\" name=\"oid\" value=\"00D09000001JVYB\">\n\t<input type=\"hidden\" name=\"retURL\" value=\"https:\/\/www.humboldtforum.org\/de\/newsletter-2\/newsletter-danke\/\">\n\t<input type=\"hidden\" name=\"lead_source\" value=\"NL Opt-In Website\">\n\t<input type=\"hidden\" name=\"company\" value=\"individuell\">\n\t<input type=\"hidden\" name=\"00N0900000Io33n\"  v-model=\"consentcode\" value=\"DOI requested\">\n\t<input type=\"hidden\" name=\"00N0900000Io33o\" value=\"DOI requested\">\n\n\t<div class=\"container-fluid\">\n\t\t\n\t\t<div class=\"row\">\n\t\t\t<div class=\"col-xs-12 col-md-8 col-md-offset-2\">\n\t\t\t\t<div class=\"acf-form-fields\">\n\t\t\t\t\t<div class=\"acf-field-type-select\">\n\t\t\t\t\t\t<div class=\"af-label acf-label\"><label for=\"acf-anrede\">Anrede <span class=\"acf-required\">*<\/span><\/label><\/div>\n\t\t\t\t\t\t<div class=\"af-input acf-input\">\n\t\t\t\t\t\t\t<select id=\"acf-anrede\" name=\"salutation\" v-model=\"anrede\">\n\t\t\t\t\t\t\t\t<option value=\"Ms.\">Frau<\/option>\t\n\t\t\t\t\t\t\t\t<option value=\"Mr.\">Herr<\/option>\n\t\t\t\t\t\t\t\t<option value=\"No specification\">Keine Angabe<\/option>\n\t\t\t\t\t\t\t<\/select>\n\t\t\t\t\t\t<\/div>\n\t\t\t\t\t<\/div>\n\t\t\t\t<\/div>\n\t\t\t\t<div class=\"acf-form-fields\">\n\t\t\t\t\t<div v-bind:class=\"{'acf-error' : !firstnameValid}\">\n\t\t\t\t\t\t<div class=\"af-label acf-label\">\n\t\t\t\t\t\t\t<label for=\"first_name\">Vorname <span class=\"acf-required\">*<\/span><\/label>\n\t\t\t\t\t\t<\/div>\n\n\t\t\t\t\t\t<div class=\"af-input acf-input\">\n\t\t\t\t\t\t\t<div class=\"acf-input-wrap\">\n\t\t\t\t\t\t\t\t<input placeholder=\"Vorname\" id=\"first_name\" maxlength=\"80\" required name=\"first_name\" type=\"text\" v-model=\"firstname\" \/>\n\t\t\t\t\t\t\t<\/div>\n\t\t\t\t\t\t<\/div>\n\t\t\t\t\t<\/div>\n\t\t\t\t\t<div v-bind:class=\"{'acf-error' : !nameValid}\">\n\t\t\t\t\t\t<div class=\"af-label acf-label\">\n\t\t\t\t\t\t\t<label for=\"last_name\">Name <span class=\"acf-required\">*<\/span><\/label>\n\t\t\t\t\t\t<\/div>\n\n\t\t\t\t\t\t<div class=\"af-input acf-input\">\n\t\t\t\t\t\t\t<div class=\"acf-input-wrap\">\n\t\t\t\t\t\t\t\t<input placeholder=\"Name\" id=\"last_name\" v-model=\"name\" maxlength=\"80\" required name=\"last_name\" type=\"text\" \/>\n\t\t\t\t\t\t\t<\/div>\n\t\t\t\t\t\t<\/div>\n\t\t\t\t\t<\/div>\n\t\t\t\t\t<div v-bind:class=\"{'acf-error' : !emailValid}\">\n\t\t\t\t\t\t<div class=\"af-label acf-label\">\n\t\t\t\t\t\t\t<label for=\"acf-email\">E-Mail <span class=\"acf-required\">*<\/span><\/label>\n\t\t\t\t\t\t<\/div>\n\n\t\t\t\t\t\t<div class=\"af-input acf-input\">\n\t\t\t\t\t\t\t<div class=\"acf-input-wrap\">\n\t\t\t\t\t\t\t\t<input placeholder=\"E-Mail\" id=\"acf-email\" v-model=\"email\" maxlength=\"255\" required name=\"email\" type=\"email\" \/>\n\t\t\t\t\t\t\t<\/div>\n\t\t\t\t\t\t<\/div>\n\t\t\t\t\t<\/div>\n\t\t\t\t\t<div>\n\t\t\t\t\t\t<div class=\"acf-field-type-select\">\n\t\t\t\t\t\t\t<div class=\"af-label acf-label\"><label for=\"language\">Sprache <span class=\"acf-required\">*<\/span><\/label><\/div>\n\t\t\t\t\t\t\t<div class=\"af-input acf-input\">\n\t\t\t\t\t\t\t\t<select id=\"language\" name=\"00N0900000In1Qf\" v-model=\"language\">\n\t\t\t\t\t\t\t\t\t<option value=\"German\">Deutsch<\/option>\n\t\t\t\t\t\t\t\t\t<option value=\"English\">Englisch<\/option>\n\t\t\t\t\t\t\t\t<\/select>\n\t\t\t\t\t\t\t<\/div>\n\t\t\t\t\t\t<\/div>\n\t\t\t\t\t<\/div>\n\t\t\t\t<\/div>\n\t\t\t<\/div>\n\t\t\t<div class=\"col-xs-12 col-md-4 col-md-offset-2\">\n\t\t\t\t<div class=\"acf-form-fields margin-bottom-sixth\">\n\t\t\t\t\t<span>\n\t\t\t\t\t\t<div class=\"af-field-type-checkbox\">\n\t\t\t\t\t\t\t<div class=\"af-input acf-input\">\n\t\t\t\t\t\t\t\t<div class=\"af-label acf-label\"><label for=\"acf-anrede\">Ihre Interessen f\u00fcr attraktive Angebote.<\/label><\/div>\n\t\t\t\t\t\t\t\t<checkbox-dropdown label=\"Interessen\">\n\t\t\t\t\t\t\t\t\t<ul class=\"acf-checkbox-dropdown-ui acf-hl\">\n\t\t\t\t\t\t\t\t\t\t<li>\n\t\t\t\t\t\t\t\t\t\t\t<input type=\"checkbox\" id=\"00N0900000LhzRY\" v-model=\"interessen['00N0900000LhzRY']\" name=\"00N0900000LhzRY\" value=\"1\">\n\t\t\t\t\t\t\t\t\t\t\t<label for=\"00N0900000LhzRY\">Berlin und die Geschichte des Ortes<\/label>\n\t\t\t\t\t\t\t\t\t\t<\/li>\n\t\t\t\t\t\t\t\t\t\t<li>\n\t\t\t\t\t\t\t\t\t\t\t<input type=\"checkbox\" id=\"00N0900000LhzRd\" v-model=\"interessen['00N0900000LhzRd']\" name=\"00N0900000LhzRd\" value=\"1\">\n\t\t\t\t\t\t\t\t\t\t\t<label for=\"00N0900000LhzRd\">Ethnologische Sammlungen und asiatische Kunst<\/label>\n\t\t\t\t\t\t\t\t\t\t<\/li>\n\t\t\t\t\t\t\t\t\t\t<li>\n\t\t\t\t\t\t\t\t\t\t\t<input type=\"checkbox\" id=\"00N0900000LhzRi\" v-model=\"interessen['00N0900000LhzRi']\" name=\"00N0900000LhzRi\" value=\"1\">\n\t\t\t\t\t\t\t\t\t\t\t<label for=\"00N0900000LhzRi\">Zeitgen\u00f6ssische Kunst<\/label>\n\t\t\t\t\t\t\t\t\t\t<\/li>\n\t\t\t\t\t\t\t\t\t\t<li>\n\t\t\t\t\t\t\t\t\t\t\t<input type=\"checkbox\" id=\"00N0900000LhzRn\" v-model=\"interessen['00N0900000LhzRn']\" name=\"00N0900000LhzRn\" value=\"1\">\n\t\t\t\t\t\t\t\t\t\t\t<label for=\"00N0900000LhzRn\">Diskussionen und Lesungen<\/label>\n\t\t\t\t\t\t\t\t\t\t<\/li>\n\t\t\t\t\t\t\t\t\t\t<li>\n\t\t\t\t\t\t\t\t\t\t\t<input type=\"checkbox\" id=\"00N0900000LhzRs\" v-model=\"interessen['00N0900000LhzRs']\" name=\"00N0900000LhzRs\" value=\"1\">\n\t\t\t\t\t\t\t\t\t\t\t<label for=\"00N0900000LhzRs\">Wissenschaft und Forschung<\/label>\n\t\t\t\t\t\t\t\t\t\t<\/li>\n\t\t\t\t\t\t\t\t\t\t<li>\n\t\t\t\t\t\t\t\t\t\t\t<input type=\"checkbox\" id=\"00N0900000LhzRx\" v-model=\"interessen['00N0900000LhzRx']\" name=\"00N0900000LhzRx\" value=\"1\">\n\t\t\t\t\t\t\t\t\t\t\t<label for=\"00N0900000LhzRx\">Tanz, Theater, Performance<\/label>\n\t\t\t\t\t\t\t\t\t\t<\/li>\n\t\t\t\t\t\t\t\t\t\t<li>\n\t\t\t\t\t\t\t\t\t\t\t<input type=\"checkbox\" id=\"00N0900000LhzS2\" v-model=\"interessen['00N0900000LhzS2']\" name=\"00N0900000LhzS2\" value=\"1\">\n\t\t\t\t\t\t\t\t\t\t\t<label for=\"00N0900000LhzS2\">Musik und Konzerte<\/label>\n\t\t\t\t\t\t\t\t\t\t<\/li>\n\t\t\t\t\t\t\t\t\t\t<li>\n\t\t\t\t\t\t\t\t\t\t\t<input type=\"checkbox\" id=\"00N0900000LhzS7\" v-model=\"interessen['00N0900000LhzS7']\" name=\"00N0900000LhzS7\" value=\"1\">\n\t\t\t\t\t\t\t\t\t\t\t<label for=\"00N0900000LhzS7\">Film und Digital<\/label>\n\t\t\t\t\t\t\t\t\t\t<\/li>\n\t\t\t\t\t\t\t\t\t\t<li>\n\t\t\t\t\t\t\t\t\t\t\t<input type=\"checkbox\" id=\"00N0900000LhzSH\" v-model=\"interessen['00N0900000LhzSH']\" name=\"00N0900000LhzSH\" value=\"1\">\n\t\t\t\t\t\t\t\t\t\t\t<label for=\"00N0900000LhzSH\">Familien, Kinder, Jugendliche<\/label>\n\t\t\t\t\t\t\t\t\t\t<\/li>\n\t\t\t\t\t\t\t\t\t\t<li>\n\t\t\t\t\t\t\t\t\t\t\t<input type=\"checkbox\" id=\"00N0900000LhzSM\" v-model=\"interessen['00N0900000LhzSM']\" name=\"00N0900000LhzSM\" value=\"1\">\n\t\t\t\t\t\t\t\t\t\t\t<label for=\"00N0900000LhzSM\">Workshops und F\u00fchrungen<\/label>\n\t\t\t\t\t\t\t\t\t\t<\/li>\n\t\t\t\t\t\t\t\t\t<\/ul>\n\t\t\t\t\t\t\t\t<\/checkbox-dropdown>\n\t\t\t\t\t\t\t<\/div>\n\t\t\t\t\t\t<\/div>\n\t\t\t\t\t<\/span>\n\t\t\t\t<\/div>\n\t\t\t<\/div>\n\t\t\t<div style=\"display: none\">\t\t\t\t<input type=\"checkbox\" name=\"00NVi000005rKiT\" value=\"true\" id=\"00NVi000005rKiT\">\n\t\t\t\t<label for=\"00NVi000005rKiT\">Sende mir E-Mails<\/label>\n\t\t\t<\/div>\n\t\t\t<div style=\"display: none\">\t\t\t\t<input type=\"checkbox\" name=\"00NVi000007zc7Z\" value=\"true\" id=\"00NVi000007zc7Z\" checked=\"checked\">\n\t\t\t\t<label for=\"00NVi000007zc7Z\">Sende mir SMS<\/label>\n\t\t\t<\/div>\n\t\t\t<div class=\"col-md-8 col-md-offset-2\">\n\t\t\t\t<div class=\"acf-form-fields-full margin-bottom-third\">\n\t\t\t\t\t<div class=\"acf-error margin-bottom-sixth\">\n\t\t\t\t\t\t<label v-if=\"tried2sumit &#038;&#038; !captchaSolved\" class=\"acf-error-message\">*Bitte l\u00f6sen Sie das Captcha<\/label>\n\t\t\t\t\t<\/div>\n\t\t\t\t\t<vue-friendly-captcha sitekey=\"FCMHU57B0UIVCAFK\" @solved=\"onSolved\" @error=\"onError\"><\/vue-friendly-captcha>\n\t\t\t\t<\/div>\n\t\t\t\t<div class=\"acf-form-fields-full margin-bottom-third\" style=\"clear: both\">\n\t\t\t\t\t<div class=\"start-sm center-xs\">\n\t\t\t\t\t\t<button type=\"submit\" class=\"border black prominent\">Anmelden<\/button>\n\t\t\t\t\t<\/div>\n\t\t\t\t<\/div>\n\t\t\t<\/div>\n\n\t\t\t<div class=\"col-md-8 col-md-offset-2\">\n\t\t\t\t<div>\n\t\t\t\t\t<br>\n\t\t\t\t\t<p class=\"Copyright\">Mit der Registrierung erteile ich mein Einverst\u00e4ndnis, dass meine eingetragenen Daten, angegebenen Interessen und uns vorliegende Informationen zum Ticketkauf zum Zweck der Onlinekommunikation sowie zur Verbesserung des Kundenservice elektronisch gespeichert und verarbeitet werden und stimme den <a href='\/de\/datenschutz\/' style='color:black'>Datenschutzbestimmungen<\/a> zu.<\/p>\n\t\t\t\t\t<p>* Pflichtfelder<\/p>\n\t\t\t\t\t<br><br>\n\t\t\t\t<\/div>\n\t\t\t<\/div>\n\t\t<\/div>\n\t<\/form>\n\t<\/salesforcenewsletterinterests>\n<\/section>\n","protected":false},"excerpt":{"rendered":"<p>Sie m\u00f6chten nichts verpassen? Wir senden Ihnen gerne regelm\u00e4\u00dfig Informationen zu unseren Ausstellungen, Veranstaltungen, Workshops, F\u00fchrungen und vielem mehr zu! Abonnieren Sie unseren Newsletter.<\/p>\n","protected":false},"author":30,"featured_media":1124,"parent":0,"menu_order":0,"comment_status":"closed","ping_status":"closed","template":"page-wide.php","meta":{"_acf_changed":false,"footnotes":""},"class_list":["post-25339","page","type-page","status-publish","has-post-thumbnail","hentry"],"acf":[],"_links":{"self":[{"href":"https:\/\/www.humboldtforum.org\/de\/wp-json\/wp\/v2\/pages\/25339","targetHints":{"allow":["GET"]}}],"collection":[{"href":"https:\/\/www.humboldtforum.org\/de\/wp-json\/wp\/v2\/pages"}],"about":[{"href":"https:\/\/www.humboldtforum.org\/de\/wp-json\/wp\/v2\/types\/page"}],"author":[{"embeddable":true,"href":"https:\/\/www.humboldtforum.org\/de\/wp-json\/wp\/v2\/users\/30"}],"replies":[{"embeddable":true,"href":"https:\/\/www.humboldtforum.org\/de\/wp-json\/wp\/v2\/comments?post=25339"}],"version-history":[{"count":7,"href":"https:\/\/www.humboldtforum.org\/de\/wp-json\/wp\/v2\/pages\/25339\/revisions"}],"predecessor-version":[{"id":118832,"href":"https:\/\/www.humboldtforum.org\/de\/wp-json\/wp\/v2\/pages\/25339\/revisions\/118832"}],"wp:featuredmedia":[{"embeddable":true,"href":"https:\/\/www.humboldtforum.org\/de\/wp-json\/wp\/v2\/media\/1124"}],"wp:attachment":[{"href":"https:\/\/www.humboldtforum.org\/de\/wp-json\/wp\/v2\/media?parent=25339"}],"curies":[{"name":"wp","href":"https:\/\/api.w.org\/{rel}","templated":true}]}}