{"id":288,"date":"2020-02-17T17:23:12","date_gmt":"2020-02-17T16:23:12","guid":{"rendered":"https:\/\/www.humboldtforum.org\/?page_id=288"},"modified":"2021-05-12T11:49:51","modified_gmt":"2021-05-12T09:49:51","slug":"features","status":"publish","type":"page","link":"https:\/\/www.humboldtforum.org\/de\/magazin\/features\/","title":{"rendered":"Features"},"content":{"rendered":"<section class=\"block block-magazin-teaser-dossier block-fullscreen-first\">\n\t\t\t\t<div class=\"container-fluid container-fluid-no-padding\">\n\t\t\t<div class=\"\" style='background-color: #bac7d8'>\n\t\t\t<a href=\"https:\/\/www.humboldtforum.org\/de\/magazin\/feature\/eine-welt-in-der-kolonialitaet-nicht-mehr-moeglich-ist\/\" class=\"teaser teaser-magazine-dossier-full\">\n\t\t\t\t<div class=\"row  align-left\">\n\t\t\t\t\t<div class=\"col-xs-12 col-sm-6 teaser-image\">\n\t\t\t\t\t\t\n\t<lazy-media-inline inline-template>\n\t\t<figure itemscope itemtype=\"http:\/\/schema.org\/ImageObject\" class=\"lazy-media-inline \" role=\"group\" id=\"media_69d690981ffd6\" aria-labelledby=\"desc_media_69d690981ffd6\">\n\t\t\t<script type=\"application\/json\" ref=\"data\">\n\t\t\t\t{\n\t\t\t\t\"sizes\" : {\"medium\":{\"file\":\"SHF_eb00217276-300x300.jpg\",\"width\":300,\"height\":300,\"mime-type\":\"image\\\/jpeg\",\"filesize\":25165},\"large\":{\"file\":\"SHF_eb00217276-1024x1024.jpg\",\"width\":1024,\"height\":1024,\"mime-type\":\"image\\\/jpeg\",\"filesize\":197053},\"thumbnail\":{\"file\":\"SHF_eb00217276-150x150.jpg\",\"width\":150,\"height\":150,\"mime-type\":\"image\\\/jpeg\",\"filesize\":7885},\"medium_large\":{\"file\":\"SHF_eb00217276-768x768.jpg\",\"width\":768,\"height\":768,\"mime-type\":\"image\\\/jpeg\",\"filesize\":122037},\"small\":{\"file\":\"SHF_eb00217276-440x440.jpg\",\"width\":440,\"height\":440,\"mime-type\":\"image\\\/jpeg\",\"filesize\":47375},\"semi\":{\"file\":\"SHF_eb00217276-580x580.jpg\",\"width\":580,\"height\":580,\"mime-type\":\"image\\\/jpeg\",\"filesize\":77074},\"mobile\":{\"file\":\"SHF_eb00217276-720x720.jpg\",\"width\":720,\"height\":720,\"mime-type\":\"image\\\/jpeg\",\"filesize\":109958},\"hd\":{\"file\":\"SHF_eb00217276-1280x1280.jpg\",\"width\":1280,\"height\":1280,\"mime-type\":\"image\\\/jpeg\",\"filesize\":283094},\"original\":{\"file\":\"SHF_eb00217276.jpg\",\"width\":1500,\"height\":1500}},\n\t\t\t\t\"alt\" : \"Schwarz-wei\\u00dfes Stadtbild in einem gelben Rahmen, mit Worten zu Kolonialismus und Rassismus im Hintergrund.\",\n\t\t\t\t\"path\" : \"\\\/wp-content\\\/uploads\\\/2024\\\/02\\\/\",\n\t\t\t\t\"video\" : null,\n\t\t\t\t\"autoplay\" : null,\n\t\t\t\t\"youtube\" : null,\n\t\t\t\t\"youtubelabel\" : \"Video abspielen\",\n\t\t\t\t\"brightness\" : 100,\n\t\t\t\t\"crop\" : null,\n\t\t\t\t\"background\" : true,\n\t\t\t\t\"scale\" : 1\t\t\t\t}\n\t\t\t<\/script>\n\n\t\t\t<div class=\"height-container\" style=\"padding-bottom:100%;\" v-if=\"sizes\">\n\t\t\t\t\t\t\t\t<lazy-media :inline=\"true\" :alt=\"alt\" :sizes=\"sizes\" :scale=\"scale\" :brightness=\"brightness\" :path=\"path\" :video=\"video\" :autoplay=\"autoplay\" :youtube=\"youtube\" :crop=\"crop\" :youtubelabel=\"youtubelabel\" :background=\"background\" media-id=\"desc_media_69d690981ffd6\"><\/lazy-media>\n\t\t\t\t\t\t\t<\/div>\n\n\t\t\t\t\t\t\t<figcaption class=\"sr-only\" ref=\"body\" id=\"desc_media_69d690981ffd6\">\n\t\t\t\t\t\t\t\t\t\t\t\t\t\t\t\t\t\t\t\t\t<div class=\"insignificant\">\u00a9 Stiftung Humboldt Forum im Berliner Schloss, Foto: Andreas K\u00f6nig<\/div>\n\t\t\t\t\t\t\t\t\t<\/figcaption>\n\t\t\t\t\t<\/figure>\n\t<\/lazy-media-inline>\n\t\t\t\t\t<\/div>\n\t\t\t\t\t<div class=\"col-xs-12 col-sm-4 col-sm-offset-1 teaser-magazine-dossier-full-copy-wrapper\">\n\t\t\t\t\t\t<div class=\"header-copy-box\">\n\t\t\t\t\t\t\t<div class=\"header-copy-content\">\n\t\t\t\t\t\t\t\t<div class=\"header-copy-overline subline\">Das Feature<\/div>\n\t\t\t\t\t\t\t\t<div class=\"header-copy-headline teaser-header\"><span>\u2026 eine Welt, in der Kolonialit\u00e4t nicht mehr m\u00f6glich ist.<\/span><\/div>\n\t\t\t\t\t\t\t\t<div class=\"header-copy-subline teaser-subline meta\">12 Beitr\u00e4ge<\/div>\n\t\t\t\t\t\t\t<\/div>\n\t\t\t\t\t\t<\/div>\n\t\t\t\t\t<\/div>\n\t\t\t\t<\/div>\n\t\t\t<\/a>\n\t\t<\/div>\n\t\t<\/div>\n\t<\/section>\n\n<section class=\"block block-magazin-teaser-dossier block-fullscreen-first\">\n\t\t\t\t<div class=\"container-fluid container-fluid-no-padding\">\n\t\t\t<div class=\"\" style='background-color: #edd18f'>\n\t\t\t<a href=\"https:\/\/www.humboldtforum.org\/de\/magazin\/feature\/beton-barock\/\" class=\"teaser teaser-magazine-dossier-full\">\n\t\t\t\t<div class=\"row  align-right\">\n\t\t\t\t\t<div class=\"col-xs-12 col-sm-6 col-sm-offset-1 teaser-image\">\n\t\t\t\t\t\t\n\t<lazy-media-inline inline-template>\n\t\t<figure itemscope itemtype=\"http:\/\/schema.org\/ImageObject\" class=\"lazy-media-inline \" role=\"group\" id=\"media_69d6909822e9c\" aria-labelledby=\"desc_media_69d6909822e9c\">\n\t\t\t<script type=\"application\/json\" ref=\"data\">\n\t\t\t\t{\n\t\t\t\t\"sizes\" : {\"medium\":{\"file\":\"Humboldt_Betonromantik_Ostseite-300x300.jpg\",\"width\":300,\"height\":300,\"mime-type\":\"image\\\/jpeg\"},\"thumbnail\":{\"file\":\"Humboldt_Betonromantik_Ostseite-150x150.jpg\",\"width\":150,\"height\":150,\"mime-type\":\"image\\\/jpeg\"},\"medium_large\":{\"file\":\"Humboldt_Betonromantik_Ostseite-768x768.jpg\",\"width\":768,\"height\":768,\"mime-type\":\"image\\\/jpeg\"},\"small\":{\"file\":\"Humboldt_Betonromantik_Ostseite-440x440.jpg\",\"width\":440,\"height\":440,\"mime-type\":\"image\\\/jpeg\"},\"semi\":{\"file\":\"Humboldt_Betonromantik_Ostseite-580x580.jpg\",\"width\":580,\"height\":580,\"mime-type\":\"image\\\/jpeg\"},\"mobile\":{\"file\":\"Humboldt_Betonromantik_Ostseite-720x720.jpg\",\"width\":720,\"height\":720,\"mime-type\":\"image\\\/jpeg\"},\"original\":{\"file\":\"Humboldt_Betonromantik_Ostseite.jpg\",\"width\":800,\"height\":800}},\n\t\t\t\t\"alt\" : \"Keyvisual Beton Barock\",\n\t\t\t\t\"path\" : \"\\\/wp-content\\\/uploads\\\/2020\\\/05\\\/\",\n\t\t\t\t\"video\" : null,\n\t\t\t\t\"autoplay\" : null,\n\t\t\t\t\"youtube\" : null,\n\t\t\t\t\"youtubelabel\" : \"Video abspielen\",\n\t\t\t\t\"brightness\" : 100,\n\t\t\t\t\"crop\" : null,\n\t\t\t\t\"background\" : true,\n\t\t\t\t\"scale\" : 1\t\t\t\t}\n\t\t\t<\/script>\n\n\t\t\t<div class=\"height-container\" style=\"padding-bottom:100%;\" v-if=\"sizes\">\n\t\t\t\t\t\t\t\t<lazy-media :inline=\"true\" :alt=\"alt\" :sizes=\"sizes\" :scale=\"scale\" :brightness=\"brightness\" :path=\"path\" :video=\"video\" :autoplay=\"autoplay\" :youtube=\"youtube\" :crop=\"crop\" :youtubelabel=\"youtubelabel\" :background=\"background\" media-id=\"desc_media_69d6909822e9c\"><\/lazy-media>\n\t\t\t\t\t\t\t<\/div>\n\n\t\t\t\t\t\t\t<figcaption class=\"sr-only\" ref=\"body\" id=\"desc_media_69d6909822e9c\">\n\t\t\t\t\t\t\t\t\t\t\t<div>Keyvisual Beton Barock<\/div>\n\t\t\t\t\t\t\t\t\t\t\t\t\t\t\t\t\t\t\t\t\t<div class=\"insignificant\">\u00a9 SHF<\/div>\n\t\t\t\t\t\t\t\t\t<\/figcaption>\n\t\t\t\t\t<\/figure>\n\t<\/lazy-media-inline>\n\t\t\t\t\t<\/div>\n\t\t\t\t\t<div class=\"col-xs-12 col-sm-4 col-sm-offset-1 first-sm teaser-magazine-dossier-full-copy-wrapper\">\n\t\t\t\t\t\t<div class=\"header-copy-box\">\n\t\t\t\t\t\t\t<div class=\"header-copy-content\">\n\t\t\t\t\t\t\t\t<div class=\"header-copy-overline subline\">Das Feature<\/div>\n\t\t\t\t\t\t\t\t<div class=\"header-copy-headline teaser-header\"><span>Das Berliner Schloss 2.0. Beton und Barock<\/span><\/div>\n\t\t\t\t\t\t\t\t<div class=\"header-copy-subline teaser-subline meta\">12 Beitr\u00e4ge<\/div>\n\t\t\t\t\t\t\t<\/div>\n\t\t\t\t\t\t<\/div>\n\t\t\t\t\t<\/div>\n\t\t\t\t<\/div>\n\t\t\t<\/a>\n\t\t<\/div>\n\t\t<\/div>\n\t<\/section>\n\n<section class=\"block block-magazin-teaser-dossier block-fullscreen-first\">\n\t\t\t\t<div class=\"container-fluid container-fluid-no-padding\">\n\t\t\t<div class=\"\" style='background-color: #98c3b5'>\n\t\t\t<a href=\"https:\/\/www.humboldtforum.org\/de\/magazin\/feature\/natur-kultur-sprache\/\" class=\"teaser teaser-magazine-dossier-full\">\n\t\t\t\t<div class=\"row  align-left\">\n\t\t\t\t\t<div class=\"col-xs-12 col-sm-6 teaser-image\">\n\t\t\t\t\t\t\n\t<lazy-media-inline inline-template>\n\t\t<figure itemscope itemtype=\"http:\/\/schema.org\/ImageObject\" class=\"lazy-media-inline \" role=\"group\" id=\"media_69d69098256e0\" aria-labelledby=\"desc_media_69d69098256e0\">\n\t\t\t<script type=\"application\/json\" ref=\"data\">\n\t\t\t\t{\n\t\t\t\t\"sizes\" : {\"medium\":{\"file\":\"Keyvisual_Humboldt-1-300x300.jpg\",\"width\":300,\"height\":300,\"mime-type\":\"image\\\/jpeg\"},\"thumbnail\":{\"file\":\"Keyvisual_Humboldt-1-150x150.jpg\",\"width\":150,\"height\":150,\"mime-type\":\"image\\\/jpeg\"},\"medium_large\":{\"file\":\"Keyvisual_Humboldt-1-768x768.jpg\",\"width\":768,\"height\":768,\"mime-type\":\"image\\\/jpeg\"},\"small\":{\"file\":\"Keyvisual_Humboldt-1-440x440.jpg\",\"width\":440,\"height\":440,\"mime-type\":\"image\\\/jpeg\"},\"semi\":{\"file\":\"Keyvisual_Humboldt-1-580x580.jpg\",\"width\":580,\"height\":580,\"mime-type\":\"image\\\/jpeg\"},\"mobile\":{\"file\":\"Keyvisual_Humboldt-1-720x720.jpg\",\"width\":720,\"height\":720,\"mime-type\":\"image\\\/jpeg\"},\"original\":{\"file\":\"Keyvisual_Humboldt-1.jpg\",\"width\":960,\"height\":960}},\n\t\t\t\t\"alt\" : \"Vintage-Portr\\u00e4t zweier M\\u00e4nner, umgeben von handschriftlichem Text und einer malerischen Landschaft im Hintergrund.\",\n\t\t\t\t\"path\" : \"\\\/wp-content\\\/uploads\\\/2020\\\/05\\\/\",\n\t\t\t\t\"video\" : null,\n\t\t\t\t\"autoplay\" : null,\n\t\t\t\t\"youtube\" : null,\n\t\t\t\t\"youtubelabel\" : \"Video abspielen\",\n\t\t\t\t\"brightness\" : 100,\n\t\t\t\t\"crop\" : null,\n\t\t\t\t\"background\" : true,\n\t\t\t\t\"scale\" : 1\t\t\t\t}\n\t\t\t<\/script>\n\n\t\t\t<div class=\"height-container\" style=\"padding-bottom:100%;\" v-if=\"sizes\">\n\t\t\t\t\t\t\t\t<lazy-media :inline=\"true\" :alt=\"alt\" :sizes=\"sizes\" :scale=\"scale\" :brightness=\"brightness\" :path=\"path\" :video=\"video\" :autoplay=\"autoplay\" :youtube=\"youtube\" :crop=\"crop\" :youtubelabel=\"youtubelabel\" :background=\"background\" media-id=\"desc_media_69d69098256e0\"><\/lazy-media>\n\t\t\t\t\t\t\t<\/div>\n\n\t\t\t\t\t\t\t<figcaption class=\"sr-only\" ref=\"body\" id=\"desc_media_69d69098256e0\">\n\t\t\t\t\t\t\t\t\t\t\t\t\t\t\t\t\t\t\t\t\t<div class=\"insignificant\">\u00a9 bpk; bpk \/ Staatsbibliothek zu Berlin; bpk \/ Kupferstichkabinett, SMB \/ Dietmar Katz<\/div>\n\t\t\t\t\t\t\t\t\t<\/figcaption>\n\t\t\t\t\t<\/figure>\n\t<\/lazy-media-inline>\n\t\t\t\t\t<\/div>\n\t\t\t\t\t<div class=\"col-xs-12 col-sm-4 col-sm-offset-1 teaser-magazine-dossier-full-copy-wrapper\">\n\t\t\t\t\t\t<div class=\"header-copy-box\">\n\t\t\t\t\t\t\t<div class=\"header-copy-content\">\n\t\t\t\t\t\t\t\t<div class=\"header-copy-overline subline\">Das Feature<\/div>\n\t\t\t\t\t\t\t\t<div class=\"header-copy-headline teaser-header\"><span>Wilhelm und Alexander von Humboldt<\/span><\/div>\n\t\t\t\t\t\t\t\t<div class=\"header-copy-subline teaser-subline meta\">10 Beitr\u00e4ge<\/div>\n\t\t\t\t\t\t\t<\/div>\n\t\t\t\t\t\t<\/div>\n\t\t\t\t\t<\/div>\n\t\t\t\t<\/div>\n\t\t\t<\/a>\n\t\t<\/div>\n\t\t<\/div>\n\t<\/section>\n\n<section class=\"block block-magazin-teaser-dossier block-fullscreen-first\">\n\t\t\t\t<div class=\"container-fluid container-fluid-no-padding\">\n\t\t\t<div class=\"\" style='background-color: #ee9e4f'>\n\t\t\t<a href=\"https:\/\/www.humboldtforum.org\/de\/magazin\/feature\/kreuz-kuppel\/\" class=\"teaser teaser-magazine-dossier-full\">\n\t\t\t\t<div class=\"row  align-left\">\n\t\t\t\t\t<div class=\"col-xs-12 col-sm-6 teaser-image\">\n\t\t\t\t\t\t\n\t<lazy-media-inline inline-template>\n\t\t<figure itemscope itemtype=\"http:\/\/schema.org\/ImageObject\" class=\"lazy-media-inline \" role=\"group\" id=\"media_69d6909827fc5\" aria-labelledby=\"desc_media_69d6909827fc5\">\n\t\t\t<script type=\"application\/json\" ref=\"data\">\n\t\t\t\t{\n\t\t\t\t\"sizes\" : {\"medium\":{\"file\":\"Humboldt_Kreuz_Post-it-300x300.jpg\",\"width\":300,\"height\":300,\"mime-type\":\"image\\\/jpeg\"},\"thumbnail\":{\"file\":\"Humboldt_Kreuz_Post-it-150x150.jpg\",\"width\":150,\"height\":150,\"mime-type\":\"image\\\/jpeg\"},\"medium_large\":{\"file\":\"Humboldt_Kreuz_Post-it-768x768.jpg\",\"width\":768,\"height\":768,\"mime-type\":\"image\\\/jpeg\"},\"small\":{\"file\":\"Humboldt_Kreuz_Post-it-440x440.jpg\",\"width\":440,\"height\":440,\"mime-type\":\"image\\\/jpeg\"},\"semi\":{\"file\":\"Humboldt_Kreuz_Post-it-580x580.jpg\",\"width\":580,\"height\":580,\"mime-type\":\"image\\\/jpeg\"},\"mobile\":{\"file\":\"Humboldt_Kreuz_Post-it-720x720.jpg\",\"width\":720,\"height\":720,\"mime-type\":\"image\\\/jpeg\"},\"original\":{\"file\":\"Humboldt_Kreuz_Post-it.jpg\",\"width\":1000,\"height\":1000}},\n\t\t\t\t\"alt\" : \"Zeichnung einer Kuppel mit Kreuz, umgeben von buntem Text und einem Bauger\\u00fcst im Hintergrund.\",\n\t\t\t\t\"path\" : \"\\\/wp-content\\\/uploads\\\/2020\\\/05\\\/\",\n\t\t\t\t\"video\" : null,\n\t\t\t\t\"autoplay\" : null,\n\t\t\t\t\"youtube\" : null,\n\t\t\t\t\"youtubelabel\" : \"Video abspielen\",\n\t\t\t\t\"brightness\" : 100,\n\t\t\t\t\"crop\" : {\"top\":\"50.00\",\"left\":\"50.00\"},\n\t\t\t\t\"background\" : true,\n\t\t\t\t\"scale\" : 2\t\t\t\t}\n\t\t\t<\/script>\n\n\t\t\t<div class=\"height-container\" style=\"padding-bottom:100%;\" v-if=\"sizes\">\n\t\t\t\t\t\t\t\t<lazy-media :inline=\"true\" :alt=\"alt\" :sizes=\"sizes\" :scale=\"scale\" :brightness=\"brightness\" :path=\"path\" :video=\"video\" :autoplay=\"autoplay\" :youtube=\"youtube\" :crop=\"crop\" :youtubelabel=\"youtubelabel\" :background=\"background\" media-id=\"desc_media_69d6909827fc5\"><\/lazy-media>\n\t\t\t\t\t\t\t<\/div>\n\n\t\t\t\t\t\t\t<figcaption class=\"sr-only\" ref=\"body\" id=\"desc_media_69d6909827fc5\">\n\t\t\t\t\t\t\t\t\t\t\t\t\t\t\t\t\t\t\t\t\t<div class=\"insignificant\">\u00a9 Stiftung Humboldt Forum im Berliner Schloss \/ Stephan Falk; \u00a9 Stiftung Preu\u00dfische Schl\u00f6sser und G\u00e4rten Berlin-Brandenburg \/ Daniel Lindner<\/div>\n\t\t\t\t\t\t\t\t\t<\/figcaption>\n\t\t\t\t\t<\/figure>\n\t<\/lazy-media-inline>\n\t\t\t\t\t<\/div>\n\t\t\t\t\t<div class=\"col-xs-12 col-sm-4 col-sm-offset-1 teaser-magazine-dossier-full-copy-wrapper\">\n\t\t\t\t\t\t<div class=\"header-copy-box\">\n\t\t\t\t\t\t\t<div class=\"header-copy-content\">\n\t\t\t\t\t\t\t\t<div class=\"header-copy-overline subline\">Das Feature<\/div>\n\t\t\t\t\t\t\t\t<div class=\"header-copy-headline teaser-header\"><span>Was soll das? Das Kreuz auf dem Humboldt Forum<\/span><\/div>\n\t\t\t\t\t\t\t\t<div class=\"header-copy-subline teaser-subline meta\">18 Beitr\u00e4ge<\/div>\n\t\t\t\t\t\t\t<\/div>\n\t\t\t\t\t\t<\/div>\n\t\t\t\t\t<\/div>\n\t\t\t\t<\/div>\n\t\t\t<\/a>\n\t\t<\/div>\n\t\t<\/div>\n\t<\/section>","protected":false},"excerpt":{"rendered":"","protected":false},"author":1,"featured_media":0,"parent":242,"menu_order":0,"comment_status":"closed","ping_status":"closed","template":"page-magazine.php","meta":{"_acf_changed":false,"footnotes":""},"class_list":["post-288","page","type-page","status-publish","hentry"],"acf":[],"_links":{"self":[{"href":"https:\/\/www.humboldtforum.org\/de\/wp-json\/wp\/v2\/pages\/288","targetHints":{"allow":["GET"]}}],"collection":[{"href":"https:\/\/www.humboldtforum.org\/de\/wp-json\/wp\/v2\/pages"}],"about":[{"href":"https:\/\/www.humboldtforum.org\/de\/wp-json\/wp\/v2\/types\/page"}],"author":[{"embeddable":true,"href":"https:\/\/www.humboldtforum.org\/de\/wp-json\/wp\/v2\/users\/1"}],"replies":[{"embeddable":true,"href":"https:\/\/www.humboldtforum.org\/de\/wp-json\/wp\/v2\/comments?post=288"}],"version-history":[{"count":0,"href":"https:\/\/www.humboldtforum.org\/de\/wp-json\/wp\/v2\/pages\/288\/revisions"}],"up":[{"embeddable":true,"href":"https:\/\/www.humboldtforum.org\/de\/wp-json\/wp\/v2\/pages\/242"}],"wp:attachment":[{"href":"https:\/\/www.humboldtforum.org\/de\/wp-json\/wp\/v2\/media?parent=288"}],"curies":[{"name":"wp","href":"https:\/\/api.w.org\/{rel}","templated":true}]}}