{"id":37323,"date":"2022-01-26T11:31:24","date_gmt":"2022-01-26T10:31:24","guid":{"rendered":"https:\/\/www.humboldtforum.org\/?page_id=37323"},"modified":"2025-11-21T15:17:22","modified_gmt":"2025-11-21T14:17:22","slug":"tourist-info-im-humboldt-forum","status":"publish","type":"page","link":"https:\/\/www.humboldtforum.org\/de\/tourist-info-im-humboldt-forum\/","title":{"rendered":"Tourist Info im Humboldt Forum"},"content":{"rendered":"<section class=\"block block-copy block-no-margin\" >\n    <div class=\"container-fluid\">\n\t\t<div class=\"row \">\n            <div class=\"col-xs-12 col-md-offset-2 col-md-8\">\n                <div class=\"box\">\n                    <div class=\"copy\"><div id=\"comment-43973\" class=\"sd-comment-issue-page-view-root activity-comment\" data-payload=\"{&quot;isInternal&quot;:false,&quot;isReporter&quot;:true,&quot;isOutsider&quot;:false,&quot;outsiderContext&quot;:{&quot;canAddAuthorAsParticipant&quot;:false,&quot;authorUsername&quot;:&quot;soenke.schneidewind&quot;,&quot;commentId&quot;:43973,&quot;extraLozengeClasses&quot;:&quot;sd-comment-action-details-item&quot;},&quot;authorKeyConcise&quot;:&quot;        \\n\\n    \\u003ca class\\u003d\\&quot;user-hover user-avatar\\&quot; rel\\u003d\\&quot;soenke.schneidewind\\&quot; id\\u003d\\&quot;commentauthor_43973_concise\\&quot; href\\u003d\\&quot;\/secure\/ViewProfile.jspa?name\\u003dsoenke.schneidewind\\&quot;\\u003e\\u003cspan class\\u003d\\&quot;aui-avatar aui-avatar-xsmall\\&quot;\\u003e\\u003cspan class\\u003d\\&quot;aui-avatar-inner\\&quot;\\u003e\\u003cimg src\\u003d\\&quot;https:\/\/jira.humboldtforum.org:7443\/secure\/useravatar?size\\u003dxsmall\\u0026amp;ownerId\\u003dJIRAUSER10690\\u0026amp;avatarId\\u003d10913\\&quot; alt\\u003d\\&quot;soenke.schneidewind\\&quot; \/\\u003e\\u003c\/span\\u003e\\u003c\/span\\u003e S\u00f6nke Schneidewind\\u003c\/a\\u003e\\n&quot;,&quot;authorKeyVerbose&quot;:&quot;        \\n\\n    \\u003ca class\\u003d\\&quot;user-hover user-avatar\\&quot; rel\\u003d\\&quot;soenke.schneidewind\\&quot; id\\u003d\\&quot;commentauthor_43973_verbose\\&quot; href\\u003d\\&quot;\/secure\/ViewProfile.jspa?name\\u003dsoenke.schneidewind\\&quot;\\u003e\\u003cspan class\\u003d\\&quot;aui-avatar aui-avatar-xsmall\\&quot;\\u003e\\u003cspan class\\u003d\\&quot;aui-avatar-inner\\&quot;\\u003e\\u003cimg src\\u003d\\&quot;https:\/\/jira.humboldtforum.org:7443\/secure\/useravatar?size\\u003dxsmall\\u0026amp;ownerId\\u003dJIRAUSER10690\\u0026amp;avatarId\\u003d10913\\&quot; alt\\u003d\\&quot;soenke.schneidewind\\&quot; \/\\u003e\\u003c\/span\\u003e\\u003c\/span\\u003e S\u00f6nke Schneidewind\\u003c\/a\\u003e\\n&quot;,&quot;contentVerbose&quot;:&quot;\\u003cp\\u003eMinitext:\\u003c\/p\\u003e\\n\\n\\u003cp\\u003eUm Ihren Besuch in Berlin noch besser zu organisieren, nutzen Sie bitte den Service der Tourist Info im Schl\u00fcterhof des Humboldt Forum.\\u003c\/p\\u003e&quot;,&quot;contentConcise&quot;:&quot; Minitext: \\n\\n Um Ihren Besuch in Berlin noch besser zu organisieren, nutzen Sie bitte den Service der Tourist Info im Schl\u00fcterhof des Humboldt Forum. &quot;,&quot;isCollapsed&quot;:false,&quot;canEditComment&quot;:true,&quot;canDeleteComment&quot;:true,&quot;issueId&quot;:28906,&quot;issueKey&quot;:&quot;WSSD-340&quot;,&quot;formattedUpdateDate&quot;:&quot;02\/M\u00e4r\/22 10:01 AM&quot;,&quot;prettyCreateDate&quot;:&quot;02\/M\u00e4r\/22 10:01 AM&quot;,&quot;iso8601CreateDate&quot;:&quot;2022-03-02T10:01:08+0100&quot;,&quot;isFocused&quot;:false,&quot;baseUrl&quot;:&quot;&quot;,&quot;commentId&quot;:43973,&quot;hasVisibilityLevel&quot;:false,&quot;visibilityLevel&quot;:&quot;&quot;,&quot;isCommentUpdated&quot;:false,&quot;updaterName&quot;:&quot;&quot;}\">\n<div class=\"sd-activity-comment issue-data-block twixi-block expanded \">\n<div class=\"twixi-wrap verbose actionContainer\">\n<div class=\"action-body flooded\">\n<p>Um Ihren Besuch in Berlin noch besser zu organisieren, nutzen Sie bitte den Service der Tourist Info im Schl\u00fcterhof des Humboldt Forum.<\/p>\n<p>&nbsp;<\/p>\n<\/div>\n<\/div>\n<\/div>\n<\/div>\n<\/div>\n                <\/div>\n            <\/div>\n\t\t<\/div>\n\t\t    <\/div>\n<\/section>\n\n<section class=\"block block-header\" >\n\t<block-header inline-template>\n\t\t<figure role=\"group\" aria-labelledby=\"desc_m_69d4775b6907d\">\n\n\t\t\t<script type=\"application\/json\" ref=\"data\">\n\t\t\t\t{\n\t\t\t\t\"sizes_d\" : {\"medium\":{\"file\":\"SHF_eb00132137-300x200.jpg\",\"width\":300,\"height\":200,\"mime-type\":\"image\\\/jpeg\"},\"large\":{\"file\":\"SHF_eb00132137-1024x683.jpg\",\"width\":1024,\"height\":683,\"mime-type\":\"image\\\/jpeg\"},\"thumbnail\":{\"file\":\"SHF_eb00132137-150x150.jpg\",\"width\":150,\"height\":150,\"mime-type\":\"image\\\/jpeg\"},\"medium_large\":{\"file\":\"SHF_eb00132137-768x512.jpg\",\"width\":768,\"height\":512,\"mime-type\":\"image\\\/jpeg\"},\"small\":{\"file\":\"SHF_eb00132137-440x293.jpg\",\"width\":440,\"height\":293,\"mime-type\":\"image\\\/jpeg\"},\"semi\":{\"file\":\"SHF_eb00132137-580x387.jpg\",\"width\":580,\"height\":387,\"mime-type\":\"image\\\/jpeg\"},\"mobile\":{\"file\":\"SHF_eb00132137-720x480.jpg\",\"width\":720,\"height\":480,\"mime-type\":\"image\\\/jpeg\"},\"hd\":{\"file\":\"SHF_eb00132137-1280x853.jpg\",\"width\":1280,\"height\":853,\"mime-type\":\"image\\\/jpeg\"},\"full\":{\"file\":\"SHF_eb00132137-1920x1280.jpg\",\"width\":1920,\"height\":1280,\"mime-type\":\"image\\\/jpeg\"},\"1536x1536\":{\"file\":\"SHF_eb00132137-1536x1024.jpg\",\"width\":1536,\"height\":1024,\"mime-type\":\"image\\\/jpeg\"},\"original\":{\"file\":\"SHF_eb00132137.jpg\",\"width\":2048,\"height\":1365}},\n\t\t\t\t\"alt_d\" : \"Geb\\u00e4ude mit S\\u00e4ulen und einem Schild, das \\\"TOURISTENINFORMATION\\\" anzeigt.\",\n\t\t\t\t\"path_d\" : \"\\\/wp-content\\\/uploads\\\/2022\\\/03\\\/\",\n\t\t\t\t\"autoplay_d\" : null,\n\t\t\t\t\"crop_d\" : {\"top\":\"35.79\",\"left\":\"49.75\"},\n\t\t\t\t\"background_d\" : true,\n\t\t\t\t\"scale_d\" : 2,\n\n\t\t\t\t\"sizes_m\" : [],\n\t\t\t\t\"alt_m\" : null,\n\t\t\t\t\"path_m\" : null,\n\t\t\t\t\"autoplay_m\" : null,\n\t\t\t\t\"crop_m\" : null,\n\t\t\t\t\"background_m\" : true,\n\t\t\t\t\"scale_m\" : 1,\n\n\t\t\t\t\"has_mobile_format\" : false,\n\t\t\t\t\"has_ad\" : false,\n\t\t\t\t\"audio_description_yt\" : null\t\t\t\t}\n\t\t\t<\/script>\n\t\t\t<div class=\"height-container\" style=\"padding-bottom:66.650390625%;\" v-if=\"sizes\" data-motion-parallax='{\"child\":\".image-wrapper\",\"mask\":\".lazy-media\",\"tween\":{\"yPercent\": [-15,15]}}'>\n\t\t\t\t<lazy-media :inline=\"true\" :scale=\"scale\" :alt=\"alt\" :sizes=\"sizes\" :brightness=\"brightness\" :path=\"path\" :video=\"video\" :autoplay=\"autoplay\" :youtube=\"youtube\" :crop=\"crop\" :youtubelabel=\"youtubelabel\" :background=\"background\" media-id=\"desc_m_69d4775b6907d\"><\/lazy-media>\n\t\t\t\t<button class=\"autoplay-audio-description-btn icon-background icon-audio-describtions\" @click=\"audioDescriptionPlay\" v-if=\"hasAudioDescription\" aria-label=\"Audiodeskription aufrufen\"><\/button>\n\t\t\t<\/div>\n\t\t\t\t\t\t<div class=\"lazy-media-info-container-fluid\">\n\t\t\t\t<div class=\"lazy-media-info-row end-xs\">\n\t\t\t\t\t<div class=\"lazy-media-info-col\">\n\t\t\t\t\t\t<div class=\"lazy-media-info\" aria-expanded=\"false\" :aria-expanded=\"isOpen ? 'true' : 'false'\">\n\t\t\t\t\t\t\t<button class=\"lazy-media-info-head button-tiny insignificant\" :class=\"{'button-active': isOpen}\" @click=\"toggle\" ref=\"head\"><span class=\"button-label insignificant\">Bildinfo<\/span><\/button>\n\t\t\t\t\t\t\t<figcaption class=\"lazy-media-info-body\" ref=\"body\" id=\"desc_m_69d4775b6907d\">\n\t\t\t\t\t\t\t\t<div class=\"lazy-media-info-body-content\">\n\t\t\t\t\t\t\t\t\t\t\t\t\t\t\t\t\t\t\t\t\t\t\t\t\t\t\t<div class=\"insignificant\">\u00a9 Stiftung Humboldt Forum im Berliner Schloss. Foto: S\u00f6nke Schneidewind<\/div>\t\t\t\t\t\t\t\t<\/div>\n\t\t\t\t\t\t\t<\/figcaption>\n\t\t\t\t\t\t\t<div class=\"lazy-media-info-head-border\"><\/div>\n\t\t\t\t\t\t<\/div>\n\t\t\t\t\t<\/div>\n\t\t\t\t<\/div>\n\t\t\t<\/div>\n\t\t\t\t\t<\/figure>\n\t<\/block-header>\n<\/section>\n\n<section class=\"block block-copy\" >\n    <div class=\"container-fluid\">\n\t\t<div class=\"row \">\n            <div class=\"col-xs-12 col-md-offset-2 col-md-8\">\n                <div class=\"box\">\n                    <div class=\"copy\"><h3>Berlin Tourist Info im Humboldt Forum<\/h3>\n<p>Mit dem Humboldt Forum hat Berlin ein neues Wahrzeichen im Herzen der Stadt erhalten. Verbinden Sie Ihren Besuch damit, sich \u00fcber Berlin zu informieren. In den Berlin Tourist Information im Humboldt Forum steht Ihnen VISIT BERLIN t\u00e4glich zwischen 10.00 und 18.00 Uhr f\u00fcr alle Fragen mit einem breiten Serviceangebot zur Verf\u00fcgung.<\/p>\n<p>Der Eingang zur Berlin Tourist Information befindet sich im Portal V in der N\u00e4he des Berliner Doms, Zugang \u00fcber den Schlossplatz in Richtung Schl\u00fcterhof.<\/p>\n<p>&nbsp;<\/p>\n<h3><a name=\"DasServiceAngebot\"><\/a>Das Service-Angebot<\/h3>\n<p>Qualifizierte und mehrsprachige Mitarbeiter*innen beraten Sie gerne bei der Planung Ihrer Berlin-Aktivit\u00e4ten oder einem Besuch der Schl\u00f6sser und G\u00e4rten in Berlin und Potsdam. Informieren Sie sich zu Themen rund um Berlin sowie zu Tickets f\u00fcr Veranstaltungen, Ausstellungen und Museen, z.B. das Deutsche Historische Museum, Attraktionen wie der Berliner Fernsehturm, Boots- und Bustouren und Sehensw\u00fcrdigkeiten wie das Brandenburger Tor oder die Museumsinsel.<\/p>\n<p><strong>Unser Tipp<\/strong>: Mit dem Rad durch Berlin. Fragen Sie zum Beispiel nach dem Flyer f\u00fcr die <a href=\"https:\/\/industriekultur.berlin\/erleben\/fahrradrouten\/\">Radrouten der Industriekultur<\/a>.<\/p>\n<ul>\n<li><a class=\"external-link\" href=\"https:\/\/www.berlin-welcomecard.de\/de\" target=\"_blank\" rel=\"nofollow noopener\">Berlin Welcome Card<\/a><\/li>\n<li><a class=\"external-link\" href=\"https:\/\/www.berlin-welcomecard.de\/de\/berlin-welcomecard-all-inclusive#\/\" target=\"_blank\" rel=\"nofollow noopener\">Berlin Welcome Card all inclusive<\/a><\/li>\n<li><a class=\"external-link\" href=\"https:\/\/www.citytourcard.com\/de\" target=\"_blank\" rel=\"nofollow noopener\">CityTourCard<\/a><\/li>\n<li><a href=\"https:\/\/www.visitberlin.de\/de\/museum-pass-berlin\" target=\"_blank\" rel=\"noopener\">Museumspass<\/a><\/li>\n<li>Kompetente mehrsprachige Beratung<\/li>\n<li><a class=\"external-link\" href=\"https:\/\/www.visitberlin.de\/de\/veranstaltungen-berlin;\" target=\"_blank\" rel=\"nofollow noopener\">Tickets f\u00fcr Veranstaltungen in Berlin<\/a><\/li>\n<li><a class=\"external-link\" href=\"https:\/\/www.visitberlin.de\/de\/stadtrundfahrt-durch-berlin;\" target=\"_blank\" rel=\"nofollow noopener\">Tickets f\u00fcr Stadtrundfahrten, Schiffstouren und Museen in Berlin<\/a><\/li>\n<li>Berliner Stadtplan und Reisef\u00fchrer<\/li>\n<li>B\u00fccher und Postkarten<\/li>\n<li>Kleinere Souvenirs<\/li>\n<\/ul>\n<h3><\/h3>\n<p>&nbsp;<\/p>\n<h3>\u00d6ffnungszeiten der Tourist Info<\/h3>\n<p>t\u00e4glich 10:00 &#8211; 18:00 Uhr<\/p>\n<p>Hinweis: Das <a href=\"https:\/\/www.humboldtforum.org\/de\/besuch\/\">Humboldt Forum<\/a> ist dienstags geschlossen, die Tourist Info ist t\u00e4glich ge\u00f6ffnet.<\/p>\n<p><strong>Gesonderte Schlie\u00dfzeiten an Feiertagen: Die Tourist Info ist am 24., 25. 26., 31. Dezember 2025 und 1. Januar 2026 geschlossen.<\/strong><\/p>\n<\/div>\n                <\/div>\n            <\/div>\n\t\t<\/div>\n\t\t    <\/div>\n<\/section>","protected":false},"excerpt":{"rendered":"","protected":false},"author":30,"featured_media":39180,"parent":0,"menu_order":4,"comment_status":"closed","ping_status":"closed","template":"","meta":{"_acf_changed":false,"footnotes":""},"class_list":["post-37323","page","type-page","status-publish","has-post-thumbnail","hentry"],"acf":[],"_links":{"self":[{"href":"https:\/\/www.humboldtforum.org\/de\/wp-json\/wp\/v2\/pages\/37323","targetHints":{"allow":["GET"]}}],"collection":[{"href":"https:\/\/www.humboldtforum.org\/de\/wp-json\/wp\/v2\/pages"}],"about":[{"href":"https:\/\/www.humboldtforum.org\/de\/wp-json\/wp\/v2\/types\/page"}],"author":[{"embeddable":true,"href":"https:\/\/www.humboldtforum.org\/de\/wp-json\/wp\/v2\/users\/30"}],"replies":[{"embeddable":true,"href":"https:\/\/www.humboldtforum.org\/de\/wp-json\/wp\/v2\/comments?post=37323"}],"version-history":[{"count":12,"href":"https:\/\/www.humboldtforum.org\/de\/wp-json\/wp\/v2\/pages\/37323\/revisions"}],"predecessor-version":[{"id":156216,"href":"https:\/\/www.humboldtforum.org\/de\/wp-json\/wp\/v2\/pages\/37323\/revisions\/156216"}],"wp:featuredmedia":[{"embeddable":true,"href":"https:\/\/www.humboldtforum.org\/de\/wp-json\/wp\/v2\/media\/39180"}],"wp:attachment":[{"href":"https:\/\/www.humboldtforum.org\/de\/wp-json\/wp\/v2\/media?parent=37323"}],"curies":[{"name":"wp","href":"https:\/\/api.w.org\/{rel}","templated":true}]}}