{"id":40318,"date":"2022-03-23T11:31:56","date_gmt":"2022-03-23T10:31:56","guid":{"rendered":"https:\/\/www.humboldtforum.org\/?page_id=40318"},"modified":"2022-03-23T12:55:45","modified_gmt":"2022-03-23T11:55:45","slug":"newsletter-bildung-und-vermittlung","status":"publish","type":"page","link":"https:\/\/www.humboldtforum.org\/de\/newsletter-bildung-und-vermittlung\/","title":{"rendered":"Newsletter Bildung und Vermittlung"},"content":{"rendered":"<section class=\"block block-header-headline\" >\n    <div class=\"container-fluid\">\n        <div class=\"row\">\n\t\t\t\t\t\t\t<div class=\"col-xs-12 col-md-offset-2 col-md-8\">\n\t\t\t\t\t<div class=\"box\">\n\t\t\t\t\t\t<div class=\"subline\">Newsletter Bildung &#038; Vermittlung<\/div>\n\t\t\t\t\t<\/div>\n\t\t\t\t<\/div>\n\t\t\t\n                            <div class=\"col-xs-12 col-md-offset-2 col-md-8\">\n                    <div class=\"box\">\n                        <h1>Bleiben Sie auf dem Laufenden!<\/h1>\n                    <\/div>\n                <\/div>\n                    <\/div>\n    <\/div>\n<\/section>\n\n\n\n\n<section class=\"block block-copy block-no-margin\" >\n    <div class=\"container-fluid\">\n\t\t<div class=\"row \">\n            <div class=\"col-xs-12 col-md-offset-2 col-md-8\">\n                <div class=\"box\">\n                    <div class=\"copy\"><p>Sie m\u00f6chten nichts verpassen? Wir senden Ihnen gerne regelm\u00e4\u00dfig Informationen zu unseren Bildungs- und Vermittlungsangeboten.<br \/>\nAbonnieren Sie unseren Newsletter Bildung &amp; Vermittlung.<\/p>\n<p>&nbsp;<\/p>\n<\/div>\n                <\/div>\n            <\/div>\n\t\t<\/div>\n\t\t    <\/div>\n<\/section>\n\n<section class=\"block block-form\">\n\t<div class=\"container-fluid\">\n\t\t<div class=\"row center-xs\">\n\t\t\t<div class=\"col-xs-12 col-md-8\">\n\t\t\t\t<div class=\"box\">\n\t\t\t\t\n<salesforcenewsletter inline-template>\n<form action=\"\/wp-json\/frc\/v1\/submit\/\" method=\"post\" class=\"form-nojs\" id=\"salesforce-form\" novalidate=\"true\" @submit=\"checkform\">\n\t<input type=\"hidden\" name=\"00N0900000JgrUT\" value=\"https:\/\/www.humboldtforum.org\/de\/newsletter-bildung-und-vermittlung\/\">\n\t<input type=\"hidden\" name=\"oid\" value=\"00D09000001JVYB\">\n\t<input type=\"hidden\" name=\"retURL\" value=\"https:\/\/www.humboldtforum.org\/de\/newsletter-bildung-und-vermittlung\/newsletter-bildung-und-vermittlung-danke\/\">\n\t<input type=\"hidden\" name=\"lead_source\" value=\"NL Opt-In Website\">\n\t<input type=\"hidden\" name=\"company\" value=\"individuell\">\n\t<input type=\"hidden\" name=\"00N0900000Io33m\" value=\"DOI requested\">\n\n\t<div class=\"acf-form-fields\">\n\t\t<div class=\"acf-field-type-select\">\n\t\t\t<div class=\"af-label acf-label\"><label for=\"acf-anrede\">Anrede <span class=\"acf-required\">*<\/span><\/label><\/div>\n\t\t\t<div class=\"af-input acf-input\">\n\t\t\t\t<select id=\"acf-anrede\" name=\"salutation\" v-model=\"anrede\">\n\t\t\t\t\t<option value=\"Ms.\">Frau<\/option>\t\n\t\t\t\t\t<option value=\"Mr.\">Herr<\/option>\n\t\t\t\t\t<option value=\"No specification\">Keine Angabe<\/option>\n\t\t\t\t<\/select>\n\t\t\t<\/div>\n\t\t<\/div>\n\t<\/div>\n\t<div style=\"display: none\">\t\t<input type=\"checkbox\" name=\"00NVi000005rKiT\" value=\"true\" id=\"00NVi000005rKiT\">\n\t\t<label for=\"00NVi000005rKiT\">Sende mir E-Mails<\/label>\n\t<\/div>\n\t<div style=\"display: none\">\t\t<input type=\"checkbox\" name=\"00NVi000007zc7Z\" value=\"true\" id=\"00NVi000007zc7Z\" checked=\"checked\">\n\t\t<label for=\"00NVi000007zc7Z\">Sende mir SMS<\/label>\n\t<\/div>\n\t<div class=\"acf-form-fields margin-bottom-third\">\n\t\t<div v-bind:class=\"{'acf-error' : !firstnameValid}\">\n\t\t\t<div class=\"af-label acf-label\">\n\t\t\t\t<label for=\"first_name\">Vorname <span class=\"acf-required\">*<\/span><\/label>\n\t\t\t<\/div>\n\n\t\t\t<div class=\"af-input acf-input\">\n\t\t\t\t<div class=\"acf-input-wrap\">\n\t\t\t\t\t<input placeholder=\"Vorname\" id=\"first_name\" maxlength=\"80\" required name=\"first_name\" type=\"text\" v-model=\"firstname\" \/>\n\t\t\t\t<\/div>\n\t\t\t<\/div>\n\t\t<\/div>\n\t\t<div v-bind:class=\"{'acf-error' : !nameValid}\">\n\t\t\t<div class=\"af-label acf-label\">\n\t\t\t\t<label for=\"last_name\">Name <span class=\"acf-required\">*<\/span><\/label>\n\t\t\t<\/div>\n\n\t\t\t<div class=\"af-input acf-input\">\n\t\t\t\t<div class=\"acf-input-wrap\">\n\t\t\t\t\t<input placeholder=\"Name\" id=\"last_name\" v-model=\"name\" maxlength=\"80\" required name=\"last_name\" type=\"text\" \/>\n\t\t\t\t<\/div>\n\t\t\t<\/div>\n\t\t<\/div>\n\t\t<div v-bind:class=\"{'acf-error' : !emailValid}\">\n\t\t\t<div class=\"af-label acf-label\">\n\t\t\t\t<label for=\"acf-email\">E-Mail <span class=\"acf-required\">*<\/span><\/label>\n\t\t\t<\/div>\n\n\t\t\t<div class=\"af-input acf-input\">\n\t\t\t\t<div class=\"acf-input-wrap\">\n\t\t\t\t\t<input placeholder=\"E-Mail\" id=\"acf-email\" v-model=\"email\" maxlength=\"255\" required name=\"email\" type=\"email\" \/>\n\t\t\t\t<\/div>\n\t\t\t<\/div>\n\t\t<\/div>\n\t\t<div style=\"display:none\">\n\t\t\t<div class=\"acf-field-type-select\">\n\t\t\t\t<div class=\"af-label acf-label\"><label for=\"language\">Sprache <span class=\"acf-required\">*<\/span><\/label><\/div>\n\t\t\t\t<div class=\"af-input acf-input\">\n\t\t\t\t\t<select id=\"language\" name=\"00N0900000In1Qf\" v-model=\"language\">\n\t\t\t\t\t\t<option value=\"German\">Deutsch<\/option>\n\t\t\t\t\t\t<option value=\"English\">Englisch<\/option>\n\t\t\t\t\t<\/select>\n\t\t\t\t<\/div>\n\t\t\t<\/div>\n\t\t<\/div>\n\n\t\t\t\t<input placeholder=\"Firma\" id=\"company\" maxlength=\"80\" required name=\"company\" type=\"hidden\" \/>\n\t\t\t<\/div>\n\t<div class=\"row\" style=\"clear:both;\">\n\t\t<div class=\"col-xs-12 col-sm-6 margin-bottom-third\">\n\t\t\t<div class=\"acf-error\">\n\t\t\t\t<label v-if=\"tried2sumit &#038;&#038; !captchaSolved\" class=\"acf-error-message\">*Bitte l\u00f6sen Sie das Captcha<\/label>\n\t\t\t<\/div>\n\t\t\t<vue-friendly-captcha sitekey=\"FCMHU57B0UIVCAFK\" @solved=\"onSolved\" @error=\"onError\"><\/vue-friendly-captcha>\n\t\t<\/div>\n\t\t<div class=\"col-xs-12 col-sm-6 margin-bottom-sixth end-sm center-xs\">\n\t\t\t\t<button type=\"submit\" class=\"border black prominent\">Abschicken<\/button>\n\t\t<\/div>\n\t<\/div>\n\n\t\t<div class=\"acf-form-fields-full end-sm center-xs copy\">\n\t\t\t<small>Mit der Anmeldung an unseren Newsletter<br>stimmen Sie unseren <a href=\"\/de\/datenschutz\/\">Datenschutzbestimmungen<\/a> zu.<\/small>\n\t\t<\/div>\n<\/form>\n<\/salesforcenewsletter>\n\n\t\t\t\t<\/div>\n\t\t\t<\/div>\n\t\t<\/div>\n\t<\/div>\n<\/section>","protected":false},"excerpt":{"rendered":"<p>Sie m\u00f6chten nichts verpassen? Wir senden Ihnen gerne regelm\u00e4\u00dfig Informationen zu unseren Bildungs- und Vermittlungsangeboten.<br \/>\nAbonnieren Sie unseren Newsletter Bildung &#038; Vermittlung.<\/p>\n","protected":false},"author":30,"featured_media":39613,"parent":0,"menu_order":0,"comment_status":"closed","ping_status":"closed","template":"","meta":{"_acf_changed":false,"footnotes":""},"class_list":["post-40318","page","type-page","status-publish","has-post-thumbnail","hentry"],"acf":[],"_links":{"self":[{"href":"https:\/\/www.humboldtforum.org\/de\/wp-json\/wp\/v2\/pages\/40318","targetHints":{"allow":["GET"]}}],"collection":[{"href":"https:\/\/www.humboldtforum.org\/de\/wp-json\/wp\/v2\/pages"}],"about":[{"href":"https:\/\/www.humboldtforum.org\/de\/wp-json\/wp\/v2\/types\/page"}],"author":[{"embeddable":true,"href":"https:\/\/www.humboldtforum.org\/de\/wp-json\/wp\/v2\/users\/30"}],"replies":[{"embeddable":true,"href":"https:\/\/www.humboldtforum.org\/de\/wp-json\/wp\/v2\/comments?post=40318"}],"version-history":[{"count":1,"href":"https:\/\/www.humboldtforum.org\/de\/wp-json\/wp\/v2\/pages\/40318\/revisions"}],"predecessor-version":[{"id":64967,"href":"https:\/\/www.humboldtforum.org\/de\/wp-json\/wp\/v2\/pages\/40318\/revisions\/64967"}],"wp:featuredmedia":[{"embeddable":true,"href":"https:\/\/www.humboldtforum.org\/de\/wp-json\/wp\/v2\/media\/39613"}],"wp:attachment":[{"href":"https:\/\/www.humboldtforum.org\/de\/wp-json\/wp\/v2\/media?parent=40318"}],"curies":[{"name":"wp","href":"https:\/\/api.w.org\/{rel}","templated":true}]}}