{"id":49554,"date":"2022-08-30T08:32:43","date_gmt":"2022-08-30T06:32:43","guid":{"rendered":"https:\/\/www.humboldtforum.org\/?page_id=49554"},"modified":"2022-09-13T16:21:51","modified_gmt":"2022-09-13T14:21:51","slug":"goettlichkeit-in-polynesien","status":"publish","type":"page","link":"https:\/\/www.humboldtforum.org\/de\/goettlichkeit-in-polynesien\/","title":{"rendered":"G\u00f6ttlichkeit in Polynesien"},"content":{"rendered":"<section class=\"block block-header-headline\" >\n    <div class=\"container-fluid\">\n        <div class=\"row\">\n\t\t\t\t\t\t\t<div class=\"col-xs-12 col-md-offset-2 col-md-8\">\n\t\t\t\t\t<div class=\"box\">\n\t\t\t\t\t\t<div class=\"subline\">Ein Federmantel f\u00fcr Friedrich Wilhelm III.<\/div>\n\t\t\t\t\t<\/div>\n\t\t\t\t<\/div>\n\t\t\t\n                            <div class=\"col-xs-12 col-md-offset-2 col-md-8\">\n                    <div class=\"box\">\n                        <h1>G\u00f6ttlichkeit in Polynesien<\/h1>\n                    <\/div>\n                <\/div>\n                    <\/div>\n    <\/div>\n<\/section>\n\n\n\n\n<section class=\"block block-header\" >\n\t<block-header inline-template>\n\t\t<figure role=\"group\" aria-labelledby=\"desc_m_69de33cd02cb6\">\n\n\t\t\t<script type=\"application\/json\" ref=\"data\">\n\t\t\t\t{\n\t\t\t\t\"sizes_d\" : {\"medium\":{\"file\":\"SHF_eb00128406_Ethnologisches-Museum-300x193.jpg\",\"width\":300,\"height\":193,\"mime-type\":\"image\\\/jpeg\",\"filesize\":14109},\"large\":{\"file\":\"SHF_eb00128406_Ethnologisches-Museum-1024x659.jpg\",\"width\":1024,\"height\":659,\"mime-type\":\"image\\\/jpeg\",\"filesize\":91579},\"thumbnail\":{\"file\":\"SHF_eb00128406_Ethnologisches-Museum-150x150.jpg\",\"width\":150,\"height\":150,\"mime-type\":\"image\\\/jpeg\",\"filesize\":6735},\"medium_large\":{\"file\":\"SHF_eb00128406_Ethnologisches-Museum-768x494.jpg\",\"width\":768,\"height\":494,\"mime-type\":\"image\\\/jpeg\",\"filesize\":59772},\"small\":{\"file\":\"SHF_eb00128406_Ethnologisches-Museum-440x283.jpg\",\"width\":440,\"height\":283,\"mime-type\":\"image\\\/jpeg\",\"filesize\":25311},\"semi\":{\"file\":\"SHF_eb00128406_Ethnologisches-Museum-580x373.jpg\",\"width\":580,\"height\":373,\"mime-type\":\"image\\\/jpeg\",\"filesize\":39286},\"mobile\":{\"file\":\"SHF_eb00128406_Ethnologisches-Museum-720x464.jpg\",\"width\":720,\"height\":464,\"mime-type\":\"image\\\/jpeg\",\"filesize\":53658},\"original\":{\"file\":\"SHF_eb00128406_Ethnologisches-Museum.jpg\",\"width\":1280,\"height\":824}},\n\t\t\t\t\"alt_d\" : \"Museumsausstellung mit Vitrinen, die Kunstwerke und Artefakte zeigen, w\\u00e4hrend Besucher interaktiv mit den Exponaten umgehen.\",\n\t\t\t\t\"path_d\" : \"\\\/wp-content\\\/uploads\\\/2022\\\/08\\\/\",\n\t\t\t\t\"autoplay_d\" : null,\n\t\t\t\t\"crop_d\" : null,\n\t\t\t\t\"background_d\" : true,\n\t\t\t\t\"scale_d\" : 1,\n\n\t\t\t\t\"sizes_m\" : [],\n\t\t\t\t\"alt_m\" : null,\n\t\t\t\t\"path_m\" : null,\n\t\t\t\t\"autoplay_m\" : null,\n\t\t\t\t\"crop_m\" : null,\n\t\t\t\t\"background_m\" : true,\n\t\t\t\t\"scale_m\" : 1,\n\n\t\t\t\t\"has_mobile_format\" : false,\n\t\t\t\t\"has_ad\" : false,\n\t\t\t\t\"audio_description_yt\" : null\t\t\t\t}\n\t\t\t<\/script>\n\t\t\t<div class=\"height-container\" style=\"padding-bottom:64.375%;\" v-if=\"sizes\" data-motion-parallax='{\"child\":\".image-wrapper\",\"mask\":\".lazy-media\",\"tween\":{\"yPercent\": [-15,15]}}'>\n\t\t\t\t<lazy-media :inline=\"true\" :scale=\"scale\" :alt=\"alt\" :sizes=\"sizes\" :brightness=\"brightness\" :path=\"path\" :video=\"video\" :autoplay=\"autoplay\" :youtube=\"youtube\" :crop=\"crop\" :youtubelabel=\"youtubelabel\" :background=\"background\" media-id=\"desc_m_69de33cd02cb6\"><\/lazy-media>\n\t\t\t\t<button class=\"autoplay-audio-description-btn icon-background icon-audio-describtions\" @click=\"audioDescriptionPlay\" v-if=\"hasAudioDescription\" aria-label=\"Audiodeskription aufrufen\"><\/button>\n\t\t\t<\/div>\n\t\t\t\t\t\t<div class=\"lazy-media-info-container-fluid\">\n\t\t\t\t<div class=\"lazy-media-info-row end-xs\">\n\t\t\t\t\t<div class=\"lazy-media-info-col\">\n\t\t\t\t\t\t<div class=\"lazy-media-info\" aria-expanded=\"false\" :aria-expanded=\"isOpen ? 'true' : 'false'\">\n\t\t\t\t\t\t\t<button class=\"lazy-media-info-head button-tiny insignificant\" :class=\"{'button-active': isOpen}\" @click=\"toggle\" ref=\"head\"><span class=\"button-label insignificant\">Bildinfo<\/span><\/button>\n\t\t\t\t\t\t\t<figcaption class=\"lazy-media-info-body\" ref=\"body\" id=\"desc_m_69de33cd02cb6\">\n\t\t\t\t\t\t\t\t<div class=\"lazy-media-info-body-content\">\n\t\t\t\t\t\t\t\t\t\t\t\t\t\t\t\t\t\t<div>Federmantel (Hawaii, vor 1819) im Modul Kunst aus Ozeanien. Ritual und Ausdruck des Ethnologischen Museums im Humboldt Forum <\/div>\t\t\t\t\t\t\t\t\t<div class=\"insignificant\">\u00a9 Staatliche Museen zu Berlin, Ethnologisches Museum \/ Stiftung Humboldt Forum im Berliner Schloss \/ Foto: David von Becker<\/div>\t\t\t\t\t\t\t\t<\/div>\n\t\t\t\t\t\t\t<\/figcaption>\n\t\t\t\t\t\t\t<div class=\"lazy-media-info-head-border\"><\/div>\n\t\t\t\t\t\t<\/div>\n\t\t\t\t\t<\/div>\n\t\t\t\t<\/div>\n\t\t\t<\/div>\n\t\t\t\t\t<\/figure>\n\t<\/block-header>\n<\/section>\n\n<section class=\"block block-copy\" >\n    <div class=\"container-fluid\">\n\t\t<div class=\"row \">\n            <div class=\"col-xs-12 col-md-offset-2 col-md-8\">\n                <div class=\"box\">\n                    <div class=\"copy\"><p>Von Beziehungen zwischen Dingen, Menschen und Gottheiten, von der Leben gebenden und nehmenden Kraft \u201emana\u201c und vom heiligen Zustand \u201etapu\u201c erz\u00e4hlt das Modul \u201eG\u00f6ttlichkeit in Polynesien\u201c: Die polynesischen Gesellschaften waren bis ins 19. Jh. streng hierarchisch. An der Spitze stand der Geburtsadel, aus dem auch die Herrschenden stammten.<\/p>\n<p>Die herrschenden M\u00e4nner und Frauen galten als g\u00f6ttlichen Ursprungs: Durch sie nahmen die Gottheiten und verg\u00f6ttlichten Ahnen Kontakt mit den Menschen auf. Sie garantierten und wachten \u00fcber Gesundheit, Erfolg und Wohlstand der Menschen. Durch Opfergaben, Zeremonien und Tribute wurden sie geehrt und wohlwollend gestimmt.<\/p>\n<p>Objekte standen im Mittelpunkt dieser Beziehungen zwischen Herrschenden und Gottheiten. Eins dieser beeindruckenden Objekte kann nun im Humboldt Forum bestaunt werden: Ein Federmantel aus Hawai\u2019i. Federm\u00e4ntel (\u02bbahu \u02bbula) geh\u00f6ren zu den faszinierendsten Gegenst\u00e4nden von Hawai\u02bbi. Frauen bereiteten die Federn vor und M\u00e4nner befestigten Tausende von Federn auf einer Art Fischfangnetz und verarbeiteten sie zu den seltenen M\u00e4nteln. Die M\u00e4ntel waren Symbole der Macht und G\u00f6ttlichkeit der Herrschenden und wurden zumeist bei Zeremonien nur von ranghohen Personen getragen. Zusammen mit einem Helm sch\u00fctzten sie die heiligsten K\u00f6rperteile eines Herrschers, Kopf und R\u00fcckgrat. Die M\u00e4ntel waren selten und wurden unter ranghohen Personen vererbt.<\/p>\n<p>Federm\u00e4ntel waren bis in das 19. Jahrhundert auch wichtige Tauschgegenst\u00e4nde in Hawai\u02bbi, um Beziehungen herzustellen oder Personen auszuzeichnen. Honolulu war ein Zentrum deutschen Handels, das die preu\u00dfischen Seehandelsschiffe als Zwischenstation auf dem Weg nach Ostasien ansteuerten. K\u00f6nig Kamehameha III. (reg. 1824\u20131854) von Hawai\u2019i schenkte 1828 K\u00f6nig Friedrich Wilhelm III. von Preu\u00dfen diesen Mantel, den einst sein Vater K\u00f6nig Kamehameha I. (reg. 1795\u20131819) getragen haben soll. Dazu \u00fcbergab er den Mantel an Wilhelm Oswald, der ihn zusammen mit anderen Gegenst\u00e4nden auf dem preu\u00dfischen Seehandlungsschiff Princess Louise nach Berlin brachte und Friedrich Wilhelm III. \u00fcberreichte. Im Gegenzug erhielt Kamehameha III. 1831 von dem preu\u00dfischen K\u00f6nig u.a. eine Gardeuniform, ein Portr\u00e4t des K\u00f6nigs Friedrich Wilhelm III. in \u00d6l, ein Portr\u00e4t von General Bl\u00fccher, Sattel, Schwert und Pistolen sowie preu\u00dfische Industrieg\u00fcter wie Lehnstuhl, Hut, Kleid und Schmuck.<\/p>\n<p>&nbsp;<\/p>\n<\/div>\n                <\/div>\n            <\/div>\n\t\t<\/div>\n\t\t    <\/div>\n<\/section>\n\n<section class=\"block block-headline block-no-margin \" >\n\t<div class=\"container-fluid\">\n\t\t<div class=\"row\">\n\t\t\t\t\t\t\t<div class=\"col-xs-12\">\n\t\t\t\t\t<div class=\"box\">\n\t\t\t\t\t\t<h2 class=\".h5\">Hier finde ich dieses Must See! <\/h2>\n\t\t\t\t\t<\/div>\n\t\t\t\t<\/div>\n\t\t\t\t\t<\/div>\n\t<\/div>\n<\/section>\n\n\n\n\n<section class=\"block block-standard-image-copy rev2nd\"> \n\t<div class=\"container-fluid\">\n\t\t<div class=\"row middle-sm\">\n\t\t\t<div class=\"col-xs-10 col-sm-6 margin-bottom-sixth\" data-motion-parallax='{\"child\":\".image-wrapper\",\"mask\":\".lazy-media\",\"tween\":{\"yPercent\": [-15,15]}}'>\n\t\t\t\t\n\t<lazy-media-inline inline-template>\n\t\t<figure itemscope itemtype=\"http:\/\/schema.org\/ImageObject\" class=\"lazy-media-inline \" role=\"group\" id=\"media_69de33cd081fb\" aria-labelledby=\"desc_media_69de33cd081fb\">\n\t\t\t<script type=\"application\/json\" ref=\"data\">\n\t\t\t\t{\n\t\t\t\t\"sizes\" : {\"medium\":{\"file\":\"SMB_Grundrisse_2OG_quer_1500x1000px_220901-1-300x200.jpg\",\"width\":300,\"height\":200,\"mime-type\":\"image\\\/jpeg\",\"filesize\":12075},\"large\":{\"file\":\"SMB_Grundrisse_2OG_quer_1500x1000px_220901-1-1024x683.jpg\",\"width\":1024,\"height\":683,\"mime-type\":\"image\\\/jpeg\",\"filesize\":57859},\"thumbnail\":{\"file\":\"SMB_Grundrisse_2OG_quer_1500x1000px_220901-1-150x150.jpg\",\"width\":150,\"height\":150,\"mime-type\":\"image\\\/jpeg\",\"filesize\":6311},\"medium_large\":{\"file\":\"SMB_Grundrisse_2OG_quer_1500x1000px_220901-1-768x512.jpg\",\"width\":768,\"height\":512,\"mime-type\":\"image\\\/jpeg\",\"filesize\":41246},\"small\":{\"file\":\"SMB_Grundrisse_2OG_quer_1500x1000px_220901-1-440x293.jpg\",\"width\":440,\"height\":293,\"mime-type\":\"image\\\/jpeg\",\"filesize\":20122},\"semi\":{\"file\":\"SMB_Grundrisse_2OG_quer_1500x1000px_220901-1-580x387.jpg\",\"width\":580,\"height\":387,\"mime-type\":\"image\\\/jpeg\",\"filesize\":28042},\"mobile\":{\"file\":\"SMB_Grundrisse_2OG_quer_1500x1000px_220901-1-720x480.jpg\",\"width\":720,\"height\":480,\"mime-type\":\"image\\\/jpeg\",\"filesize\":36828},\"hd\":{\"file\":\"SMB_Grundrisse_2OG_quer_1500x1000px_220901-1-1280x853.jpg\",\"width\":1280,\"height\":853,\"mime-type\":\"image\\\/jpeg\",\"filesize\":80010},\"original\":{\"file\":\"SMB_Grundrisse_2OG_quer_1500x1000px_220901-1.jpg\",\"width\":1500,\"height\":1000}},\n\t\t\t\t\"alt\" : \"Schematische Darstellung eines Geb\\u00e4udefl floors mit nummerierten R\\u00e4umen und Treppen von 200 bis 220.\",\n\t\t\t\t\"path\" : \"\\\/wp-content\\\/uploads\\\/2022\\\/09\\\/\",\n\t\t\t\t\"video\" : null,\n\t\t\t\t\"autoplay\" : null,\n\t\t\t\t\"youtube\" : null,\n\t\t\t\t\"youtubelabel\" : \"Video abspielen\",\n\t\t\t\t\"brightness\" : 100,\n\t\t\t\t\"crop\" : null,\n\t\t\t\t\"background\" : false,\n\t\t\t\t\"scale\" : 1\t\t\t\t}\n\t\t\t<\/script>\n\n\t\t\t<div class=\"height-container\" style=\"padding-bottom:66.666666666667%;\" v-if=\"sizes\">\n\t\t\t\t\t\t\t\t<lazy-media :inline=\"true\" :alt=\"alt\" :sizes=\"sizes\" :scale=\"scale\" :brightness=\"brightness\" :path=\"path\" :video=\"video\" :autoplay=\"autoplay\" :youtube=\"youtube\" :crop=\"crop\" :youtubelabel=\"youtubelabel\" :background=\"background\" media-id=\"desc_media_69de33cd081fb\"><\/lazy-media>\n\t\t\t\t\t\t\t<\/div>\n\n\t\t\t\t\t\t\t\t<\/figure>\n\t<\/lazy-media-inline>\n\t\t\t<\/div>\n\t\t\t<div class=\"col-xs-10 col-sm-6 col-md-5 copy margin-bottom-half\"><p>Raum 219 \u2013 <em>Ozeanien: Rituale und Glaubenswelten<\/em><\/p>\n<\/div>\n\t\t<\/div>\n\t<\/div>\n<\/section>\n\n<section class=\"block block-CTA block-CTA-long leftgradient\">\n\t<div class=\"container-fluid\">\n\t\t<div class=\"row center-xs\">\n\t\t\t<div class=\"col-xs-12\">\n\t\t\t\t<div class=\"box\">\n\t\t\t\t\t<a href=\"https:\/\/www.humboldtforum.org\/de\/programm\/dauerangebot\/ausstellung\/ethnologische-sammlungen-und-asiatische-kunst-46021\/\" aria-label=\"\" class=\"teaser teaser-cta-wide \">\n\t\t\t\t\t\t<div class=\"teaser-image\">\n\t\t\t\t\t\t\t\n\t<lazy-media-inline inline-template>\n\t\t<figure itemscope itemtype=\"http:\/\/schema.org\/ImageObject\" class=\"lazy-media-inline \" role=\"group\" id=\"media_69de33cd0a0da\" aria-labelledby=\"desc_media_69de33cd0a0da\">\n\t\t\t<script type=\"application\/json\" ref=\"data\">\n\t\t\t\t{\n\t\t\t\t\"sizes\" : {\"medium\":{\"file\":\"EM-Schmal-300x86.jpg\",\"width\":300,\"height\":86,\"mime-type\":\"image\\\/jpeg\",\"filesize\":5044},\"large\":{\"file\":\"EM-Schmal-1024x295.jpg\",\"width\":1024,\"height\":295,\"mime-type\":\"image\\\/jpeg\",\"filesize\":25111},\"thumbnail\":{\"file\":\"EM-Schmal-150x150.jpg\",\"width\":150,\"height\":150,\"mime-type\":\"image\\\/jpeg\",\"filesize\":5792},\"medium_large\":{\"file\":\"EM-Schmal-768x221.jpg\",\"width\":768,\"height\":221,\"mime-type\":\"image\\\/jpeg\",\"filesize\":16684},\"small\":{\"file\":\"EM-Schmal-440x127.jpg\",\"width\":440,\"height\":127,\"mime-type\":\"image\\\/jpeg\",\"filesize\":7879},\"semi\":{\"file\":\"EM-Schmal-580x167.jpg\",\"width\":580,\"height\":167,\"mime-type\":\"image\\\/jpeg\",\"filesize\":11595},\"mobile\":{\"file\":\"EM-Schmal-720x207.jpg\",\"width\":720,\"height\":207,\"mime-type\":\"image\\\/jpeg\",\"filesize\":15153},\"hd\":{\"file\":\"EM-Schmal-1280x369.jpg\",\"width\":1280,\"height\":369,\"mime-type\":\"image\\\/jpeg\",\"filesize\":34746},\"1536x1536\":{\"file\":\"EM-Schmal-1536x442.jpg\",\"width\":1536,\"height\":442,\"mime-type\":\"image\\\/jpeg\",\"filesize\":45044},\"original\":{\"file\":\"EM-Schmal.jpg\",\"width\":1636,\"height\":471}},\n\t\t\t\t\"alt\" : \"Skulptur einer Gottheit vor einem lebhaften, geometrischen Hintergrund.\",\n\t\t\t\t\"path\" : \"\\\/wp-content\\\/uploads\\\/2022\\\/09\\\/\",\n\t\t\t\t\"video\" : null,\n\t\t\t\t\"autoplay\" : null,\n\t\t\t\t\"youtube\" : null,\n\t\t\t\t\"youtubelabel\" : \"Video abspielen\",\n\t\t\t\t\"brightness\" : \"100\",\n\t\t\t\t\"crop\" : null,\n\t\t\t\t\"background\" : true,\n\t\t\t\t\"scale\" : 1\t\t\t\t}\n\t\t\t<\/script>\n\n\t\t\t<div class=\"height-container\" style=\"padding-bottom:28.789731051345%;\" v-if=\"sizes\">\n\t\t\t\t\t\t\t\t<lazy-media :inline=\"true\" :alt=\"alt\" :sizes=\"sizes\" :scale=\"scale\" :brightness=\"brightness\" :path=\"path\" :video=\"video\" :autoplay=\"autoplay\" :youtube=\"youtube\" :crop=\"crop\" :youtubelabel=\"youtubelabel\" :background=\"background\" media-id=\"desc_media_69de33cd0a0da\"><\/lazy-media>\n\t\t\t\t\t\t\t<\/div>\n\n\t\t\t\t\t\t\t<figcaption class=\"sr-only\" ref=\"body\" id=\"desc_media_69de33cd0a0da\">\n\t\t\t\t\t\t\t\t\t\t\t\t\t\t\t\t\t\t\t\t\t<div class=\"insignificant\">\u00a9 Staatliche Museen zu Berlin, Museum f\u00fcr Asiatische Kunst; Stiftung Humboldt Forum im Berliner Schloss \/ digitale Reproduktion: Jester Blank GbR<\/div>\n\t\t\t\t\t\t\t\t\t<\/figcaption>\n\t\t\t\t\t<\/figure>\n\t<\/lazy-media-inline>\n\t\t\t\t\t\t<\/div>\n\t\t\t\t\t\t<div class=\"teaser-content \">\n\t\t\t\t\t\t\t<div>\n\t\t\t\t\t\t\t\t\t\t\t\t\t\t\t\t<div class=\"teaser-header\"><span class=\"h3\"><\/span><\/div>\n\t\t\t\t\t\t\t\t\t\t\t\t\t\t\t\t<button tabindex=\"-1\" class=\"border\">Ethnologische Sammlungen und Asiatische Kunst<\/button>\n\t\t\t\t\t\t\t<\/div>\n\t\t\t\t\t\t<\/div>\n\t\t\t\t\t<\/a>\n\t\t\t\t<\/div>\n\t\t\t<\/div>\n\t\t<\/div>\n\t<\/div>\n<\/section>\n","protected":false},"excerpt":{"rendered":"","protected":false},"author":30,"featured_media":49555,"parent":0,"menu_order":0,"comment_status":"closed","ping_status":"closed","template":"","meta":{"_acf_changed":false,"footnotes":""},"class_list":["post-49554","page","type-page","status-publish","has-post-thumbnail","hentry"],"acf":[],"_links":{"self":[{"href":"https:\/\/www.humboldtforum.org\/de\/wp-json\/wp\/v2\/pages\/49554","targetHints":{"allow":["GET"]}}],"collection":[{"href":"https:\/\/www.humboldtforum.org\/de\/wp-json\/wp\/v2\/pages"}],"about":[{"href":"https:\/\/www.humboldtforum.org\/de\/wp-json\/wp\/v2\/types\/page"}],"author":[{"embeddable":true,"href":"https:\/\/www.humboldtforum.org\/de\/wp-json\/wp\/v2\/users\/30"}],"replies":[{"embeddable":true,"href":"https:\/\/www.humboldtforum.org\/de\/wp-json\/wp\/v2\/comments?post=49554"}],"version-history":[{"count":5,"href":"https:\/\/www.humboldtforum.org\/de\/wp-json\/wp\/v2\/pages\/49554\/revisions"}],"predecessor-version":[{"id":52852,"href":"https:\/\/www.humboldtforum.org\/de\/wp-json\/wp\/v2\/pages\/49554\/revisions\/52852"}],"wp:featuredmedia":[{"embeddable":true,"href":"https:\/\/www.humboldtforum.org\/de\/wp-json\/wp\/v2\/media\/49555"}],"wp:attachment":[{"href":"https:\/\/www.humboldtforum.org\/de\/wp-json\/wp\/v2\/media?parent=49554"}],"curies":[{"name":"wp","href":"https:\/\/api.w.org\/{rel}","templated":true}]}}