{"id":50617,"date":"2022-09-02T14:44:42","date_gmt":"2022-09-02T12:44:42","guid":{"rendered":"https:\/\/www.humboldtforum.org\/?page_id=50617"},"modified":"2022-09-14T09:36:24","modified_gmt":"2022-09-14T07:36:24","slug":"ohne-titel","status":"publish","type":"page","link":"https:\/\/www.humboldtforum.org\/de\/ohne-titel\/","title":{"rendered":"Kunst am Bau: Ohne Titel"},"content":{"rendered":"<section class=\"block block-header-headline\" >\n    <div class=\"container-fluid\">\n        <div class=\"row\">\n\t\t\t\t\t\t\t<div class=\"col-xs-12 col-md-offset-2 col-md-8\">\n\t\t\t\t\t<div class=\"box\">\n\t\t\t\t\t\t<div class=\"subline\">Kunstwerk von Tim Trantenroth<\/div>\n\t\t\t\t\t<\/div>\n\t\t\t\t<\/div>\n\t\t\t\n                            <div class=\"col-xs-12 col-md-offset-2 col-md-8\">\n                    <div class=\"box\">\n                        <h1>Kunst am Bau: Ohne Titel<\/h1>\n                    <\/div>\n                <\/div>\n                    <\/div>\n    <\/div>\n<\/section>\n\n\n\n\n<section class=\"block block-header\" >\n\t<block-header inline-template>\n\t\t<figure role=\"group\" aria-labelledby=\"desc_m_69ddf67bc97c9\">\n\n\t\t\t<script type=\"application\/json\" ref=\"data\">\n\t\t\t\t{\n\t\t\t\t\"sizes_d\" : {\"medium\":{\"file\":\"SHF_eb00116255-300x222.jpg\",\"width\":300,\"height\":222,\"mime-type\":\"image\\\/jpeg\",\"filesize\":18644},\"large\":{\"file\":\"SHF_eb00116255-1024x757.jpg\",\"width\":1024,\"height\":757,\"mime-type\":\"image\\\/jpeg\",\"filesize\":114029},\"thumbnail\":{\"file\":\"SHF_eb00116255-150x150.jpg\",\"width\":150,\"height\":150,\"mime-type\":\"image\\\/jpeg\",\"filesize\":8217},\"medium_large\":{\"file\":\"SHF_eb00116255-768x568.jpg\",\"width\":768,\"height\":568,\"mime-type\":\"image\\\/jpeg\",\"filesize\":74970},\"small\":{\"file\":\"SHF_eb00116255-440x325.jpg\",\"width\":440,\"height\":325,\"mime-type\":\"image\\\/jpeg\",\"filesize\":32823},\"semi\":{\"file\":\"SHF_eb00116255-580x429.jpg\",\"width\":580,\"height\":429,\"mime-type\":\"image\\\/jpeg\",\"filesize\":49940},\"mobile\":{\"file\":\"SHF_eb00116255-720x532.jpg\",\"width\":720,\"height\":532,\"mime-type\":\"image\\\/jpeg\",\"filesize\":68598},\"original\":{\"file\":\"SHF_eb00116255.jpg\",\"width\":1280,\"height\":946}},\n\t\t\t\t\"alt_d\" : \"Moderne Innenansicht mit Treppen, Glasgel\\u00e4ndern und bunten Wandgestaltungen in Orange- und Braunt\\u00f6nen.\",\n\t\t\t\t\"path_d\" : \"\\\/wp-content\\\/uploads\\\/2022\\\/09\\\/\",\n\t\t\t\t\"autoplay_d\" : null,\n\t\t\t\t\"crop_d\" : null,\n\t\t\t\t\"background_d\" : true,\n\t\t\t\t\"scale_d\" : 1,\n\n\t\t\t\t\"sizes_m\" : [],\n\t\t\t\t\"alt_m\" : null,\n\t\t\t\t\"path_m\" : null,\n\t\t\t\t\"autoplay_m\" : null,\n\t\t\t\t\"crop_m\" : null,\n\t\t\t\t\"background_m\" : true,\n\t\t\t\t\"scale_m\" : 1,\n\n\t\t\t\t\"has_mobile_format\" : false,\n\t\t\t\t\"has_ad\" : false,\n\t\t\t\t\"audio_description_yt\" : null\t\t\t\t}\n\t\t\t<\/script>\n\t\t\t<div class=\"height-container\" style=\"padding-bottom:73.90625%;\" v-if=\"sizes\" data-motion-parallax='{\"child\":\".image-wrapper\",\"mask\":\".lazy-media\",\"tween\":{\"yPercent\": [-15,15]}}'>\n\t\t\t\t<lazy-media :inline=\"true\" :scale=\"scale\" :alt=\"alt\" :sizes=\"sizes\" :brightness=\"brightness\" :path=\"path\" :video=\"video\" :autoplay=\"autoplay\" :youtube=\"youtube\" :crop=\"crop\" :youtubelabel=\"youtubelabel\" :background=\"background\" media-id=\"desc_m_69ddf67bc97c9\"><\/lazy-media>\n\t\t\t\t<button class=\"autoplay-audio-description-btn icon-background icon-audio-describtions\" @click=\"audioDescriptionPlay\" v-if=\"hasAudioDescription\" aria-label=\"Audiodeskription aufrufen\"><\/button>\n\t\t\t<\/div>\n\t\t\t\t\t\t<div class=\"lazy-media-info-container-fluid\">\n\t\t\t\t<div class=\"lazy-media-info-row end-xs\">\n\t\t\t\t\t<div class=\"lazy-media-info-col\">\n\t\t\t\t\t\t<div class=\"lazy-media-info\" aria-expanded=\"false\" :aria-expanded=\"isOpen ? 'true' : 'false'\">\n\t\t\t\t\t\t\t<button class=\"lazy-media-info-head button-tiny insignificant\" :class=\"{'button-active': isOpen}\" @click=\"toggle\" ref=\"head\"><span class=\"button-label insignificant\">Bildinfo<\/span><\/button>\n\t\t\t\t\t\t\t<figcaption class=\"lazy-media-info-body\" ref=\"body\" id=\"desc_m_69ddf67bc97c9\">\n\t\t\t\t\t\t\t\t<div class=\"lazy-media-info-body-content\">\n\t\t\t\t\t\t\t\t\t\t\t\t\t\t\t\t\t\t<div>Tim Trantenroth, Ohne Titel, Kunst am Bau im Humboldt Forum <\/div>\t\t\t\t\t\t\t\t\t<div class=\"insignificant\">\u00a9 Tim Trantenroth, Ohne Titel, 2020 \/ Stiftung Humboldt Forum im Berliner Schloss, Foto: Alexander Schippel<\/div>\t\t\t\t\t\t\t\t<\/div>\n\t\t\t\t\t\t\t<\/figcaption>\n\t\t\t\t\t\t\t<div class=\"lazy-media-info-head-border\"><\/div>\n\t\t\t\t\t\t<\/div>\n\t\t\t\t\t<\/div>\n\t\t\t\t<\/div>\n\t\t\t<\/div>\n\t\t\t\t\t<\/figure>\n\t<\/block-header>\n<\/section>\n\n<section class=\"block block-copy\" >\n    <div class=\"container-fluid\">\n\t\t<div class=\"row \">\n            <div class=\"col-xs-12 col-md-offset-2 col-md-8\">\n                <div class=\"box\">\n                    <div class=\"copy\"><p>Nichts ist f\u00fcr die Ewigkeit: Zwischen 2006 und 2008 wurde der Palast der Republik abgerissen. An gleicher Stelle entstand einige Jahre und eine Zwischennutzung sp\u00e4ter das Humboldt Forum. Doch der aus dem Stadtraum verschwundene Palast der Republik, ab Mitte der 1970er Jahre Sitz der Volkskammer der DDR und zugleich Kulturhaus, hinterl\u00e4sst seine Spuren in diesem Neubau an historischem Ort: auf einem gro\u00dffl\u00e4chigen Wandbild im Treppenhaus \u00fcber Portal 5 des Humboldt Forums. Der in Berlin lebende K\u00fcnstler Tim Trantenroth r\u00fcckt an dieser Stelle wie in einem Nachhall die Fassade des 1990 geschlossenen Palastes mit ihren goldbronzenen Glasscheiben in den Mittelpunkt. Seine Arbeit zieht sich \u00fcber die gesamte Portalwand und vermittelt einen kompakten Raumeindruck. Mit fast 200 verschiedenen Farbnuancen erinnert das abstrakte Raster an die architektonische H\u00fclle des DDR-Geb\u00e4udes. Trantenroth belegte mit seinem Kunstwerk, in dem es um Verlust, Erinnerung und den Umgang mit Geschichte geht, den ersten Platz bei einem der Wettbewerbe f\u00fcr die sieben Kunst-am-Bau-Standorte im Humboldt Forum. Er selbst hatte das Werk als Provokation oder auch als Scherz gedacht. Umso erstaunter war er, als er den Wettbewerb gewann.<br \/>\nOhne Titel, Tim Trantenroth, 2020, Acrylfarbe<\/p>\n<\/div>\n                <\/div>\n            <\/div>\n\t\t<\/div>\n\t\t    <\/div>\n<\/section>\n\n\n<section class=\"block block-gallery\">\n\t<div class=\"container-fluid\">\n\t\t<div class=\"row center-xs\">\n\t\t\t<div class=\"col-xs-12\">\n\t\t\t\t<div class=\"box text-align-left\">\n\t\t\t\t\t<block-gallery inline-template>\n\t\t\t\t\t\t<div :class=\"{ firstLoaded: firstLoaded }\">\n\t\t\t\t\t\t\t<script type=\"application\/json\" ref=\"data\">\n\t\t\t\t\t\t\t{\n\t\t\t\t\t\t\t\t\"images\" : [{\"id\":0,\"width\":1280,\"height\":1240,\"alt\":\"Moderne Treppe mit transparentem Gel&auml;nder, bunten W&auml;nden und viel nat&uuml;rlichem Licht in einem hellen Innenraum.\",\"title\":\"\",\"description\":\"Tim Trantenroth, Ohne Titel, 2020, Kunst am Bau im Humboldt Forum, Detail\",\"label\":\"Humboldt Forum, Kunst am Bau, Tim Trantenroth, Ohne Titel, 2. und 3. Geschoss, Portalraum &uuml;ber Hofportal 5, O3.T33.P5\",\"copyright\":\"Tim Trantenroth, Ohne Titel, 2020 \\\/ Stiftung Humboldt Forum im Berliner Schloss, Foto: Cordia Schlegelmilch\",\"path\":\"\\\/wp-content\\\/uploads\\\/2022\\\/09\\\/\",\"sizes\":{\"medium\":{\"file\":\"SHF_eb00134391-2-300x291.jpg\",\"width\":300,\"height\":291,\"mime-type\":\"image\\\/jpeg\",\"filesize\":19783},\"large\":{\"file\":\"SHF_eb00134391-2-1024x992.jpg\",\"width\":1024,\"height\":992,\"mime-type\":\"image\\\/jpeg\",\"filesize\":122030},\"thumbnail\":{\"file\":\"SHF_eb00134391-2-150x150.jpg\",\"width\":150,\"height\":150,\"mime-type\":\"image\\\/jpeg\",\"filesize\":7040},\"medium_large\":{\"file\":\"SHF_eb00134391-2-768x744.jpg\",\"width\":768,\"height\":744,\"mime-type\":\"image\\\/jpeg\",\"filesize\":80884},\"small\":{\"file\":\"SHF_eb00134391-2-440x426.jpg\",\"width\":440,\"height\":426,\"mime-type\":\"image\\\/jpeg\",\"filesize\":35228},\"semi\":{\"file\":\"SHF_eb00134391-2-580x562.jpg\",\"width\":580,\"height\":562,\"mime-type\":\"image\\\/jpeg\",\"filesize\":53809},\"mobile\":{\"file\":\"SHF_eb00134391-2-720x698.jpg\",\"width\":720,\"height\":698,\"mime-type\":\"image\\\/jpeg\",\"filesize\":73283},\"original\":{\"file\":\"SHF_eb00134391-2.jpg\",\"width\":1280,\"height\":1240}}},{\"id\":1,\"width\":1280,\"height\":959,\"alt\":\"Moderne Treppe mit Glasgel&auml;nder und einer Wanddekoration in Orange und Schwarz in einem hellen Raum.\",\"title\":\"\",\"description\":\"Tim Trantenroth, Ohne Titel, Wandmalerei im Humboldt Forum, Detail Treppenaufgang links, (TIF)\",\"label\":\"\",\"copyright\":\"Tim Trantenroth, Ohne Titel, 2020 \\\/ Stiftung Humboldt Forum im Berliner Schloss, Foto: Bernd Borchardt\",\"path\":\"\\\/wp-content\\\/uploads\\\/2022\\\/09\\\/\",\"sizes\":{\"medium\":{\"file\":\"SHF_eb00132078-300x225.jpg\",\"width\":300,\"height\":225,\"mime-type\":\"image\\\/jpeg\",\"filesize\":18551},\"large\":{\"file\":\"SHF_eb00132078-1024x767.jpg\",\"width\":1024,\"height\":767,\"mime-type\":\"image\\\/jpeg\",\"filesize\":114809},\"thumbnail\":{\"file\":\"SHF_eb00132078-150x150.jpg\",\"width\":150,\"height\":150,\"mime-type\":\"image\\\/jpeg\",\"filesize\":8051},\"medium_large\":{\"file\":\"SHF_eb00132078-768x575.jpg\",\"width\":768,\"height\":575,\"mime-type\":\"image\\\/jpeg\",\"filesize\":76009},\"small\":{\"file\":\"SHF_eb00132078-440x330.jpg\",\"width\":440,\"height\":330,\"mime-type\":\"image\\\/jpeg\",\"filesize\":32926},\"semi\":{\"file\":\"SHF_eb00132078-580x435.jpg\",\"width\":580,\"height\":435,\"mime-type\":\"image\\\/jpeg\",\"filesize\":50655},\"mobile\":{\"file\":\"SHF_eb00132078-720x539.jpg\",\"width\":720,\"height\":539,\"mime-type\":\"image\\\/jpeg\",\"filesize\":69047},\"original\":{\"file\":\"SHF_eb00132078.jpg\",\"width\":1280,\"height\":959}}}]\t\t\t\t\t\t\t}\n\t\t\t\t\t\t\t<\/script>\n\n\t\t\t\t\t\t\t<swiper :options=\"options\" @slide-change=\"track\">\n\t\t\t\t\t\t\t\t<div class=\"swiper-slide\" :key=\"image.id\" v-for=\"image in images\">\n\t\t\t\t\t\t\t\t\t<block-gallery-item inline-template :image=\"image\">\n\t\t\t\t\t\t\t\t\t\t<figure class=\"swiper-slide-image-wrapper\" ref=\"parent\">\n\t\t\t\t\t\t\t\t\t\t\t<div class=\"width-container\" ref=\"container\" :style=\"style\">\n\t\t\t\t\t\t\t\t\t\t\t\t<div data-swiper-parallax-x=\"50%\">\n\t\t\t\t\t\t\t\t\t\t\t\t<img :src=\"image.src\" :alt=\"image.alt\" v-if=\"image.id < 2\">\n\t\t\t\t\t\t\t\t\t\t\t\t<img class=\"swiper-lazy\" :data-src=\"image.src\" :alt=\"image.alt\" v-else>\n\t\t\t\t\t\t\t\t\t\t\t\t<\/div>\n\t\t\t\t\t\t\t\t\t\t\t<\/div>\n\t\t\t\t\t\t\t\t\t\t<\/figure>\n\t\t\t\t\t\t\t\t\t<\/block-gallery-item>\n\n\t\t\t\t\t\t\t\t\t<figcaption>\n\t\t\t\t\t\t\t\t\t\t<div class=\"lazy-media-info-body-content\">\n\t\t\t\t\t\t\t\t\t\t\t<div v-html=\"image.label\"><\/div>\n\t\t\t\t\t\t\t\t\t\t\t<div v-html=\"image.description\"><\/div>\n\t\t\t\t\t\t\t\t\t\t\t<div class=\"insignificant\" v-if=\"image.copyright\" v-html=\"'\u00a9 '+image.copyright\"><\/div>\n\t\t\t\t\t\t\t\t\t\t<\/div>\n\t\t\t\t\t\t\t\t\t<\/figcaption>\n\t\t\t\t\t\t\t\t<\/div>\n\n\t\t\t\t\t\t\t\t<div class=\"swiper-pagination\"  slot=\"pagination\"><\/div>\n\n\t\t\t\t\t\t\t\t<button class=\"icon-round swiper-button-prev\" slot=\"button-prev\" aria-label=\"Vorheriges Bild\">\n\t\t\t\t\t\t\t\t\t<span class=\"icon-next\" aria-hidden=\"true\"><\/span>\n\t\t\t\t\t\t\t\t<\/button>\n\n\t\t\t\t\t\t\t\t<button class=\"icon-round swiper-button-next\" slot=\"button-next\" aria-label=\"N\u00e4chstes Bild\">\n\t\t\t\t\t\t\t\t\t<span class=\"icon-next\" aria-hidden=\"true\"><\/span>\n\t\t\t\t\t\t\t\t<\/button>\n\t\t\t\t\t\t\t<\/swiper>\n\t\t\t\t\t\t<\/div>\n\t\t\t\t\t<\/block-gallery>\n\t\t\t\t<\/div>\n\t\t\t<\/div>\n\t\t<\/div>\n\t<\/div>\n<\/section>\n\n<section class=\"block block-headline block-no-margin \" >\n\t<div class=\"container-fluid\">\n\t\t<div class=\"row\">\n\t\t\t\t\t\t\t<div class=\"col-xs-12\">\n\t\t\t\t\t<div class=\"box\">\n\t\t\t\t\t\t<h2 class=\".h5\">Hier finde ich dieses Must See! <\/h2>\n\t\t\t\t\t<\/div>\n\t\t\t\t<\/div>\n\t\t\t\t\t<\/div>\n\t<\/div>\n<\/section>\n\n\n\n\n<section class=\"block block-standard-image-copy rev2nd\"> \n\t<div class=\"container-fluid\">\n\t\t<div class=\"row middle-sm\">\n\t\t\t<div class=\"col-xs-10 col-sm-6 margin-bottom-sixth\" data-motion-parallax='{\"child\":\".image-wrapper\",\"mask\":\".lazy-media\",\"tween\":{\"yPercent\": [-15,15]}}'>\n\t\t\t\t\n\t<lazy-media-inline inline-template>\n\t\t<figure itemscope itemtype=\"http:\/\/schema.org\/ImageObject\" class=\"lazy-media-inline \" role=\"group\" id=\"media_69ddf67bcf56c\" aria-labelledby=\"desc_media_69ddf67bcf56c\">\n\t\t\t<script type=\"application\/json\" ref=\"data\">\n\t\t\t\t{\n\t\t\t\t\"sizes\" : {\"medium\":{\"file\":\"SMB_Grundrisse_2OG_quer_1500x1000px_220901-2-300x200.jpg\",\"width\":300,\"height\":200,\"mime-type\":\"image\\\/jpeg\",\"filesize\":12075},\"large\":{\"file\":\"SMB_Grundrisse_2OG_quer_1500x1000px_220901-2-1024x683.jpg\",\"width\":1024,\"height\":683,\"mime-type\":\"image\\\/jpeg\",\"filesize\":57859},\"thumbnail\":{\"file\":\"SMB_Grundrisse_2OG_quer_1500x1000px_220901-2-150x150.jpg\",\"width\":150,\"height\":150,\"mime-type\":\"image\\\/jpeg\",\"filesize\":6311},\"medium_large\":{\"file\":\"SMB_Grundrisse_2OG_quer_1500x1000px_220901-2-768x512.jpg\",\"width\":768,\"height\":512,\"mime-type\":\"image\\\/jpeg\",\"filesize\":41246},\"small\":{\"file\":\"SMB_Grundrisse_2OG_quer_1500x1000px_220901-2-440x293.jpg\",\"width\":440,\"height\":293,\"mime-type\":\"image\\\/jpeg\",\"filesize\":20122},\"semi\":{\"file\":\"SMB_Grundrisse_2OG_quer_1500x1000px_220901-2-580x387.jpg\",\"width\":580,\"height\":387,\"mime-type\":\"image\\\/jpeg\",\"filesize\":28042},\"mobile\":{\"file\":\"SMB_Grundrisse_2OG_quer_1500x1000px_220901-2-720x480.jpg\",\"width\":720,\"height\":480,\"mime-type\":\"image\\\/jpeg\",\"filesize\":36828},\"hd\":{\"file\":\"SMB_Grundrisse_2OG_quer_1500x1000px_220901-2-1280x853.jpg\",\"width\":1280,\"height\":853,\"mime-type\":\"image\\\/jpeg\",\"filesize\":80010},\"original\":{\"file\":\"SMB_Grundrisse_2OG_quer_1500x1000px_220901-2.jpg\",\"width\":1500,\"height\":1000}},\n\t\t\t\t\"alt\" : \"Grundriss mit Raumnummern, Treppen und Aufz\\u00fcgen. \\u00dcbersicht des Geb\\u00e4udes mit verschiedenen Etagen.\",\n\t\t\t\t\"path\" : \"\\\/wp-content\\\/uploads\\\/2022\\\/09\\\/\",\n\t\t\t\t\"video\" : null,\n\t\t\t\t\"autoplay\" : null,\n\t\t\t\t\"youtube\" : null,\n\t\t\t\t\"youtubelabel\" : \"Video abspielen\",\n\t\t\t\t\"brightness\" : 100,\n\t\t\t\t\"crop\" : null,\n\t\t\t\t\"background\" : false,\n\t\t\t\t\"scale\" : 1\t\t\t\t}\n\t\t\t<\/script>\n\n\t\t\t<div class=\"height-container\" style=\"padding-bottom:66.666666666667%;\" v-if=\"sizes\">\n\t\t\t\t\t\t\t\t<lazy-media :inline=\"true\" :alt=\"alt\" :sizes=\"sizes\" :scale=\"scale\" :brightness=\"brightness\" :path=\"path\" :video=\"video\" :autoplay=\"autoplay\" :youtube=\"youtube\" :crop=\"crop\" :youtubelabel=\"youtubelabel\" :background=\"background\" media-id=\"desc_media_69ddf67bcf56c\"><\/lazy-media>\n\t\t\t\t\t\t\t<\/div>\n\n\t\t\t\t\t\t\t\t<\/figure>\n\t<\/lazy-media-inline>\n\t\t\t<\/div>\n\t\t\t<div class=\"col-xs-10 col-sm-6 col-md-5 copy margin-bottom-half\"><p>2. und 3. OG<\/p>\n<p><span class=\"w-term-highlight\">Treppenhaus \u00fcber Portal 5<\/span><\/p>\n<\/div>\n\t\t<\/div>\n\t<\/div>\n<\/section>\n\n<section class=\"block block-CTA block-CTA-long leftgradient\">\n\t<div class=\"container-fluid\">\n\t\t<div class=\"row center-xs\">\n\t\t\t<div class=\"col-xs-12\">\n\t\t\t\t<div class=\"box\">\n\t\t\t\t\t<a href=\"https:\/\/www.humboldtforum.org\/de\/programm\/dauerangebot\/ausstellung\/ethnologische-sammlungen-und-asiatische-kunst-46021\/\" aria-label=\"\" class=\"teaser teaser-cta-wide \">\n\t\t\t\t\t\t<div class=\"teaser-image\">\n\t\t\t\t\t\t\t\n\t<lazy-media-inline inline-template>\n\t\t<figure itemscope itemtype=\"http:\/\/schema.org\/ImageObject\" class=\"lazy-media-inline \" role=\"group\" id=\"media_69ddf67bd116d\" aria-labelledby=\"desc_media_69ddf67bd116d\">\n\t\t\t<script type=\"application\/json\" ref=\"data\">\n\t\t\t\t{\n\t\t\t\t\"sizes\" : {\"medium\":{\"file\":\"EM-Schmal-300x86.jpg\",\"width\":300,\"height\":86,\"mime-type\":\"image\\\/jpeg\",\"filesize\":5044},\"large\":{\"file\":\"EM-Schmal-1024x295.jpg\",\"width\":1024,\"height\":295,\"mime-type\":\"image\\\/jpeg\",\"filesize\":25111},\"thumbnail\":{\"file\":\"EM-Schmal-150x150.jpg\",\"width\":150,\"height\":150,\"mime-type\":\"image\\\/jpeg\",\"filesize\":5792},\"medium_large\":{\"file\":\"EM-Schmal-768x221.jpg\",\"width\":768,\"height\":221,\"mime-type\":\"image\\\/jpeg\",\"filesize\":16684},\"small\":{\"file\":\"EM-Schmal-440x127.jpg\",\"width\":440,\"height\":127,\"mime-type\":\"image\\\/jpeg\",\"filesize\":7879},\"semi\":{\"file\":\"EM-Schmal-580x167.jpg\",\"width\":580,\"height\":167,\"mime-type\":\"image\\\/jpeg\",\"filesize\":11595},\"mobile\":{\"file\":\"EM-Schmal-720x207.jpg\",\"width\":720,\"height\":207,\"mime-type\":\"image\\\/jpeg\",\"filesize\":15153},\"hd\":{\"file\":\"EM-Schmal-1280x369.jpg\",\"width\":1280,\"height\":369,\"mime-type\":\"image\\\/jpeg\",\"filesize\":34746},\"1536x1536\":{\"file\":\"EM-Schmal-1536x442.jpg\",\"width\":1536,\"height\":442,\"mime-type\":\"image\\\/jpeg\",\"filesize\":45044},\"original\":{\"file\":\"EM-Schmal.jpg\",\"width\":1636,\"height\":471}},\n\t\t\t\t\"alt\" : \"Skulptur einer Gottheit vor einem lebhaften, geometrischen Hintergrund.\",\n\t\t\t\t\"path\" : \"\\\/wp-content\\\/uploads\\\/2022\\\/09\\\/\",\n\t\t\t\t\"video\" : null,\n\t\t\t\t\"autoplay\" : null,\n\t\t\t\t\"youtube\" : null,\n\t\t\t\t\"youtubelabel\" : \"Video abspielen\",\n\t\t\t\t\"brightness\" : \"100\",\n\t\t\t\t\"crop\" : null,\n\t\t\t\t\"background\" : true,\n\t\t\t\t\"scale\" : 1\t\t\t\t}\n\t\t\t<\/script>\n\n\t\t\t<div class=\"height-container\" style=\"padding-bottom:28.789731051345%;\" v-if=\"sizes\">\n\t\t\t\t\t\t\t\t<lazy-media :inline=\"true\" :alt=\"alt\" :sizes=\"sizes\" :scale=\"scale\" :brightness=\"brightness\" :path=\"path\" :video=\"video\" :autoplay=\"autoplay\" :youtube=\"youtube\" :crop=\"crop\" :youtubelabel=\"youtubelabel\" :background=\"background\" media-id=\"desc_media_69ddf67bd116d\"><\/lazy-media>\n\t\t\t\t\t\t\t<\/div>\n\n\t\t\t\t\t\t\t<figcaption class=\"sr-only\" ref=\"body\" id=\"desc_media_69ddf67bd116d\">\n\t\t\t\t\t\t\t\t\t\t\t\t\t\t\t\t\t\t\t\t\t<div class=\"insignificant\">\u00a9 Staatliche Museen zu Berlin, Museum f\u00fcr Asiatische Kunst; Stiftung Humboldt Forum im Berliner Schloss \/ digitale Reproduktion: Jester Blank GbR<\/div>\n\t\t\t\t\t\t\t\t\t<\/figcaption>\n\t\t\t\t\t<\/figure>\n\t<\/lazy-media-inline>\n\t\t\t\t\t\t<\/div>\n\t\t\t\t\t\t<div class=\"teaser-content \">\n\t\t\t\t\t\t\t<div>\n\t\t\t\t\t\t\t\t\t\t\t\t\t\t\t\t<div class=\"teaser-header\"><span class=\"h3\"><\/span><\/div>\n\t\t\t\t\t\t\t\t\t\t\t\t\t\t\t\t<button tabindex=\"-1\" class=\"border\">Ethnologische Sammlungen und Asiatische Kunst<\/button>\n\t\t\t\t\t\t\t<\/div>\n\t\t\t\t\t\t<\/div>\n\t\t\t\t\t<\/a>\n\t\t\t\t<\/div>\n\t\t\t<\/div>\n\t\t<\/div>\n\t<\/div>\n<\/section>\n","protected":false},"excerpt":{"rendered":"","protected":false},"author":30,"featured_media":50618,"parent":0,"menu_order":0,"comment_status":"closed","ping_status":"closed","template":"","meta":{"_acf_changed":false,"footnotes":""},"class_list":["post-50617","page","type-page","status-publish","has-post-thumbnail","hentry"],"acf":[],"_links":{"self":[{"href":"https:\/\/www.humboldtforum.org\/de\/wp-json\/wp\/v2\/pages\/50617","targetHints":{"allow":["GET"]}}],"collection":[{"href":"https:\/\/www.humboldtforum.org\/de\/wp-json\/wp\/v2\/pages"}],"about":[{"href":"https:\/\/www.humboldtforum.org\/de\/wp-json\/wp\/v2\/types\/page"}],"author":[{"embeddable":true,"href":"https:\/\/www.humboldtforum.org\/de\/wp-json\/wp\/v2\/users\/30"}],"replies":[{"embeddable":true,"href":"https:\/\/www.humboldtforum.org\/de\/wp-json\/wp\/v2\/comments?post=50617"}],"version-history":[{"count":5,"href":"https:\/\/www.humboldtforum.org\/de\/wp-json\/wp\/v2\/pages\/50617\/revisions"}],"predecessor-version":[{"id":52972,"href":"https:\/\/www.humboldtforum.org\/de\/wp-json\/wp\/v2\/pages\/50617\/revisions\/52972"}],"wp:featuredmedia":[{"embeddable":true,"href":"https:\/\/www.humboldtforum.org\/de\/wp-json\/wp\/v2\/media\/50618"}],"wp:attachment":[{"href":"https:\/\/www.humboldtforum.org\/de\/wp-json\/wp\/v2\/media?parent=50617"}],"curies":[{"name":"wp","href":"https:\/\/api.w.org\/{rel}","templated":true}]}}