{"id":53053,"date":"2022-09-14T10:55:41","date_gmt":"2022-09-14T08:55:41","guid":{"rendered":"https:\/\/www.humboldtforum.org\/?page_id=53053"},"modified":"2022-09-14T16:50:53","modified_gmt":"2022-09-14T14:50:53","slug":"angkor-wat","status":"publish","type":"page","link":"https:\/\/www.humboldtforum.org\/de\/angkor-wat\/","title":{"rendered":"Angkor Wat"},"content":{"rendered":"<section class=\"block block-header-headline\" >\n    <div class=\"container-fluid\">\n        <div class=\"row\">\n\t\t\t\t\t\t\t<div class=\"col-xs-12 col-md-offset-2 col-md-8\">\n\t\t\t\t\t<div class=\"box\">\n\t\t\t\t\t\t<div class=\"subline\">R\u00e4umlich erfahrbare Monumentalit\u00e4t aus S\u00fcdostasien<\/div>\n\t\t\t\t\t<\/div>\n\t\t\t\t<\/div>\n\t\t\t\n                            <div class=\"col-xs-12 col-md-offset-2 col-md-8\">\n                    <div class=\"box\">\n                        <h1>Angkor Wat<\/h1>\n                    <\/div>\n                <\/div>\n                    <\/div>\n    <\/div>\n<\/section>\n\n\n\n\n<section class=\"block block-header\" >\n\t<block-header inline-template>\n\t\t<figure role=\"group\" aria-labelledby=\"desc_m_69eeb53e1e38c\">\n\n\t\t\t<script type=\"application\/json\" ref=\"data\">\n\t\t\t\t{\n\t\t\t\t\"sizes_d\" : {\"medium\":{\"file\":\"SHF_eb00154350-300x225.jpg\",\"width\":300,\"height\":225,\"mime-type\":\"image\\\/jpeg\",\"filesize\":15837},\"large\":{\"file\":\"SHF_eb00154350-1024x768.jpg\",\"width\":1024,\"height\":768,\"mime-type\":\"image\\\/jpeg\",\"filesize\":115097},\"thumbnail\":{\"file\":\"SHF_eb00154350-150x150.jpg\",\"width\":150,\"height\":150,\"mime-type\":\"image\\\/jpeg\",\"filesize\":6688},\"medium_large\":{\"file\":\"SHF_eb00154350-768x576.jpg\",\"width\":768,\"height\":576,\"mime-type\":\"image\\\/jpeg\",\"filesize\":73768},\"small\":{\"file\":\"SHF_eb00154350-440x330.jpg\",\"width\":440,\"height\":330,\"mime-type\":\"image\\\/jpeg\",\"filesize\":29187},\"semi\":{\"file\":\"SHF_eb00154350-580x435.jpg\",\"width\":580,\"height\":435,\"mime-type\":\"image\\\/jpeg\",\"filesize\":46974},\"mobile\":{\"file\":\"SHF_eb00154350-720x540.jpg\",\"width\":720,\"height\":540,\"mime-type\":\"image\\\/jpeg\",\"filesize\":66241},\"original\":{\"file\":\"SHF_eb00154350.jpg\",\"width\":1280,\"height\":960}},\n\t\t\t\t\"alt_d\" : \"Moderne Kunstgalerie mit gro\\u00dfen Wandbildern, interaktiven Displays und einer detaillierten Modellansicht in der Mitte.\",\n\t\t\t\t\"path_d\" : \"\\\/wp-content\\\/uploads\\\/2022\\\/09\\\/\",\n\t\t\t\t\"autoplay_d\" : null,\n\t\t\t\t\"crop_d\" : {\"top\":\"64.64\",\"left\":\"50.00\"},\n\t\t\t\t\"background_d\" : true,\n\t\t\t\t\"scale_d\" : 2,\n\n\t\t\t\t\"sizes_m\" : [],\n\t\t\t\t\"alt_m\" : null,\n\t\t\t\t\"path_m\" : null,\n\t\t\t\t\"autoplay_m\" : null,\n\t\t\t\t\"crop_m\" : null,\n\t\t\t\t\"background_m\" : true,\n\t\t\t\t\"scale_m\" : 1,\n\n\t\t\t\t\"has_mobile_format\" : false,\n\t\t\t\t\"has_ad\" : false,\n\t\t\t\t\"audio_description_yt\" : null\t\t\t\t}\n\t\t\t<\/script>\n\t\t\t<div class=\"height-container\" style=\"padding-bottom:75%;\" v-if=\"sizes\" data-motion-parallax='{\"child\":\".image-wrapper\",\"mask\":\".lazy-media\",\"tween\":{\"yPercent\": [-15,15]}}'>\n\t\t\t\t<lazy-media :inline=\"true\" :scale=\"scale\" :alt=\"alt\" :sizes=\"sizes\" :brightness=\"brightness\" :path=\"path\" :video=\"video\" :autoplay=\"autoplay\" :youtube=\"youtube\" :crop=\"crop\" :youtubelabel=\"youtubelabel\" :background=\"background\" media-id=\"desc_m_69eeb53e1e38c\"><\/lazy-media>\n\t\t\t\t<button class=\"autoplay-audio-description-btn icon-background icon-audio-describtions\" @click=\"audioDescriptionPlay\" v-if=\"hasAudioDescription\" aria-label=\"Audiodeskription aufrufen\"><\/button>\n\t\t\t<\/div>\n\t\t\t\t\t\t<div class=\"lazy-media-info-container-fluid\">\n\t\t\t\t<div class=\"lazy-media-info-row end-xs\">\n\t\t\t\t\t<div class=\"lazy-media-info-col\">\n\t\t\t\t\t\t<div class=\"lazy-media-info\" aria-expanded=\"false\" :aria-expanded=\"isOpen ? 'true' : 'false'\">\n\t\t\t\t\t\t\t<button class=\"lazy-media-info-head button-tiny insignificant\" :class=\"{'button-active': isOpen}\" @click=\"toggle\" ref=\"head\"><span class=\"button-label insignificant\">Bildinfo<\/span><\/button>\n\t\t\t\t\t\t\t<figcaption class=\"lazy-media-info-body\" ref=\"body\" id=\"desc_m_69eeb53e1e38c\">\n\t\t\t\t\t\t\t\t<div class=\"lazy-media-info-body-content\">\n\t\t\t\t\t\t\t\t\t<div>Ansicht des Ausstellungsbereichs &bdquo;Religi&ouml;se Kunst in S&uuml;dostasien&quot;, Kunst der Khmer: raumpr&auml;gende Pr&auml;sentation der Angkor Wat-Reliefs mit Holzmodell von Angkor Wat des Museums f&uuml;r Asiatische Kunst im Humboldt Forum<\/div>\t\t\t\t\t\t\t\t\t\t\t\t\t\t\t\t\t\t<div class=\"insignificant\">\u00a9 Staatliche Museen zu Berlin, Museums f\u00fcr Asiatische Kunst \/ Stiftung Humboldt Forum im Berliner Schloss, Foto: Alexander Schippel<\/div>\t\t\t\t\t\t\t\t<\/div>\n\t\t\t\t\t\t\t<\/figcaption>\n\t\t\t\t\t\t\t<div class=\"lazy-media-info-head-border\"><\/div>\n\t\t\t\t\t\t<\/div>\n\t\t\t\t\t<\/div>\n\t\t\t\t<\/div>\n\t\t\t<\/div>\n\t\t\t\t\t<\/figure>\n\t<\/block-header>\n<\/section>\n\n<section class=\"block block-copy\" >\n    <div class=\"container-fluid\">\n\t\t<div class=\"row \">\n            <div class=\"col-xs-12 col-md-offset-2 col-md-8\">\n                <div class=\"box\">\n                    <div class=\"copy\"><p>Der kambodschanische Angkor Wat ist einer der gr\u00f6\u00dften Sakralbauten der Welt. Die Tempelanlage gilt als Stein gewordener Ausdruck des hinduistisch gepr\u00e4gten Gottk\u00f6nigtums des Khmer-Reiches. Der letzte gro\u00dfe K\u00f6nig von Angkor nahm Ende des 12. Jahrhunderts allerdings den Mahayana-Buddhismus als Staatsreligion an. Und lie\u00df die Stadt Angkor Thom mit dem ber\u00fchmten Bayon-Tempel errichten.<\/p>\n<p>Im 3. Obergeschoss des Humboldt Forums wird die monumentale Tempelarchitektur der Weltkulturerbest\u00e4tte durch aufw\u00e4ndig restaurierte Abg\u00fcsse von Angkor-Wat-Reliefs erfahrbar, die sich auf zweimal 23 Metern L\u00e4nge durch den Raum ziehen. Ein Modell des Angkor Wat aus r\u00f6tlichem Tropenholz, das 2007 von kambodschanischen Kunsthandwerkern im Ma\u00dfstab 1:50 f\u00fcr die Ausstellung \u201eAngkor \u2013 g\u00f6ttliches Erbe Kambodschas\u201c angefertigt wurde und zehn Jahre im Magazin des Ethnologischen Museums in Berlin im Dornr\u00f6schenschlaf schlummerte, vermittelt erg\u00e4nzend einen Eindruck von der Monumentalit\u00e4t des Bauwerks mit seinen zentralen Tempelt\u00fcrmen und den umgebenden langgestreckten S\u00e4uleng\u00e4ngen. Die Kunst der Khmer und ihre Rolle in der s\u00fcdostasiatischen Kultur stehen in diesem Raum neben Kunst aus Myanmar, Thailand und Indonesien im Mittelpunkt, ebenso die Geschichte der westlichen Entdeckung und Aneignung Angkor Wats.<\/p>\n<p>Ein Highlight buddhistischer Bilderwelten aus Thailand ist die \u201eK\u00f6nigliche Prachthandschrift Traiphum\u201c, das Buch von den Drei Welten. Es wurde von K\u00f6nig Taksin 1776 nach der Zerst\u00f6rung der ehemaligen Hauptstadt Ayutthaya in Auftrag gegeben, um seine Macht zu bekr\u00e4ftigen. Die 33 Meter lange Bildhandschrift besteht aus beidseitig mit Deckfarben und Gold bemaltem Papier, das wie ein Leporello gefaltet ist. Sie stellt den dreistufigen buddhistischen Kosmos dar, in dem gute oder schlechte Taten dar\u00fcber entscheiden, in welchem Teil des kosmischen Raums man wiedergeboren wird. In der Ausstellung wird jeweils ein ca. sechs Meter langer Ausschnitt der Bildhandschrift gezeigt, der alle paar Monate wechselt.<\/p>\n<\/div>\n                <\/div>\n            <\/div>\n\t\t<\/div>\n\t\t    <\/div>\n<\/section>\n\n<section class=\"block block-headline block-no-margin \" >\n\t<div class=\"container-fluid\">\n\t\t<div class=\"row\">\n\t\t\t\t\t\t\t<div class=\"col-xs-12\">\n\t\t\t\t\t<div class=\"box\">\n\t\t\t\t\t\t<h2 class=\".h5\">Hier finde ich dieses Must See! <\/h2>\n\t\t\t\t\t<\/div>\n\t\t\t\t<\/div>\n\t\t\t\t\t<\/div>\n\t<\/div>\n<\/section>\n\n\n\n\n<section class=\"block block-standard-image-copy rev2nd\"> \n\t<div class=\"container-fluid\">\n\t\t<div class=\"row middle-sm\">\n\t\t\t<div class=\"col-xs-10 col-sm-6 margin-bottom-sixth\" data-motion-parallax='{\"child\":\".image-wrapper\",\"mask\":\".lazy-media\",\"tween\":{\"yPercent\": [-15,15]}}'>\n\t\t\t\t\n\t<lazy-media-inline inline-template>\n\t\t<figure itemscope itemtype=\"http:\/\/schema.org\/ImageObject\" class=\"lazy-media-inline \" role=\"group\" id=\"media_69eeb53e230ca\" aria-labelledby=\"desc_media_69eeb53e230ca\">\n\t\t\t<script type=\"application\/json\" ref=\"data\">\n\t\t\t\t{\n\t\t\t\t\"sizes\" : {\"medium\":{\"file\":\"SMB_Grundrisse_3OG_quer_1500x1000px_220901-1-300x200.jpg\",\"width\":300,\"height\":200,\"mime-type\":\"image\\\/jpeg\",\"filesize\":11392},\"large\":{\"file\":\"SMB_Grundrisse_3OG_quer_1500x1000px_220901-1-1024x683.jpg\",\"width\":1024,\"height\":683,\"mime-type\":\"image\\\/jpeg\",\"filesize\":54287},\"thumbnail\":{\"file\":\"SMB_Grundrisse_3OG_quer_1500x1000px_220901-1-150x150.jpg\",\"width\":150,\"height\":150,\"mime-type\":\"image\\\/jpeg\",\"filesize\":6042},\"medium_large\":{\"file\":\"SMB_Grundrisse_3OG_quer_1500x1000px_220901-1-768x512.jpg\",\"width\":768,\"height\":512,\"mime-type\":\"image\\\/jpeg\",\"filesize\":38422},\"small\":{\"file\":\"SMB_Grundrisse_3OG_quer_1500x1000px_220901-1-440x293.jpg\",\"width\":440,\"height\":293,\"mime-type\":\"image\\\/jpeg\",\"filesize\":18812},\"semi\":{\"file\":\"SMB_Grundrisse_3OG_quer_1500x1000px_220901-1-580x387.jpg\",\"width\":580,\"height\":387,\"mime-type\":\"image\\\/jpeg\",\"filesize\":26126},\"mobile\":{\"file\":\"SMB_Grundrisse_3OG_quer_1500x1000px_220901-1-720x480.jpg\",\"width\":720,\"height\":480,\"mime-type\":\"image\\\/jpeg\",\"filesize\":34184},\"hd\":{\"file\":\"SMB_Grundrisse_3OG_quer_1500x1000px_220901-1-1280x853.jpg\",\"width\":1280,\"height\":853,\"mime-type\":\"image\\\/jpeg\",\"filesize\":75266},\"original\":{\"file\":\"SMB_Grundrisse_3OG_quer_1500x1000px_220901-1.jpg\",\"width\":1500,\"height\":1000}},\n\t\t\t\t\"alt\" : \"Grafische Darstellung eines Grundrisses mit Raumnummern sowie Symbolen f\\u00fcr Treppen und Aufz\\u00fcge.\",\n\t\t\t\t\"path\" : \"\\\/wp-content\\\/uploads\\\/2022\\\/09\\\/\",\n\t\t\t\t\"video\" : null,\n\t\t\t\t\"autoplay\" : null,\n\t\t\t\t\"youtube\" : null,\n\t\t\t\t\"youtubelabel\" : \"Video abspielen\",\n\t\t\t\t\"brightness\" : 100,\n\t\t\t\t\"crop\" : null,\n\t\t\t\t\"background\" : false,\n\t\t\t\t\"scale\" : 1\t\t\t\t}\n\t\t\t<\/script>\n\n\t\t\t<div class=\"height-container\" style=\"padding-bottom:66.666666666667%;\" v-if=\"sizes\">\n\t\t\t\t\t\t\t\t<lazy-media :inline=\"true\" :alt=\"alt\" :sizes=\"sizes\" :scale=\"scale\" :brightness=\"brightness\" :path=\"path\" :video=\"video\" :autoplay=\"autoplay\" :youtube=\"youtube\" :crop=\"crop\" :youtubelabel=\"youtubelabel\" :background=\"background\" media-id=\"desc_media_69eeb53e230ca\"><\/lazy-media>\n\t\t\t\t\t\t\t<\/div>\n\n\t\t\t\t\t\t\t\t<\/figure>\n\t<\/lazy-media-inline>\n\t\t\t<\/div>\n\t\t\t<div class=\"col-xs-10 col-sm-6 col-md-5 copy margin-bottom-half\"><p>Raum 311 \u2013 <em>Religi\u00f6se Kunst S\u00fcdostasiens<\/em><\/p>\n<\/div>\n\t\t<\/div>\n\t<\/div>\n<\/section>\n\n<section class=\"block block-CTA block-CTA-long leftgradient\">\n\t<div class=\"container-fluid\">\n\t\t<div class=\"row center-xs\">\n\t\t\t<div class=\"col-xs-12\">\n\t\t\t\t<div class=\"box\">\n\t\t\t\t\t<a href=\"https:\/\/www.humboldtforum.org\/de\/programm\/dauerangebot\/ausstellung\/ethnologische-sammlungen-und-asiatische-kunst-46021\/\" aria-label=\"\" class=\"teaser teaser-cta-wide \">\n\t\t\t\t\t\t<div class=\"teaser-image\">\n\t\t\t\t\t\t\t\n\t<lazy-media-inline inline-template>\n\t\t<figure itemscope itemtype=\"http:\/\/schema.org\/ImageObject\" class=\"lazy-media-inline \" role=\"group\" id=\"media_69eeb53e25182\" aria-labelledby=\"desc_media_69eeb53e25182\">\n\t\t\t<script type=\"application\/json\" ref=\"data\">\n\t\t\t\t{\n\t\t\t\t\"sizes\" : {\"medium\":{\"file\":\"EM-Schmal-300x86.jpg\",\"width\":300,\"height\":86,\"mime-type\":\"image\\\/jpeg\",\"filesize\":5044},\"large\":{\"file\":\"EM-Schmal-1024x295.jpg\",\"width\":1024,\"height\":295,\"mime-type\":\"image\\\/jpeg\",\"filesize\":25111},\"thumbnail\":{\"file\":\"EM-Schmal-150x150.jpg\",\"width\":150,\"height\":150,\"mime-type\":\"image\\\/jpeg\",\"filesize\":5792},\"medium_large\":{\"file\":\"EM-Schmal-768x221.jpg\",\"width\":768,\"height\":221,\"mime-type\":\"image\\\/jpeg\",\"filesize\":16684},\"small\":{\"file\":\"EM-Schmal-440x127.jpg\",\"width\":440,\"height\":127,\"mime-type\":\"image\\\/jpeg\",\"filesize\":7879},\"semi\":{\"file\":\"EM-Schmal-580x167.jpg\",\"width\":580,\"height\":167,\"mime-type\":\"image\\\/jpeg\",\"filesize\":11595},\"mobile\":{\"file\":\"EM-Schmal-720x207.jpg\",\"width\":720,\"height\":207,\"mime-type\":\"image\\\/jpeg\",\"filesize\":15153},\"hd\":{\"file\":\"EM-Schmal-1280x369.jpg\",\"width\":1280,\"height\":369,\"mime-type\":\"image\\\/jpeg\",\"filesize\":34746},\"1536x1536\":{\"file\":\"EM-Schmal-1536x442.jpg\",\"width\":1536,\"height\":442,\"mime-type\":\"image\\\/jpeg\",\"filesize\":45044},\"original\":{\"file\":\"EM-Schmal.jpg\",\"width\":1636,\"height\":471}},\n\t\t\t\t\"alt\" : \"Skulptur einer Gottheit vor einem lebhaften, geometrischen Hintergrund.\",\n\t\t\t\t\"path\" : \"\\\/wp-content\\\/uploads\\\/2022\\\/09\\\/\",\n\t\t\t\t\"video\" : null,\n\t\t\t\t\"autoplay\" : null,\n\t\t\t\t\"youtube\" : null,\n\t\t\t\t\"youtubelabel\" : \"Video abspielen\",\n\t\t\t\t\"brightness\" : \"100\",\n\t\t\t\t\"crop\" : null,\n\t\t\t\t\"background\" : true,\n\t\t\t\t\"scale\" : 1\t\t\t\t}\n\t\t\t<\/script>\n\n\t\t\t<div class=\"height-container\" style=\"padding-bottom:28.789731051345%;\" v-if=\"sizes\">\n\t\t\t\t\t\t\t\t<lazy-media :inline=\"true\" :alt=\"alt\" :sizes=\"sizes\" :scale=\"scale\" :brightness=\"brightness\" :path=\"path\" :video=\"video\" :autoplay=\"autoplay\" :youtube=\"youtube\" :crop=\"crop\" :youtubelabel=\"youtubelabel\" :background=\"background\" media-id=\"desc_media_69eeb53e25182\"><\/lazy-media>\n\t\t\t\t\t\t\t<\/div>\n\n\t\t\t\t\t\t\t<figcaption class=\"sr-only\" ref=\"body\" id=\"desc_media_69eeb53e25182\">\n\t\t\t\t\t\t\t\t\t\t\t\t\t\t\t\t\t\t\t\t\t<div class=\"insignificant\">\u00a9 Staatliche Museen zu Berlin, Museum f\u00fcr Asiatische Kunst; Stiftung Humboldt Forum im Berliner Schloss \/ digitale Reproduktion: Jester Blank GbR<\/div>\n\t\t\t\t\t\t\t\t\t<\/figcaption>\n\t\t\t\t\t<\/figure>\n\t<\/lazy-media-inline>\n\t\t\t\t\t\t<\/div>\n\t\t\t\t\t\t<div class=\"teaser-content \">\n\t\t\t\t\t\t\t<div>\n\t\t\t\t\t\t\t\t\t\t\t\t\t\t\t\t<div class=\"teaser-header\"><span class=\"h3\"><\/span><\/div>\n\t\t\t\t\t\t\t\t\t\t\t\t\t\t\t\t<button tabindex=\"-1\" class=\"border\">Ethnologische Sammlungen und Asiatische Kunst<\/button>\n\t\t\t\t\t\t\t<\/div>\n\t\t\t\t\t\t<\/div>\n\t\t\t\t\t<\/a>\n\t\t\t\t<\/div>\n\t\t\t<\/div>\n\t\t<\/div>\n\t<\/div>\n<\/section>\n","protected":false},"excerpt":{"rendered":"","protected":false},"author":30,"featured_media":53025,"parent":0,"menu_order":0,"comment_status":"closed","ping_status":"closed","template":"","meta":{"_acf_changed":false,"footnotes":""},"class_list":["post-53053","page","type-page","status-publish","has-post-thumbnail","hentry"],"acf":[],"_links":{"self":[{"href":"https:\/\/www.humboldtforum.org\/de\/wp-json\/wp\/v2\/pages\/53053","targetHints":{"allow":["GET"]}}],"collection":[{"href":"https:\/\/www.humboldtforum.org\/de\/wp-json\/wp\/v2\/pages"}],"about":[{"href":"https:\/\/www.humboldtforum.org\/de\/wp-json\/wp\/v2\/types\/page"}],"author":[{"embeddable":true,"href":"https:\/\/www.humboldtforum.org\/de\/wp-json\/wp\/v2\/users\/30"}],"replies":[{"embeddable":true,"href":"https:\/\/www.humboldtforum.org\/de\/wp-json\/wp\/v2\/comments?post=53053"}],"version-history":[{"count":10,"href":"https:\/\/www.humboldtforum.org\/de\/wp-json\/wp\/v2\/pages\/53053\/revisions"}],"predecessor-version":[{"id":53523,"href":"https:\/\/www.humboldtforum.org\/de\/wp-json\/wp\/v2\/pages\/53053\/revisions\/53523"}],"wp:featuredmedia":[{"embeddable":true,"href":"https:\/\/www.humboldtforum.org\/de\/wp-json\/wp\/v2\/media\/53025"}],"wp:attachment":[{"href":"https:\/\/www.humboldtforum.org\/de\/wp-json\/wp\/v2\/media?parent=53053"}],"curies":[{"name":"wp","href":"https:\/\/api.w.org\/{rel}","templated":true}]}}