{"id":54268,"date":"2022-09-16T15:21:28","date_gmt":"2022-09-16T13:21:28","guid":{"rendered":"https:\/\/www.humboldtforum.org\/?page_id=54268"},"modified":"2023-03-21T09:57:46","modified_gmt":"2023-03-21T08:57:46","slug":"kunst-aus-ton","status":"publish","type":"page","link":"https:\/\/www.humboldtforum.org\/de\/kunst-aus-ton\/","title":{"rendered":"Kunst aus Ton"},"content":{"rendered":"<section class=\"block block-header-headline\" >\n    <div class=\"container-fluid\">\n        <div class=\"row\">\n\t\t\t\t\t\t\t<div class=\"col-xs-12 col-md-offset-2 col-md-8\">\n\t\t\t\t\t<div class=\"box\">\n\t\t\t\t\t\t<div class=\"subline\">Die ostasiatische Studiensammlung<\/div>\n\t\t\t\t\t<\/div>\n\t\t\t\t<\/div>\n\t\t\t\n                            <div class=\"col-xs-12 col-md-offset-2 col-md-8\">\n                    <div class=\"box\">\n                        <h1>Kunst aus Ton<\/h1>\n                    <\/div>\n                <\/div>\n                    <\/div>\n    <\/div>\n<\/section>\n\n\n\n\n<section class=\"block block-header\" >\n\t<block-header inline-template>\n\t\t<figure role=\"group\" aria-labelledby=\"desc_m_69e4950cd898e\">\n\n\t\t\t<script type=\"application\/json\" ref=\"data\">\n\t\t\t\t{\n\t\t\t\t\"sizes_d\" : {\"medium\":{\"file\":\"SHF_eb00117828-2-229x300.jpg\",\"width\":229,\"height\":300,\"mime-type\":\"image\\\/jpeg\",\"filesize\":23521},\"large\":{\"file\":\"SHF_eb00117828-2-781x1024.jpg\",\"width\":781,\"height\":1024,\"mime-type\":\"image\\\/jpeg\",\"filesize\":186741},\"thumbnail\":{\"file\":\"SHF_eb00117828-2-150x150.jpg\",\"width\":150,\"height\":150,\"mime-type\":\"image\\\/jpeg\",\"filesize\":9259},\"medium_large\":{\"file\":\"SHF_eb00117828-2-768x1007.jpg\",\"width\":768,\"height\":1007,\"mime-type\":\"image\\\/jpeg\",\"filesize\":179631},\"small\":{\"file\":\"SHF_eb00117828-2-335x440.jpg\",\"width\":335,\"height\":440,\"mime-type\":\"image\\\/jpeg\",\"filesize\":44810},\"semi\":{\"file\":\"SHF_eb00117828-2-442x580.jpg\",\"width\":442,\"height\":580,\"mime-type\":\"image\\\/jpeg\",\"filesize\":72349},\"mobile\":{\"file\":\"SHF_eb00117828-2-549x720.jpg\",\"width\":549,\"height\":720,\"mime-type\":\"image\\\/jpeg\",\"filesize\":103663},\"hd\":{\"file\":\"SHF_eb00117828-2-976x1280.jpg\",\"width\":976,\"height\":1280,\"mime-type\":\"image\\\/jpeg\",\"filesize\":265124},\"full\":{\"file\":\"SHF_eb00117828-2-1464x1920.jpg\",\"width\":1464,\"height\":1920,\"mime-type\":\"image\\\/jpeg\",\"filesize\":501498},\"1536x1536\":{\"file\":\"SHF_eb00117828-2-1171x1536.jpg\",\"width\":1171,\"height\":1536,\"mime-type\":\"image\\\/jpeg\",\"filesize\":355012},\"2048x2048\":{\"file\":\"SHF_eb00117828-2-1562x2048.jpg\",\"width\":1562,\"height\":2048,\"mime-type\":\"image\\\/jpeg\",\"filesize\":554580},\"original\":{\"file\":\"SHF_eb00117828-2.jpg\",\"width\":2000,\"height\":2623}},\n\t\t\t\t\"alt_d\" : \"Museumsvitrine mit antikem Geschirr und dekorativen Objekten in unterschiedlichen Farben und Formen.\",\n\t\t\t\t\"path_d\" : \"\\\/wp-content\\\/uploads\\\/2023\\\/03\\\/\",\n\t\t\t\t\"autoplay_d\" : null,\n\t\t\t\t\"crop_d\" : {\"top\":\"50.00\",\"left\":\"50.00\"},\n\t\t\t\t\"background_d\" : true,\n\t\t\t\t\"scale_d\" : 2,\n\n\t\t\t\t\"sizes_m\" : [],\n\t\t\t\t\"alt_m\" : null,\n\t\t\t\t\"path_m\" : null,\n\t\t\t\t\"autoplay_m\" : null,\n\t\t\t\t\"crop_m\" : null,\n\t\t\t\t\"background_m\" : true,\n\t\t\t\t\"scale_m\" : 1,\n\n\t\t\t\t\"has_mobile_format\" : false,\n\t\t\t\t\"has_ad\" : false,\n\t\t\t\t\"audio_description_yt\" : null\t\t\t\t}\n\t\t\t<\/script>\n\t\t\t<div class=\"height-container\" style=\"padding-bottom:131.15%;\" v-if=\"sizes\" data-motion-parallax='{\"child\":\".image-wrapper\",\"mask\":\".lazy-media\",\"tween\":{\"yPercent\": [-15,15]}}'>\n\t\t\t\t<lazy-media :inline=\"true\" :scale=\"scale\" :alt=\"alt\" :sizes=\"sizes\" :brightness=\"brightness\" :path=\"path\" :video=\"video\" :autoplay=\"autoplay\" :youtube=\"youtube\" :crop=\"crop\" :youtubelabel=\"youtubelabel\" :background=\"background\" media-id=\"desc_m_69e4950cd898e\"><\/lazy-media>\n\t\t\t\t<button class=\"autoplay-audio-description-btn icon-background icon-audio-describtions\" @click=\"audioDescriptionPlay\" v-if=\"hasAudioDescription\" aria-label=\"Audiodeskription aufrufen\"><\/button>\n\t\t\t<\/div>\n\t\t\t\t\t\t<div class=\"lazy-media-info-container-fluid\">\n\t\t\t\t<div class=\"lazy-media-info-row end-xs\">\n\t\t\t\t\t<div class=\"lazy-media-info-col\">\n\t\t\t\t\t\t<div class=\"lazy-media-info\" aria-expanded=\"false\" :aria-expanded=\"isOpen ? 'true' : 'false'\">\n\t\t\t\t\t\t\t<button class=\"lazy-media-info-head button-tiny insignificant\" :class=\"{'button-active': isOpen}\" @click=\"toggle\" ref=\"head\"><span class=\"button-label insignificant\">Bildinfo<\/span><\/button>\n\t\t\t\t\t\t\t<figcaption class=\"lazy-media-info-body\" ref=\"body\" id=\"desc_m_69e4950cd898e\">\n\t\t\t\t\t\t\t\t<div class=\"lazy-media-info-body-content\">\n\t\t\t\t\t\t\t\t\t<div>Kunst aus Ton &ndash; Die ostasiatische Studiensammlung des Museums f&uuml;r Asiatische Kunst im Humboldt Forum<\/div>\t\t\t\t\t\t\t\t\t\t\t\t\t\t\t\t\t\t<div class=\"insignificant\">\u00a9 Staatliche Museen zu Berlin, Museum f\u00fcr Asiatische Kunst \/ Stiftung Humboldt Forum im Berliner Schloss, Foto: Alexander Schippel<\/div>\t\t\t\t\t\t\t\t<\/div>\n\t\t\t\t\t\t\t<\/figcaption>\n\t\t\t\t\t\t\t<div class=\"lazy-media-info-head-border\"><\/div>\n\t\t\t\t\t\t<\/div>\n\t\t\t\t\t<\/div>\n\t\t\t\t<\/div>\n\t\t\t<\/div>\n\t\t\t\t\t<\/figure>\n\t<\/block-header>\n<\/section>\n\n<section class=\"block block-copy\" >\n    <div class=\"container-fluid\">\n\t\t<div class=\"row \">\n            <div class=\"col-xs-12 col-md-offset-2 col-md-8\">\n                <div class=\"box\">\n                    <div class=\"copy\"><p>Die dichte Pr\u00e4sentation der Keramiken der ostasiatischen Studiensammlung erm\u00f6glicht es, eine Vielzahl von Objekten ans Licht zu holen, die ansonsten im Museumsdepot Forscher*innen vorbehalten bliebe. Zudem bietet sie die M\u00f6glichkeit, kunsthistorische Vergleiche anzustellen und kulturgeschichtliche Zusammenh\u00e4nge aufzuzeigen.<\/p>\n<p>Die Geschichte der Keramik reicht weit zur\u00fcck, sie war bereits vor mehreren tausend Jahren in verschiedenen jungsteinzeitlichen Kulturen Chinas verbreitet. Keramiken wurden im t\u00e4glichen Leben benutzt, dienten der Ausschm\u00fcckung von Wohnr\u00e4umen und auch als Grabbeigabe. Schon fr\u00fch jedoch entwickelte sich in China auch ihre \u00e4sthetische Wertsch\u00e4tzung, dies f\u00f6rderte die Entwicklung des Materials, der technischen Raffinesse und Stilvielfalt der Erzeugnisse. Das seit dem 14. Jahrhundert in Jingdezhen in Massenproduktion hergestellte, weltweit erste echte Porzellan wurde zum wichtigen Handelsgut und globalen \u00dcbermittler ostasiatischer Kultur und k\u00fcnstlerischer Genialit\u00e4t.<\/p>\n<p>Vor allem florierte das Porzellan mit kobaltblauer Unterglasurmalerei, seine Beliebtheit trug entscheidend zur Entwicklung des europ\u00e4ischen Porzellans bei. Besonders in den Niederlanden hatte das chinesische Blau-Wei\u00df-Porzellan gro\u00dfen Einfluss auf die dortige Keramikproduktion, wie etwa eine chinesische Sch\u00fcssel aus dem 17. und eine in Delft im 18. Jahrhundert entstandene Sch\u00fcssel verdeutlichen. Beide zeigen fahnen\u00e4hnliche Felder an den R\u00e4ndern mit ornamentalen und fig\u00fcrlichen Darstellungen. Der Dekor mit Elefant und zwei M\u00f6nchen der chinesischen Kraak-Sch\u00fcssel, wurde in dem Delfter St\u00fcck durch einen L\u00f6wen vor einem Tempel ersetzt.<\/p>\n<\/div>\n                <\/div>\n            <\/div>\n\t\t<\/div>\n\t\t    <\/div>\n<\/section>\n\n\n<section class=\"block block-gallery\">\n\t<div class=\"container-fluid\">\n\t\t<div class=\"row center-xs\">\n\t\t\t<div class=\"col-xs-12\">\n\t\t\t\t<div class=\"box text-align-left\">\n\t\t\t\t\t<block-gallery inline-template>\n\t\t\t\t\t\t<div :class=\"{ firstLoaded: firstLoaded }\">\n\t\t\t\t\t\t\t<script type=\"application\/json\" ref=\"data\">\n\t\t\t\t\t\t\t{\n\t\t\t\t\t\t\t\t\"images\" : [{\"id\":0,\"width\":976,\"height\":1280,\"alt\":\"Vitrine mit kunstvoll angeordneten Glas- und Porzellanobjekten in einem modernen Ausstellungsraum.\",\"title\":\"\",\"description\":\"\",\"label\":\"Kunst aus Ton &ndash; Die ostasiatische Studiensammlung des Museums f&uuml;r Asiatische Kunst im Humboldt Forum\",\"copyright\":\"Staatliche Museen zu Berlin, Museum f\\u00fcr Asiatische Kunst \\\/ Stiftung Humboldt Forum im Berliner Schloss, Foto: Alexander Schippe\",\"path\":\"\\\/wp-content\\\/uploads\\\/2023\\\/03\\\/\",\"sizes\":{\"medium\":{\"file\":\"SHF_eb00117828-229x300.jpg\",\"width\":229,\"height\":300,\"mime-type\":\"image\\\/jpeg\",\"filesize\":23372},\"large\":{\"file\":\"SHF_eb00117828-781x1024.jpg\",\"width\":781,\"height\":1024,\"mime-type\":\"image\\\/jpeg\",\"filesize\":171668},\"thumbnail\":{\"file\":\"SHF_eb00117828-150x150.jpg\",\"width\":150,\"height\":150,\"mime-type\":\"image\\\/jpeg\",\"filesize\":9193},\"medium_large\":{\"file\":\"SHF_eb00117828-768x1007.jpg\",\"width\":768,\"height\":1007,\"mime-type\":\"image\\\/jpeg\",\"filesize\":166179},\"small\":{\"file\":\"SHF_eb00117828-336x440.jpg\",\"width\":336,\"height\":440,\"mime-type\":\"image\\\/jpeg\",\"filesize\":43970},\"semi\":{\"file\":\"SHF_eb00117828-442x580.jpg\",\"width\":442,\"height\":580,\"mime-type\":\"image\\\/jpeg\",\"filesize\":70129},\"mobile\":{\"file\":\"SHF_eb00117828-549x720.jpg\",\"width\":549,\"height\":720,\"mime-type\":\"image\\\/jpeg\",\"filesize\":99094},\"original\":{\"file\":\"SHF_eb00117828.jpg\",\"width\":976,\"height\":1280}}}]\t\t\t\t\t\t\t}\n\t\t\t\t\t\t\t<\/script>\n\n\t\t\t\t\t\t\t<swiper :options=\"options\" @slide-change=\"track\">\n\t\t\t\t\t\t\t\t<div class=\"swiper-slide\" :key=\"image.id\" v-for=\"image in images\">\n\t\t\t\t\t\t\t\t\t<block-gallery-item inline-template :image=\"image\">\n\t\t\t\t\t\t\t\t\t\t<figure class=\"swiper-slide-image-wrapper\" ref=\"parent\">\n\t\t\t\t\t\t\t\t\t\t\t<div class=\"width-container\" ref=\"container\" :style=\"style\">\n\t\t\t\t\t\t\t\t\t\t\t\t<div data-swiper-parallax-x=\"50%\">\n\t\t\t\t\t\t\t\t\t\t\t\t<img :src=\"image.src\" :alt=\"image.alt\" v-if=\"image.id < 2\">\n\t\t\t\t\t\t\t\t\t\t\t\t<img class=\"swiper-lazy\" :data-src=\"image.src\" :alt=\"image.alt\" v-else>\n\t\t\t\t\t\t\t\t\t\t\t\t<\/div>\n\t\t\t\t\t\t\t\t\t\t\t<\/div>\n\t\t\t\t\t\t\t\t\t\t<\/figure>\n\t\t\t\t\t\t\t\t\t<\/block-gallery-item>\n\n\t\t\t\t\t\t\t\t\t<figcaption>\n\t\t\t\t\t\t\t\t\t\t<div class=\"lazy-media-info-body-content\">\n\t\t\t\t\t\t\t\t\t\t\t<div v-html=\"image.label\"><\/div>\n\t\t\t\t\t\t\t\t\t\t\t<div v-html=\"image.description\"><\/div>\n\t\t\t\t\t\t\t\t\t\t\t<div class=\"insignificant\" v-if=\"image.copyright\" v-html=\"'\u00a9 '+image.copyright\"><\/div>\n\t\t\t\t\t\t\t\t\t\t<\/div>\n\t\t\t\t\t\t\t\t\t<\/figcaption>\n\t\t\t\t\t\t\t\t<\/div>\n\n\t\t\t\t\t\t\t\t<div class=\"swiper-pagination\"  slot=\"pagination\"><\/div>\n\n\t\t\t\t\t\t\t\t<button class=\"icon-round swiper-button-prev\" slot=\"button-prev\" aria-label=\"Vorheriges Bild\">\n\t\t\t\t\t\t\t\t\t<span class=\"icon-next\" aria-hidden=\"true\"><\/span>\n\t\t\t\t\t\t\t\t<\/button>\n\n\t\t\t\t\t\t\t\t<button class=\"icon-round swiper-button-next\" slot=\"button-next\" aria-label=\"N\u00e4chstes Bild\">\n\t\t\t\t\t\t\t\t\t<span class=\"icon-next\" aria-hidden=\"true\"><\/span>\n\t\t\t\t\t\t\t\t<\/button>\n\t\t\t\t\t\t\t<\/swiper>\n\t\t\t\t\t\t<\/div>\n\t\t\t\t\t<\/block-gallery>\n\t\t\t\t<\/div>\n\t\t\t<\/div>\n\t\t<\/div>\n\t<\/div>\n<\/section>\n\n<section class=\"block block-headline block-no-margin \" >\n\t<div class=\"container-fluid\">\n\t\t<div class=\"row\">\n\t\t\t\t\t\t\t<div class=\"col-xs-12\">\n\t\t\t\t\t<div class=\"box\">\n\t\t\t\t\t\t<h2 class=\".h5\">Hier finde ich dieses Must See! <\/h2>\n\t\t\t\t\t<\/div>\n\t\t\t\t<\/div>\n\t\t\t\t\t<\/div>\n\t<\/div>\n<\/section>\n\n\n\n\n<section class=\"block block-standard-image-copy rev2nd\"> \n\t<div class=\"container-fluid\">\n\t\t<div class=\"row middle-sm\">\n\t\t\t<div class=\"col-xs-10 col-sm-6 margin-bottom-sixth\" data-motion-parallax='{\"child\":\".image-wrapper\",\"mask\":\".lazy-media\",\"tween\":{\"yPercent\": [-15,15]}}'>\n\t\t\t\t\n\t<lazy-media-inline inline-template>\n\t\t<figure itemscope itemtype=\"http:\/\/schema.org\/ImageObject\" class=\"lazy-media-inline \" role=\"group\" id=\"media_69e4950cdfdb0\" aria-labelledby=\"desc_media_69e4950cdfdb0\">\n\t\t\t<script type=\"application\/json\" ref=\"data\">\n\t\t\t\t{\n\t\t\t\t\"sizes\" : {\"medium\":{\"file\":\"SMB_Grundrisse_3OG_quer_1500x1000px_220901-1-300x200.jpg\",\"width\":300,\"height\":200,\"mime-type\":\"image\\\/jpeg\",\"filesize\":11392},\"large\":{\"file\":\"SMB_Grundrisse_3OG_quer_1500x1000px_220901-1-1024x683.jpg\",\"width\":1024,\"height\":683,\"mime-type\":\"image\\\/jpeg\",\"filesize\":54287},\"thumbnail\":{\"file\":\"SMB_Grundrisse_3OG_quer_1500x1000px_220901-1-150x150.jpg\",\"width\":150,\"height\":150,\"mime-type\":\"image\\\/jpeg\",\"filesize\":6042},\"medium_large\":{\"file\":\"SMB_Grundrisse_3OG_quer_1500x1000px_220901-1-768x512.jpg\",\"width\":768,\"height\":512,\"mime-type\":\"image\\\/jpeg\",\"filesize\":38422},\"small\":{\"file\":\"SMB_Grundrisse_3OG_quer_1500x1000px_220901-1-440x293.jpg\",\"width\":440,\"height\":293,\"mime-type\":\"image\\\/jpeg\",\"filesize\":18812},\"semi\":{\"file\":\"SMB_Grundrisse_3OG_quer_1500x1000px_220901-1-580x387.jpg\",\"width\":580,\"height\":387,\"mime-type\":\"image\\\/jpeg\",\"filesize\":26126},\"mobile\":{\"file\":\"SMB_Grundrisse_3OG_quer_1500x1000px_220901-1-720x480.jpg\",\"width\":720,\"height\":480,\"mime-type\":\"image\\\/jpeg\",\"filesize\":34184},\"hd\":{\"file\":\"SMB_Grundrisse_3OG_quer_1500x1000px_220901-1-1280x853.jpg\",\"width\":1280,\"height\":853,\"mime-type\":\"image\\\/jpeg\",\"filesize\":75266},\"original\":{\"file\":\"SMB_Grundrisse_3OG_quer_1500x1000px_220901-1.jpg\",\"width\":1500,\"height\":1000}},\n\t\t\t\t\"alt\" : \"Grafische Darstellung eines Grundrisses mit Raumnummern sowie Symbolen f\\u00fcr Treppen und Aufz\\u00fcge.\",\n\t\t\t\t\"path\" : \"\\\/wp-content\\\/uploads\\\/2022\\\/09\\\/\",\n\t\t\t\t\"video\" : null,\n\t\t\t\t\"autoplay\" : null,\n\t\t\t\t\"youtube\" : null,\n\t\t\t\t\"youtubelabel\" : \"Video abspielen\",\n\t\t\t\t\"brightness\" : 100,\n\t\t\t\t\"crop\" : null,\n\t\t\t\t\"background\" : false,\n\t\t\t\t\"scale\" : 1\t\t\t\t}\n\t\t\t<\/script>\n\n\t\t\t<div class=\"height-container\" style=\"padding-bottom:66.666666666667%;\" v-if=\"sizes\">\n\t\t\t\t\t\t\t\t<lazy-media :inline=\"true\" :alt=\"alt\" :sizes=\"sizes\" :scale=\"scale\" :brightness=\"brightness\" :path=\"path\" :video=\"video\" :autoplay=\"autoplay\" :youtube=\"youtube\" :crop=\"crop\" :youtubelabel=\"youtubelabel\" :background=\"background\" media-id=\"desc_media_69e4950cdfdb0\"><\/lazy-media>\n\t\t\t\t\t\t\t<\/div>\n\n\t\t\t\t\t\t\t\t<\/figure>\n\t<\/lazy-media-inline>\n\t\t\t<\/div>\n\t\t\t<div class=\"col-xs-10 col-sm-6 col-md-5 copy margin-bottom-half\"><p>Raum 319 \u2013 <em>Kunst aus China und Korea, Studiensammlungen<\/em><\/p>\n<\/div>\n\t\t<\/div>\n\t<\/div>\n<\/section>\n\n<section class=\"block block-CTA block-CTA-long leftgradient\">\n\t<div class=\"container-fluid\">\n\t\t<div class=\"row center-xs\">\n\t\t\t<div class=\"col-xs-12\">\n\t\t\t\t<div class=\"box\">\n\t\t\t\t\t<a href=\"https:\/\/www.humboldtforum.org\/de\/programm\/dauerangebot\/ausstellung\/ethnologische-sammlungen-und-asiatische-kunst-46021\/\" aria-label=\"\" class=\"teaser teaser-cta-wide \">\n\t\t\t\t\t\t<div class=\"teaser-image\">\n\t\t\t\t\t\t\t\n\t<lazy-media-inline inline-template>\n\t\t<figure itemscope itemtype=\"http:\/\/schema.org\/ImageObject\" class=\"lazy-media-inline \" role=\"group\" id=\"media_69e4950ce2531\" aria-labelledby=\"desc_media_69e4950ce2531\">\n\t\t\t<script type=\"application\/json\" ref=\"data\">\n\t\t\t\t{\n\t\t\t\t\"sizes\" : {\"medium\":{\"file\":\"EM-Schmal-300x86.jpg\",\"width\":300,\"height\":86,\"mime-type\":\"image\\\/jpeg\",\"filesize\":5044},\"large\":{\"file\":\"EM-Schmal-1024x295.jpg\",\"width\":1024,\"height\":295,\"mime-type\":\"image\\\/jpeg\",\"filesize\":25111},\"thumbnail\":{\"file\":\"EM-Schmal-150x150.jpg\",\"width\":150,\"height\":150,\"mime-type\":\"image\\\/jpeg\",\"filesize\":5792},\"medium_large\":{\"file\":\"EM-Schmal-768x221.jpg\",\"width\":768,\"height\":221,\"mime-type\":\"image\\\/jpeg\",\"filesize\":16684},\"small\":{\"file\":\"EM-Schmal-440x127.jpg\",\"width\":440,\"height\":127,\"mime-type\":\"image\\\/jpeg\",\"filesize\":7879},\"semi\":{\"file\":\"EM-Schmal-580x167.jpg\",\"width\":580,\"height\":167,\"mime-type\":\"image\\\/jpeg\",\"filesize\":11595},\"mobile\":{\"file\":\"EM-Schmal-720x207.jpg\",\"width\":720,\"height\":207,\"mime-type\":\"image\\\/jpeg\",\"filesize\":15153},\"hd\":{\"file\":\"EM-Schmal-1280x369.jpg\",\"width\":1280,\"height\":369,\"mime-type\":\"image\\\/jpeg\",\"filesize\":34746},\"1536x1536\":{\"file\":\"EM-Schmal-1536x442.jpg\",\"width\":1536,\"height\":442,\"mime-type\":\"image\\\/jpeg\",\"filesize\":45044},\"original\":{\"file\":\"EM-Schmal.jpg\",\"width\":1636,\"height\":471}},\n\t\t\t\t\"alt\" : \"Skulptur einer Gottheit vor einem lebhaften, geometrischen Hintergrund.\",\n\t\t\t\t\"path\" : \"\\\/wp-content\\\/uploads\\\/2022\\\/09\\\/\",\n\t\t\t\t\"video\" : null,\n\t\t\t\t\"autoplay\" : null,\n\t\t\t\t\"youtube\" : null,\n\t\t\t\t\"youtubelabel\" : \"Video abspielen\",\n\t\t\t\t\"brightness\" : \"100\",\n\t\t\t\t\"crop\" : null,\n\t\t\t\t\"background\" : true,\n\t\t\t\t\"scale\" : 1\t\t\t\t}\n\t\t\t<\/script>\n\n\t\t\t<div class=\"height-container\" style=\"padding-bottom:28.789731051345%;\" v-if=\"sizes\">\n\t\t\t\t\t\t\t\t<lazy-media :inline=\"true\" :alt=\"alt\" :sizes=\"sizes\" :scale=\"scale\" :brightness=\"brightness\" :path=\"path\" :video=\"video\" :autoplay=\"autoplay\" :youtube=\"youtube\" :crop=\"crop\" :youtubelabel=\"youtubelabel\" :background=\"background\" media-id=\"desc_media_69e4950ce2531\"><\/lazy-media>\n\t\t\t\t\t\t\t<\/div>\n\n\t\t\t\t\t\t\t<figcaption class=\"sr-only\" ref=\"body\" id=\"desc_media_69e4950ce2531\">\n\t\t\t\t\t\t\t\t\t\t\t\t\t\t\t\t\t\t\t\t\t<div class=\"insignificant\">\u00a9 Staatliche Museen zu Berlin, Museum f\u00fcr Asiatische Kunst; Stiftung Humboldt Forum im Berliner Schloss \/ digitale Reproduktion: Jester Blank GbR<\/div>\n\t\t\t\t\t\t\t\t\t<\/figcaption>\n\t\t\t\t\t<\/figure>\n\t<\/lazy-media-inline>\n\t\t\t\t\t\t<\/div>\n\t\t\t\t\t\t<div class=\"teaser-content \">\n\t\t\t\t\t\t\t<div>\n\t\t\t\t\t\t\t\t\t\t\t\t\t\t\t\t<div class=\"teaser-header\"><span class=\"h3\"><\/span><\/div>\n\t\t\t\t\t\t\t\t\t\t\t\t\t\t\t\t<button tabindex=\"-1\" class=\"border\">Ethnologische Sammlungen und Asiatische Kunst<\/button>\n\t\t\t\t\t\t\t<\/div>\n\t\t\t\t\t\t<\/div>\n\t\t\t\t\t<\/a>\n\t\t\t\t<\/div>\n\t\t\t<\/div>\n\t\t<\/div>\n\t<\/div>\n<\/section>\n","protected":false},"excerpt":{"rendered":"","protected":false},"author":30,"featured_media":75487,"parent":0,"menu_order":0,"comment_status":"closed","ping_status":"closed","template":"","meta":{"_acf_changed":false,"footnotes":""},"class_list":["post-54268","page","type-page","status-publish","has-post-thumbnail","hentry"],"acf":[],"_links":{"self":[{"href":"https:\/\/www.humboldtforum.org\/de\/wp-json\/wp\/v2\/pages\/54268","targetHints":{"allow":["GET"]}}],"collection":[{"href":"https:\/\/www.humboldtforum.org\/de\/wp-json\/wp\/v2\/pages"}],"about":[{"href":"https:\/\/www.humboldtforum.org\/de\/wp-json\/wp\/v2\/types\/page"}],"author":[{"embeddable":true,"href":"https:\/\/www.humboldtforum.org\/de\/wp-json\/wp\/v2\/users\/30"}],"replies":[{"embeddable":true,"href":"https:\/\/www.humboldtforum.org\/de\/wp-json\/wp\/v2\/comments?post=54268"}],"version-history":[{"count":10,"href":"https:\/\/www.humboldtforum.org\/de\/wp-json\/wp\/v2\/pages\/54268\/revisions"}],"predecessor-version":[{"id":75508,"href":"https:\/\/www.humboldtforum.org\/de\/wp-json\/wp\/v2\/pages\/54268\/revisions\/75508"}],"wp:featuredmedia":[{"embeddable":true,"href":"https:\/\/www.humboldtforum.org\/de\/wp-json\/wp\/v2\/media\/75487"}],"wp:attachment":[{"href":"https:\/\/www.humboldtforum.org\/de\/wp-json\/wp\/v2\/media?parent=54268"}],"curies":[{"name":"wp","href":"https:\/\/api.w.org\/{rel}","templated":true}]}}