{"id":54834,"date":"2022-09-20T11:24:48","date_gmt":"2022-09-20T09:24:48","guid":{"rendered":"https:\/\/www.humboldtforum.org\/?page_id=54834"},"modified":"2025-06-25T14:06:06","modified_gmt":"2025-06-25T12:06:06","slug":"wuerde-kontinuitaet-transparenz-3","status":"publish","type":"page","link":"https:\/\/www.humboldtforum.org\/de\/wuerde-kontinuitaet-transparenz-3\/","title":{"rendered":"W\u00dcRDE \u2013 KONTINUIT\u00c4T \u2013 TRANSPARENZ"},"content":{"rendered":"<section class=\"block block-header-headline\" >\n    <div class=\"container-fluid\">\n        <div class=\"row\">\n\t\t\t\t\t\t\t<div class=\"col-xs-12 col-md-offset-2 col-md-8\">\n\t\t\t\t\t<div class=\"box\">\n\t\t\t\t\t\t<div class=\"subline\">Gemeinsame Erkl\u00e4rung der Global Cultural Assembly 2022<\/div>\n\t\t\t\t\t<\/div>\n\t\t\t\t<\/div>\n\t\t\t\n                            <div class=\"col-xs-12 col-md-offset-2 col-md-8\">\n                    <div class=\"box\">\n                        <h1>W\u00dcRDE \u2013 KONTINUIT\u00c4T \u2013 TRANSPARENZ<\/h1>\n                    <\/div>\n                <\/div>\n                    <\/div>\n    <\/div>\n<\/section>\n\n\n\n\n<section class=\"block block-header\" >\n\t<block-header inline-template>\n\t\t<figure role=\"group\" aria-labelledby=\"desc_m_69eab75953542\">\n\n\t\t\t<script type=\"application\/json\" ref=\"data\">\n\t\t\t\t{\n\t\t\t\t\"sizes_d\" : {\"medium\":{\"file\":\"SHF_eb00154475_Eroeffnung-Ostfluegel-300x220.jpg\",\"width\":300,\"height\":220,\"mime-type\":\"image\\\/jpeg\",\"filesize\":17837},\"large\":{\"file\":\"SHF_eb00154475_Eroeffnung-Ostfluegel-1024x750.jpg\",\"width\":1024,\"height\":750,\"mime-type\":\"image\\\/jpeg\",\"filesize\":146969},\"thumbnail\":{\"file\":\"SHF_eb00154475_Eroeffnung-Ostfluegel-150x150.jpg\",\"width\":150,\"height\":150,\"mime-type\":\"image\\\/jpeg\",\"filesize\":6926},\"medium_large\":{\"file\":\"SHF_eb00154475_Eroeffnung-Ostfluegel-768x563.jpg\",\"width\":768,\"height\":563,\"mime-type\":\"image\\\/jpeg\",\"filesize\":91912},\"small\":{\"file\":\"SHF_eb00154475_Eroeffnung-Ostfluegel-440x322.jpg\",\"width\":440,\"height\":322,\"mime-type\":\"image\\\/jpeg\",\"filesize\":34817},\"semi\":{\"file\":\"SHF_eb00154475_Eroeffnung-Ostfluegel-580x425.jpg\",\"width\":580,\"height\":425,\"mime-type\":\"image\\\/jpeg\",\"filesize\":56853},\"mobile\":{\"file\":\"SHF_eb00154475_Eroeffnung-Ostfluegel-720x528.jpg\",\"width\":720,\"height\":528,\"mime-type\":\"image\\\/jpeg\",\"filesize\":81795},\"original\":{\"file\":\"SHF_eb00154475_Eroeffnung-Ostfluegel.jpg\",\"width\":1280,\"height\":938}},\n\t\t\t\t\"alt_d\" : \"Eine gro\\u00dfe Gruppe von Menschen steht vor einem historischen Geb\\u00e4ude in Berlin, im Hintergrund der Fernsehturm.\",\n\t\t\t\t\"path_d\" : \"\\\/wp-content\\\/uploads\\\/2022\\\/09\\\/\",\n\t\t\t\t\"autoplay_d\" : null,\n\t\t\t\t\"crop_d\" : {\"top\":\"93.91\",\"left\":\"51.06\"},\n\t\t\t\t\"background_d\" : true,\n\t\t\t\t\"scale_d\" : 2,\n\n\t\t\t\t\"sizes_m\" : [],\n\t\t\t\t\"alt_m\" : null,\n\t\t\t\t\"path_m\" : null,\n\t\t\t\t\"autoplay_m\" : null,\n\t\t\t\t\"crop_m\" : null,\n\t\t\t\t\"background_m\" : true,\n\t\t\t\t\"scale_m\" : 1,\n\n\t\t\t\t\"has_mobile_format\" : false,\n\t\t\t\t\"has_ad\" : false,\n\t\t\t\t\"audio_description_yt\" : null\t\t\t\t}\n\t\t\t<\/script>\n\t\t\t<div class=\"height-container\" style=\"padding-bottom:73.28125%;\" v-if=\"sizes\" data-motion-parallax='{\"child\":\".image-wrapper\",\"mask\":\".lazy-media\",\"tween\":{\"yPercent\": [-15,15]}}'>\n\t\t\t\t<lazy-media :inline=\"true\" :scale=\"scale\" :alt=\"alt\" :sizes=\"sizes\" :brightness=\"brightness\" :path=\"path\" :video=\"video\" :autoplay=\"autoplay\" :youtube=\"youtube\" :crop=\"crop\" :youtubelabel=\"youtubelabel\" :background=\"background\" media-id=\"desc_m_69eab75953542\"><\/lazy-media>\n\t\t\t\t<button class=\"autoplay-audio-description-btn icon-background icon-audio-describtions\" @click=\"audioDescriptionPlay\" v-if=\"hasAudioDescription\" aria-label=\"Audiodeskription aufrufen\"><\/button>\n\t\t\t<\/div>\n\t\t\t\t\t\t<div class=\"lazy-media-info-container-fluid\">\n\t\t\t\t<div class=\"lazy-media-info-row end-xs\">\n\t\t\t\t\t<div class=\"lazy-media-info-col\">\n\t\t\t\t\t\t<div class=\"lazy-media-info\" aria-expanded=\"false\" :aria-expanded=\"isOpen ? 'true' : 'false'\">\n\t\t\t\t\t\t\t<button class=\"lazy-media-info-head button-tiny insignificant\" :class=\"{'button-active': isOpen}\" @click=\"toggle\" ref=\"head\"><span class=\"button-label insignificant\">Bildinfo<\/span><\/button>\n\t\t\t\t\t\t\t<figcaption class=\"lazy-media-info-body\" ref=\"body\" id=\"desc_m_69eab75953542\">\n\t\t\t\t\t\t\t\t<div class=\"lazy-media-info-body-content\">\n\t\t\t\t\t\t\t\t\t\t\t\t\t\t\t\t\t\t<div>Im September 2022 hat das Humboldt Forum in Berlin den Ostfl&uuml;gel mit dem Ethnologischen Museum und Museum f&uuml;r Asiatische Kunst er&ouml;ffnet. Zu diesem Anlass waren mehr als 80 internationale Partner*innen gekommen, die Ideen f&uuml;r die Zukunft des Forums und der Museen entwickelt haben. <\/div>\t\t\t\t\t\t\t\t\t<div class=\"insignificant\">\u00a9 Stiftung Humboldt Forum im Berliner Schloss \/ David von Becker<\/div>\t\t\t\t\t\t\t\t<\/div>\n\t\t\t\t\t\t\t<\/figcaption>\n\t\t\t\t\t\t\t<div class=\"lazy-media-info-head-border\"><\/div>\n\t\t\t\t\t\t<\/div>\n\t\t\t\t\t<\/div>\n\t\t\t\t<\/div>\n\t\t\t<\/div>\n\t\t\t\t\t<\/figure>\n\t<\/block-header>\n<\/section>\n\n<section class=\"block block-copy\" >\n    <div class=\"container-fluid\">\n\t\t<div class=\"row \">\n            <div class=\"col-xs-12 col-md-offset-2 col-md-8\">\n                <div class=\"box\">\n                    <div class=\"copy\"><p>deutsch (\u00dcbersetzung)<\/p>\n<p><strong>W\u00dcRDE \u2013 KONTINUIT\u00c4T \u2013 TRANSPARENZ \u00a0<\/strong><\/p>\n<p><strong>Wir, die unterzeichnenden Teilnehmer*innen des Er\u00f6ffnungssymposiums des Humboldt Forum vom 12. \u2013 14. September 2022, haben im Angesicht der ernsthaften Herausforderungen des Klimawandels f\u00fcr die \u00f6kologische Stabilit\u00e4t und die Menschheit die folgenden Ideen, Vorschl\u00e4ge und Erwartungen entwickelt <\/strong><\/p>\n<p>und rufen das Humboldt Forum auf, seine Rolle und Verantwortung anzuerkennen in Hinblick auf die F\u00f6rderung und Gew\u00e4hrleistung internationaler und interkultureller Zusammenarbeit. Damit verpflichtet sich das Humboldt Forum als verl\u00e4sslicher Partner langfristig zu agieren um Vertrauen aufzubauen \u00fcber Regionen hinweg f\u00fcr und mit unterschiedlichen Gemeinschaften. Das Humboldt Forum und seine Akteure sorgen in Bezug auf seine Strukturen und Ressourcen f\u00fcr Zug\u00e4nglichkeit und Transparenz. Internationale Partner*innen werden als ein zentraler Akteur der Organisation anerkannt.<\/p>\n<p>Das Humboldt Forum und seine Akteure erkennen den Wert der Sammlungsbest\u00e4nde f\u00fcr die Weltgemeinschaft und ihre Herkunftsgemeinschaften an. Die sogenannten \u201eObjekte\u201c oder \u201eAusstellungsst\u00fccke\u201c sind nicht auf blo\u00dfe Dinge oder Artefakte zu reduzieren, sondern als \u201eCultural Belongings\u201c anzuerkennen. Sie vermitteln Beziehungen zwischen Menschen, Orten, kulturellen und k\u00fcnstlerischen Praktiken, die sich auf Vergangenheit, Gegenwart und Zukunft beziehen. Ein ad\u00e4quater Umgang mit den \u201eCultural Belongings\u201c impliziert ferner ein Engagement zur Pflege und Schutz der damit verbundenen Orte (Territorien) und Habitate. In Bezug auf die Sammlungsbest\u00e4nde erkennt das Humboldt Forum und seine Akteure einen Auftrag an, der ihnen von der internationalen Gemeinschaft zugeschrieben ist. Die Leitungen des Humboldt Forums stehen in einer besonderen Verantwortung diesem ethischen Auftrag gerecht zu werden, indem sie ad\u00e4quate institutionelle F\u00e4higkeiten und Ressourcen zu seiner Erf\u00fcllung entwickeln und sicherstellen.<\/p>\n<p>Respekt vor Eigentum, Einverst\u00e4ndnis, W\u00fcrde sowie kulturelle Selbstbestimmung sind zentrale Leitmotive im Humboldt Forum als ein lebendiger Ort, an dem sich vielf\u00e4ltige kulturelle Praktiken, k\u00fcnstlerische Produktivit\u00e4t, Geschichten und Erz\u00e4hlungen in unterschiedlichen Formen entwickeln und entfalten k\u00f6nnen. Um dies nachhaltig zu gew\u00e4hrleisten, sind angemessene Strukturen und Rahmenbedingungen sicherzustellen.<\/p>\n<p>Das Humboldt Forum erkennt vielf\u00e4ltige Wissensformen an, in denen indigene, lokale und biografische Erfahrungen und Praktiken zentral und sichtbar werden. Dieses Verst\u00e4ndnis dient als Leitprinzip f\u00fcr die Arbeit und Aktivit\u00e4ten des Humboldt Forums in seinen unterschiedlichen Handlungsfeldern u.a. in der Provenienzforschung, der Ausstellungs- und Programmgestaltung ebenso wie in einem kultursensiblen Umgang mit Sprache und Terminologie.<\/p>\n<p>Dar\u00fcber hinaus soll das Humboldt Forum strukturelle Teilhabe, R\u00e4ume und Partizipationsm\u00f6glichkeiten f\u00fcr Kulturschaffende, K\u00fcnstler*innen oder Community-Vertreter*innen sicherstellen, die zu ihren eigenen Bedingungen produktiv werden.<\/p>\n<p>Das Humboldt Forum nimmt seine Verantwortung als \u00f6ffentliche Einrichtung wahr \u00fcber eine aktive Beteiligung an \u00f6ffentlichen Diskursen und in dem es breite Sichtbarkeit schafft und sich f\u00fcr die Interessen seiner internationalen Partner*innen einsetzt.<\/p>\n<p>Die internationalen Partnerinnen des Humboldt Forum schlagen folgende Handlungsfelder vor:<\/p>\n<ol>\n<li><strong>St\u00e4ndige Indigene Vertretung<\/strong><\/li>\n<\/ol>\n<p>Die St\u00e4ndige Indigene Vertretung ist ein physischer Raum im Humboldt Forum f\u00fcr und im Dienst von Indigenen und internationalen Gemeinschaften und ihrer Anliegen. Sie schafft eine selbstbestimmte \u00f6ffentliche Sichtbarkeit in Anerkennung ihrer derzeitigen Unterrepr\u00e4sentation im politischen Raum. Die mit ausreichenden Ressourcen ausgestattete Indigene Vertretung bietet Begegnungs- und Dialogm\u00f6glichkeiten mit Personen anstelle von &#8222;Objekten&#8220;. Die Indigene Vertretung steht ein f\u00fcr das Wissen und f\u00fcr die Technologien Indigener Gemeinschaften sowie f\u00fcr \u00f6kologische Nachhaltigkeit und f\u00fcr Ma\u00dfnahmen und Projekte zum Schutz der Umwelt und der Sicherstellung nat\u00fcrlicher Ressourcen f\u00fcr die lokalen Gemeinschaften. Die bestehende westliche Dichotomie zwischen Natur und Kultur soll kritisch \u00fcberpr\u00fcft, stattdessen ein umfassendes Verst\u00e4ndnis von Habitat und Kultur anerkannt werden.<\/p>\n<p>Die indigene Vertretung steht ein f\u00fcr aktuelle Themen ihrer Gemeinschaften und macht diese einer breiten \u00d6ffentlichkeit sichtbar. Es adressiert Themen wie z.B. gef\u00e4hrdetes Kulturerbe inkl. Sprachen oder Praktiken und dient als Anlaufstelle f\u00fcr den Aufbau dauerhafter Netzwerke zu anderen zivilgesellschaftlichen Organisationen. Die Indigene Vertretung wird zudem ad\u00e4quat ausgestattet um Rechtsexpertise in einem transkulturellen Kontext bereitzustellen um dadurch Rechtspluralismus im Kontext von Verhandlungen zwischen Kulturen und Nationen zu f\u00f6rdern.<\/p>\n<ol start=\"2\">\n<li><strong>Weltkonferenz zu Themen wie Restitution und Repatriierung<\/strong><\/li>\n<\/ol>\n<p>Bis Ende 2024 ist eine mehrt\u00e4gige Konferenz mit dem Humboldt Forum und internationalen Partnern zu Themen rund um Restitution und Repatriierung abzuhalten. Die Tagung soll Leitideen und praktikable L\u00f6sungen zu unterschiedlichen Fragestellungen bereitstellen, die in der deutsch-internationalen Debatte \u00fcber Restitution wiederholt adressiert werden, wie zum Beispiel: Wo ist die Anlaufstelle bei einer Restitutionsanfrage? Was ist operativ zu tun? Wie sieht ein w\u00fcrdevoller Restitutions- oder Repatriierungsprozess aus? Wie funktioniert der Zugang zu Depots\/Sammlungsbest\u00e4nden, Archiven und Datenbanken? Was sind die Mitgliedschaftskriterien? Die Konferenz leistet die Vorarbeit um Grundlagen zu schaffen f\u00fcr die Einrichtung einer Kontakt- \/ Beratungsstelle im Humboldt Forum, um bei Restitutionsprozessen zu beraten und zu unterst\u00fctzen sowie Transparenz und kulturell angemessene (w\u00fcrdevolle) Verfahren sicherzustellen.<\/p>\n<ol start=\"3\">\n<li><strong>Sprachkulturen <\/strong><\/li>\n<\/ol>\n<p>Ein angemessener und sensibler Umgang mit Sprache ist zentral f\u00fcr die Arbeit des Humboldt Forums. Wo immer m\u00f6glich, sind Originalbegriffe aus der Herkunftssprache zu verwenden. Denn alle \u201eCultural Belongings\u201c haben durch ihre Namen in der Herkunftssprache eine Identit\u00e4t. Sprache ist Wissenstr\u00e4ger und vermittelt auf einer weiteren Ebene Informationen \u00fcber die Objekte aus der Herkunftsgesellschaft. Say their names!<\/p>\n<ol start=\"4\">\n<li><strong> Das Zirkulationsprinzip<\/strong><\/li>\n<\/ol>\n<p>Das Zirkulations- oder Kreislaufprinzip dient als ein Leitprinzip f\u00fcr k\u00fcnftige Ausstellungs- und Programmkonzepte des Humboldt Forum. Es umfasst den Austausch zwischen Menschen, Ideen und \u201eCultural Belongings\u201c z.B. durch transnationale Kulturprojekte, Residenzen und Austauschprogramme insbesondere f\u00fcr junge Menschen. Das Prinzip der Zirkulation wird dar\u00fcber hinaus im Sinne von Transparenz verstanden. Es umfasst die Bereitstellung und den Zugang zu Daten, Informationen und Ressourcen. Als erster Schritt zur Umsetzung wird vorgeschlagen, eine multiversale und mobile Ausstellung kollaborativ zu entwickeln und zu kuratieren, um Geschichten der \u201eCultural Belongings\u201c aus\/in verschiedenen Regionen zu erz\u00e4hlen und zu teilen. Die Ausstellung wird auf allen Kontinenten gezeigt \u2013 in l\u00e4ndlichen und urbanen R\u00e4umen. Das Ausstellungskonzept soll auf der Idee einer \u201ewachsenden Ausstellung\u201c basieren, angereichert durch Perspektiven und Wahrnehmungen von Personen und Besucher*innen aus aller Welt. Durch vergleichende Ans\u00e4tze (Beispiel Web- oder Flechtkunst) kann ein m\u00f6gliches Thema entwickelt werden.<\/p>\n<ol start=\"4\">\n<li><strong>Silent Projects<\/strong><\/li>\n<\/ol>\n<p><em>Silent Projects<\/em> adressieren den Bedarf an prozessorientierten und ergebnisoffenen Projekten ohne vorbestimmte Ausspielungs- oder Produktionsformate. <em>Silent Projects<\/em> schaffen sichere R\u00e4ume f\u00fcr Begegnungen, Experimente, dekoloniale Praxis, Vertrauensbildung sowie kulturelle Praxis, die von Menschen und \u201eCultural Belongings\u201c ausgeht.<\/p>\n<ol start=\"5\">\n<li><strong>Neues Museum <\/strong><\/li>\n<\/ol>\n<p>Die internationalen Partner*innen empfehlen Dezentralisierung als Organisations- und Arbeitsprinzip, langfristige und nachhaltige Zusammenarbeit zwischen Gemeinschaften \u2013 nicht nur die Anerkennung immaterieller Kulturg\u00fcter sondern die Erfahrbarmachung und Vermittlung in Verbindung zur zeitgen\u00f6ssischen k\u00fcnstlerischen Praxis (Musik\/Sound\/performative und bildende Kunst). Ferner werden empfohlen die Entwicklung von Outreach- und Inreach Programmen f\u00fcr diverse Zielgruppen, die verst\u00e4rkte Entwicklung kollaborativer Bildungsformate sowie partizipative und innovative Kulturprogramme f\u00fcr ein junges Zielpublikum.<\/p>\n<p>Wir, die Teilnehmer*innen, schlagen o.g. Punkte\/Konzepte vor. Die Best\u00e4tigung dessen (vom Humboldt Forum*) ist Ausgangspunkt unseres weiteren Engagements als internationale Partner*innen (mit dem Humboldt Forum*).<\/p>\n<p>Berlin 18.09.2022<\/p>\n<p><em>Unterschriften<\/em><\/p>\n<p>*Anmerkung des \u00dcbersetzers<\/p>\n<p>&nbsp;<\/p>\n<p><em>\u00a0<\/em><\/p>\n<\/div>\n                <\/div>\n            <\/div>\n\t\t<\/div>\n\t\t    <\/div>\n<\/section>","protected":false},"excerpt":{"rendered":"","protected":false},"author":30,"featured_media":54820,"parent":0,"menu_order":0,"comment_status":"closed","ping_status":"closed","template":"","meta":{"_acf_changed":false,"footnotes":""},"class_list":["post-54834","page","type-page","status-publish","has-post-thumbnail","hentry"],"acf":[],"_links":{"self":[{"href":"https:\/\/www.humboldtforum.org\/de\/wp-json\/wp\/v2\/pages\/54834","targetHints":{"allow":["GET"]}}],"collection":[{"href":"https:\/\/www.humboldtforum.org\/de\/wp-json\/wp\/v2\/pages"}],"about":[{"href":"https:\/\/www.humboldtforum.org\/de\/wp-json\/wp\/v2\/types\/page"}],"author":[{"embeddable":true,"href":"https:\/\/www.humboldtforum.org\/de\/wp-json\/wp\/v2\/users\/30"}],"replies":[{"embeddable":true,"href":"https:\/\/www.humboldtforum.org\/de\/wp-json\/wp\/v2\/comments?post=54834"}],"version-history":[{"count":12,"href":"https:\/\/www.humboldtforum.org\/de\/wp-json\/wp\/v2\/pages\/54834\/revisions"}],"predecessor-version":[{"id":148604,"href":"https:\/\/www.humboldtforum.org\/de\/wp-json\/wp\/v2\/pages\/54834\/revisions\/148604"}],"wp:featuredmedia":[{"embeddable":true,"href":"https:\/\/www.humboldtforum.org\/de\/wp-json\/wp\/v2\/media\/54820"}],"wp:attachment":[{"href":"https:\/\/www.humboldtforum.org\/de\/wp-json\/wp\/v2\/media?parent=54834"}],"curies":[{"name":"wp","href":"https:\/\/api.w.org\/{rel}","templated":true}]}}