{"id":54936,"date":"2022-09-20T12:50:01","date_gmt":"2022-09-20T10:50:01","guid":{"rendered":"https:\/\/www.humboldtforum.org\/?page_id=54936"},"modified":"2022-09-20T13:35:15","modified_gmt":"2022-09-20T11:35:15","slug":"kunsthandwerk-aus-zentralasien","status":"publish","type":"page","link":"https:\/\/www.humboldtforum.org\/de\/kunsthandwerk-aus-zentralasien\/","title":{"rendered":"Kunsthandwerk in Zentralasien"},"content":{"rendered":"<section class=\"block block-header-headline\" >\n    <div class=\"container-fluid\">\n        <div class=\"row\">\n\t\t\t\t\t\t\t<div class=\"col-xs-12 col-md-offset-2 col-md-8\">\n\t\t\t\t\t<div class=\"box\">\n\t\t\t\t\t\t<div class=\"subline\">Teppiche, Textilien und Keramiken<\/div>\n\t\t\t\t\t<\/div>\n\t\t\t\t<\/div>\n\t\t\t\n                            <div class=\"col-xs-12 col-md-offset-2 col-md-8\">\n                    <div class=\"box\">\n                        <h1>Kunsthandwerk in Zentralasien<\/h1>\n                    <\/div>\n                <\/div>\n                    <\/div>\n    <\/div>\n<\/section>\n\n\n\n\n<section class=\"block block-header\" >\n\t<block-header inline-template>\n\t\t<figure role=\"group\" aria-labelledby=\"desc_m_69f12ce532d17\">\n\n\t\t\t<script type=\"application\/json\" ref=\"data\">\n\t\t\t\t{\n\t\t\t\t\"sizes_d\" : {\"medium\":{\"file\":\"SHF_eb00151899-1-300x225.jpg\",\"width\":300,\"height\":225,\"mime-type\":\"image\\\/jpeg\",\"filesize\":14801},\"large\":{\"file\":\"SHF_eb00151899-1-1024x768.jpg\",\"width\":1024,\"height\":768,\"mime-type\":\"image\\\/jpeg\",\"filesize\":96004},\"thumbnail\":{\"file\":\"SHF_eb00151899-1-150x150.jpg\",\"width\":150,\"height\":150,\"mime-type\":\"image\\\/jpeg\",\"filesize\":6303},\"medium_large\":{\"file\":\"SHF_eb00151899-1-768x576.jpg\",\"width\":768,\"height\":576,\"mime-type\":\"image\\\/jpeg\",\"filesize\":62679},\"small\":{\"file\":\"SHF_eb00151899-1-440x330.jpg\",\"width\":440,\"height\":330,\"mime-type\":\"image\\\/jpeg\",\"filesize\":26548},\"semi\":{\"file\":\"SHF_eb00151899-1-580x435.jpg\",\"width\":580,\"height\":435,\"mime-type\":\"image\\\/jpeg\",\"filesize\":41102},\"mobile\":{\"file\":\"SHF_eb00151899-1-720x540.jpg\",\"width\":720,\"height\":540,\"mime-type\":\"image\\\/jpeg\",\"filesize\":56945},\"original\":{\"file\":\"SHF_eb00151899-1.jpg\",\"width\":1280,\"height\":960}},\n\t\t\t\t\"alt_d\" : \"Moderne Ausstellung mit stilisiertem Teppich und interaktiven Elementen in einem lichtdurchfluteten Museum.\",\n\t\t\t\t\"path_d\" : \"\\\/wp-content\\\/uploads\\\/2022\\\/09\\\/\",\n\t\t\t\t\"autoplay_d\" : null,\n\t\t\t\t\"crop_d\" : null,\n\t\t\t\t\"background_d\" : true,\n\t\t\t\t\"scale_d\" : 1,\n\n\t\t\t\t\"sizes_m\" : [],\n\t\t\t\t\"alt_m\" : null,\n\t\t\t\t\"path_m\" : null,\n\t\t\t\t\"autoplay_m\" : null,\n\t\t\t\t\"crop_m\" : null,\n\t\t\t\t\"background_m\" : true,\n\t\t\t\t\"scale_m\" : 1,\n\n\t\t\t\t\"has_mobile_format\" : false,\n\t\t\t\t\"has_ad\" : false,\n\t\t\t\t\"audio_description_yt\" : null\t\t\t\t}\n\t\t\t<\/script>\n\t\t\t<div class=\"height-container\" style=\"padding-bottom:75%;\" v-if=\"sizes\" data-motion-parallax='{\"child\":\".image-wrapper\",\"mask\":\".lazy-media\",\"tween\":{\"yPercent\": [-15,15]}}'>\n\t\t\t\t<lazy-media :inline=\"true\" :scale=\"scale\" :alt=\"alt\" :sizes=\"sizes\" :brightness=\"brightness\" :path=\"path\" :video=\"video\" :autoplay=\"autoplay\" :youtube=\"youtube\" :crop=\"crop\" :youtubelabel=\"youtubelabel\" :background=\"background\" media-id=\"desc_m_69f12ce532d17\"><\/lazy-media>\n\t\t\t\t<button class=\"autoplay-audio-description-btn icon-background icon-audio-describtions\" @click=\"audioDescriptionPlay\" v-if=\"hasAudioDescription\" aria-label=\"Audiodeskription aufrufen\"><\/button>\n\t\t\t<\/div>\n\t\t\t\t\t\t<div class=\"lazy-media-info-container-fluid\">\n\t\t\t\t<div class=\"lazy-media-info-row end-xs\">\n\t\t\t\t\t<div class=\"lazy-media-info-col\">\n\t\t\t\t\t\t<div class=\"lazy-media-info\" aria-expanded=\"false\" :aria-expanded=\"isOpen ? 'true' : 'false'\">\n\t\t\t\t\t\t\t<button class=\"lazy-media-info-head button-tiny insignificant\" :class=\"{'button-active': isOpen}\" @click=\"toggle\" ref=\"head\"><span class=\"button-label insignificant\">Bildinfo<\/span><\/button>\n\t\t\t\t\t\t\t<figcaption class=\"lazy-media-info-body\" ref=\"body\" id=\"desc_m_69f12ce532d17\">\n\t\t\t\t\t\t\t\t<div class=\"lazy-media-info-body-content\">\n\t\t\t\t\t\t\t\t\t\t\t\t\t\t\t\t\t\t<div>Ansicht des Ausstellungsbereichs &bdquo;Kunsthandwerk in Zentralasien&ldquo; des Ethnologischen Museums im Humboldt Forum <\/div>\t\t\t\t\t\t\t\t\t<div class=\"insignificant\">\u00a9 Staatliche Museen zu Berlin, Ethnologisches Museum \/ Stiftung Humboldt Forum im Berliner Schloss \/ Alexander Schippel<\/div>\t\t\t\t\t\t\t\t<\/div>\n\t\t\t\t\t\t\t<\/figcaption>\n\t\t\t\t\t\t\t<div class=\"lazy-media-info-head-border\"><\/div>\n\t\t\t\t\t\t<\/div>\n\t\t\t\t\t<\/div>\n\t\t\t\t<\/div>\n\t\t\t<\/div>\n\t\t\t\t\t<\/figure>\n\t<\/block-header>\n<\/section>\n\n<section class=\"block block-copy\" >\n    <div class=\"container-fluid\">\n\t\t<div class=\"row \">\n            <div class=\"col-xs-12 col-md-offset-2 col-md-8\">\n                <div class=\"box\">\n                    <div class=\"copy\"><p>Die Ausstellung macht das Verh\u00e4ltnis zwischen Kunsthandwerk, staatlicher Verfasstheit, Identit\u00e4t und Materialit\u00e4t am Beispiel von Usbekistan und Tadschikistan, Kirgisistan, Turkmenistan und der in Xinjiang beheimateten ethnischen Gruppe der Uiguren zum Thema. Die unterschiedlichen politischen und wirtschaftlichen Systeme in der Region seit der Mitte des 19. Jahrhunderts wurden begleitet von tiefgreifenden Ver\u00e4nderungen der Identit\u00e4ten der zentralasiatischen Bev\u00f6lkerungen \u2013 von h\u00e4ufig lokal oder religi\u00f6s gepr\u00e4gten zu mit den neuen Nationalstaaten verbundenen Identit\u00e4ten. Parallel kam es zu einem Bedeutungswandel ihrer materiellen und immateriellen Kultur: vom Kunsthandwerk als Statussymbol wohlhabender Schichten zu einem nationalen Symbol. Unter der sowjetischen Herrschaft etwa drohte das Wissen um die traditionelle Kunst teilweise verloren zu gehen oder wurde \u2013 wie in Turkmenistan vor der Unabh\u00e4ngigkeit \u2013 kommerzialisiert. So wurden aus selbstst\u00e4ndigen T\u00f6pfermeistern Arbeiter, die in Fabriken Massenporzellane herstellten. Daneben etablierten sich aber auch Kunsthandwerkst\u00e4tten. Im heutigen Usbekistan verliehen goldbestickte M\u00e4ntel w\u00e4hrend des Emirats ihren Tr\u00e4ger*innen Rang und Status, die modernen Festm\u00e4ntel sind Teil einer nationalen Tracht und werden noch heute bei Staatsbesuchen verschenkt.<br \/>\nDie wundersch\u00f6nen Textilien, Teppiche und Keramiken werden in dem Raum auf vier wellenf\u00f6rmigen Ausstellungspodesten frei pr\u00e4sentiert. Integriert in die Wellenelemente sind gro\u00dfe Vitrinen f\u00fcr die Pr\u00e4sentation der Kleidung, zum Beispiel von einem dunkelroten Frauenmantel aus Samt mit silberfarbener Seidenstickerei, der aus Westturkestan, dem heutigen Usbekistan, stammt. \u00dcber den tiefen Ausl\u00e4ufern der Wellen scheinen die flachen Vitrinen mit Schmuck und Kopfbedeckungen buchst\u00e4blich zu schweben. Die Erl\u00e4uterungen an den Vitrinen und eine Medienstation widmen sich den Ver\u00e4nderungen der Objekte, ihren Herstellungsbedingungen und Bedeutungen. Teppiche aus Filz sowie der aus demselben Material hergestellte M\u00e4nnerhut, kalpak, sind heute wichtige Symbole kirgisischer Identit\u00e4t. 2012 wurden die Filzteppiche ala-kiyiz und shyrdak, die aus Schafwolle gewebt werden und auf eine nomadische Tradition zur\u00fcckgehen, in die UNESCO-Liste des Weltkulturerbes aufgenommen.<\/p>\n<\/div>\n                <\/div>\n            <\/div>\n\t\t<\/div>\n\t\t    <\/div>\n<\/section>\n\n<section class=\"block block-headline block-no-margin \" >\n\t<div class=\"container-fluid\">\n\t\t<div class=\"row\">\n\t\t\t\t\t\t\t<div class=\"col-xs-12\">\n\t\t\t\t\t<div class=\"box\">\n\t\t\t\t\t\t<h2 class=\".h5\">Hier finde ich dieses Must See! <\/h2>\n\t\t\t\t\t<\/div>\n\t\t\t\t<\/div>\n\t\t\t\t\t<\/div>\n\t<\/div>\n<\/section>\n\n\n\n\n<section class=\"block block-standard-image-copy rev2nd\"> \n\t<div class=\"container-fluid\">\n\t\t<div class=\"row middle-sm\">\n\t\t\t<div class=\"col-xs-10 col-sm-6 margin-bottom-sixth\" data-motion-parallax='{\"child\":\".image-wrapper\",\"mask\":\".lazy-media\",\"tween\":{\"yPercent\": [-15,15]}}'>\n\t\t\t\t\n\t<lazy-media-inline inline-template>\n\t\t<figure itemscope itemtype=\"http:\/\/schema.org\/ImageObject\" class=\"lazy-media-inline \" role=\"group\" id=\"media_69f12ce5375e3\" aria-labelledby=\"desc_media_69f12ce5375e3\">\n\t\t\t<script type=\"application\/json\" ref=\"data\">\n\t\t\t\t{\n\t\t\t\t\"sizes\" : {\"medium\":{\"file\":\"SMB_Grundrisse_3OG_quer_1500x1000px_220901-1-300x200.jpg\",\"width\":300,\"height\":200,\"mime-type\":\"image\\\/jpeg\",\"filesize\":11392},\"large\":{\"file\":\"SMB_Grundrisse_3OG_quer_1500x1000px_220901-1-1024x683.jpg\",\"width\":1024,\"height\":683,\"mime-type\":\"image\\\/jpeg\",\"filesize\":54287},\"thumbnail\":{\"file\":\"SMB_Grundrisse_3OG_quer_1500x1000px_220901-1-150x150.jpg\",\"width\":150,\"height\":150,\"mime-type\":\"image\\\/jpeg\",\"filesize\":6042},\"medium_large\":{\"file\":\"SMB_Grundrisse_3OG_quer_1500x1000px_220901-1-768x512.jpg\",\"width\":768,\"height\":512,\"mime-type\":\"image\\\/jpeg\",\"filesize\":38422},\"small\":{\"file\":\"SMB_Grundrisse_3OG_quer_1500x1000px_220901-1-440x293.jpg\",\"width\":440,\"height\":293,\"mime-type\":\"image\\\/jpeg\",\"filesize\":18812},\"semi\":{\"file\":\"SMB_Grundrisse_3OG_quer_1500x1000px_220901-1-580x387.jpg\",\"width\":580,\"height\":387,\"mime-type\":\"image\\\/jpeg\",\"filesize\":26126},\"mobile\":{\"file\":\"SMB_Grundrisse_3OG_quer_1500x1000px_220901-1-720x480.jpg\",\"width\":720,\"height\":480,\"mime-type\":\"image\\\/jpeg\",\"filesize\":34184},\"hd\":{\"file\":\"SMB_Grundrisse_3OG_quer_1500x1000px_220901-1-1280x853.jpg\",\"width\":1280,\"height\":853,\"mime-type\":\"image\\\/jpeg\",\"filesize\":75266},\"original\":{\"file\":\"SMB_Grundrisse_3OG_quer_1500x1000px_220901-1.jpg\",\"width\":1500,\"height\":1000}},\n\t\t\t\t\"alt\" : \"Grafische Darstellung eines Grundrisses mit Raumnummern sowie Symbolen f\\u00fcr Treppen und Aufz\\u00fcge.\",\n\t\t\t\t\"path\" : \"\\\/wp-content\\\/uploads\\\/2022\\\/09\\\/\",\n\t\t\t\t\"video\" : null,\n\t\t\t\t\"autoplay\" : null,\n\t\t\t\t\"youtube\" : null,\n\t\t\t\t\"youtubelabel\" : \"Video abspielen\",\n\t\t\t\t\"brightness\" : 100,\n\t\t\t\t\"crop\" : null,\n\t\t\t\t\"background\" : false,\n\t\t\t\t\"scale\" : 1\t\t\t\t}\n\t\t\t<\/script>\n\n\t\t\t<div class=\"height-container\" style=\"padding-bottom:66.666666666667%;\" v-if=\"sizes\">\n\t\t\t\t\t\t\t\t<lazy-media :inline=\"true\" :alt=\"alt\" :sizes=\"sizes\" :scale=\"scale\" :brightness=\"brightness\" :path=\"path\" :video=\"video\" :autoplay=\"autoplay\" :youtube=\"youtube\" :crop=\"crop\" :youtubelabel=\"youtubelabel\" :background=\"background\" media-id=\"desc_media_69f12ce5375e3\"><\/lazy-media>\n\t\t\t\t\t\t\t<\/div>\n\n\t\t\t\t\t\t\t\t<\/figure>\n\t<\/lazy-media-inline>\n\t\t\t<\/div>\n\t\t\t<div class=\"col-xs-10 col-sm-6 col-md-5 copy margin-bottom-half\"><p>Raum 305 \u2013 <em>Kunsthandwerk in Zentralasien<\/em><\/p>\n<\/div>\n\t\t<\/div>\n\t<\/div>\n<\/section>\n\n<section class=\"block block-CTA block-CTA-long leftgradient\">\n\t<div class=\"container-fluid\">\n\t\t<div class=\"row center-xs\">\n\t\t\t<div class=\"col-xs-12\">\n\t\t\t\t<div class=\"box\">\n\t\t\t\t\t<a href=\"https:\/\/www.humboldtforum.org\/de\/programm\/dauerangebot\/ausstellung\/ethnologische-sammlungen-und-asiatische-kunst-46021\/\" aria-label=\"\" class=\"teaser teaser-cta-wide \">\n\t\t\t\t\t\t<div class=\"teaser-image\">\n\t\t\t\t\t\t\t\n\t<lazy-media-inline inline-template>\n\t\t<figure itemscope itemtype=\"http:\/\/schema.org\/ImageObject\" class=\"lazy-media-inline \" role=\"group\" id=\"media_69f12ce538d92\" aria-labelledby=\"desc_media_69f12ce538d92\">\n\t\t\t<script type=\"application\/json\" ref=\"data\">\n\t\t\t\t{\n\t\t\t\t\"sizes\" : {\"medium\":{\"file\":\"EM-Schmal-300x86.jpg\",\"width\":300,\"height\":86,\"mime-type\":\"image\\\/jpeg\",\"filesize\":5044},\"large\":{\"file\":\"EM-Schmal-1024x295.jpg\",\"width\":1024,\"height\":295,\"mime-type\":\"image\\\/jpeg\",\"filesize\":25111},\"thumbnail\":{\"file\":\"EM-Schmal-150x150.jpg\",\"width\":150,\"height\":150,\"mime-type\":\"image\\\/jpeg\",\"filesize\":5792},\"medium_large\":{\"file\":\"EM-Schmal-768x221.jpg\",\"width\":768,\"height\":221,\"mime-type\":\"image\\\/jpeg\",\"filesize\":16684},\"small\":{\"file\":\"EM-Schmal-440x127.jpg\",\"width\":440,\"height\":127,\"mime-type\":\"image\\\/jpeg\",\"filesize\":7879},\"semi\":{\"file\":\"EM-Schmal-580x167.jpg\",\"width\":580,\"height\":167,\"mime-type\":\"image\\\/jpeg\",\"filesize\":11595},\"mobile\":{\"file\":\"EM-Schmal-720x207.jpg\",\"width\":720,\"height\":207,\"mime-type\":\"image\\\/jpeg\",\"filesize\":15153},\"hd\":{\"file\":\"EM-Schmal-1280x369.jpg\",\"width\":1280,\"height\":369,\"mime-type\":\"image\\\/jpeg\",\"filesize\":34746},\"1536x1536\":{\"file\":\"EM-Schmal-1536x442.jpg\",\"width\":1536,\"height\":442,\"mime-type\":\"image\\\/jpeg\",\"filesize\":45044},\"original\":{\"file\":\"EM-Schmal.jpg\",\"width\":1636,\"height\":471}},\n\t\t\t\t\"alt\" : \"Skulptur einer Gottheit vor einem lebhaften, geometrischen Hintergrund.\",\n\t\t\t\t\"path\" : \"\\\/wp-content\\\/uploads\\\/2022\\\/09\\\/\",\n\t\t\t\t\"video\" : null,\n\t\t\t\t\"autoplay\" : null,\n\t\t\t\t\"youtube\" : null,\n\t\t\t\t\"youtubelabel\" : \"Video abspielen\",\n\t\t\t\t\"brightness\" : \"100\",\n\t\t\t\t\"crop\" : null,\n\t\t\t\t\"background\" : true,\n\t\t\t\t\"scale\" : 1\t\t\t\t}\n\t\t\t<\/script>\n\n\t\t\t<div class=\"height-container\" style=\"padding-bottom:28.789731051345%;\" v-if=\"sizes\">\n\t\t\t\t\t\t\t\t<lazy-media :inline=\"true\" :alt=\"alt\" :sizes=\"sizes\" :scale=\"scale\" :brightness=\"brightness\" :path=\"path\" :video=\"video\" :autoplay=\"autoplay\" :youtube=\"youtube\" :crop=\"crop\" :youtubelabel=\"youtubelabel\" :background=\"background\" media-id=\"desc_media_69f12ce538d92\"><\/lazy-media>\n\t\t\t\t\t\t\t<\/div>\n\n\t\t\t\t\t\t\t<figcaption class=\"sr-only\" ref=\"body\" id=\"desc_media_69f12ce538d92\">\n\t\t\t\t\t\t\t\t\t\t\t\t\t\t\t\t\t\t\t\t\t<div class=\"insignificant\">\u00a9 Staatliche Museen zu Berlin, Museum f\u00fcr Asiatische Kunst; Stiftung Humboldt Forum im Berliner Schloss \/ digitale Reproduktion: Jester Blank GbR<\/div>\n\t\t\t\t\t\t\t\t\t<\/figcaption>\n\t\t\t\t\t<\/figure>\n\t<\/lazy-media-inline>\n\t\t\t\t\t\t<\/div>\n\t\t\t\t\t\t<div class=\"teaser-content \">\n\t\t\t\t\t\t\t<div>\n\t\t\t\t\t\t\t\t\t\t\t\t\t\t\t\t<div class=\"teaser-header\"><span class=\"h3\"><\/span><\/div>\n\t\t\t\t\t\t\t\t\t\t\t\t\t\t\t\t<button tabindex=\"-1\" class=\"border\">Ethnologische Sammlungen und Asiatische Kunst<\/button>\n\t\t\t\t\t\t\t<\/div>\n\t\t\t\t\t\t<\/div>\n\t\t\t\t\t<\/a>\n\t\t\t\t<\/div>\n\t\t\t<\/div>\n\t\t<\/div>\n\t<\/div>\n<\/section>\n","protected":false},"excerpt":{"rendered":"","protected":false},"author":30,"featured_media":54925,"parent":0,"menu_order":0,"comment_status":"closed","ping_status":"closed","template":"","meta":{"_acf_changed":false,"footnotes":""},"class_list":["post-54936","page","type-page","status-publish","has-post-thumbnail","hentry"],"acf":[],"_links":{"self":[{"href":"https:\/\/www.humboldtforum.org\/de\/wp-json\/wp\/v2\/pages\/54936","targetHints":{"allow":["GET"]}}],"collection":[{"href":"https:\/\/www.humboldtforum.org\/de\/wp-json\/wp\/v2\/pages"}],"about":[{"href":"https:\/\/www.humboldtforum.org\/de\/wp-json\/wp\/v2\/types\/page"}],"author":[{"embeddable":true,"href":"https:\/\/www.humboldtforum.org\/de\/wp-json\/wp\/v2\/users\/30"}],"replies":[{"embeddable":true,"href":"https:\/\/www.humboldtforum.org\/de\/wp-json\/wp\/v2\/comments?post=54936"}],"version-history":[{"count":6,"href":"https:\/\/www.humboldtforum.org\/de\/wp-json\/wp\/v2\/pages\/54936\/revisions"}],"predecessor-version":[{"id":54962,"href":"https:\/\/www.humboldtforum.org\/de\/wp-json\/wp\/v2\/pages\/54936\/revisions\/54962"}],"wp:featuredmedia":[{"embeddable":true,"href":"https:\/\/www.humboldtforum.org\/de\/wp-json\/wp\/v2\/media\/54925"}],"wp:attachment":[{"href":"https:\/\/www.humboldtforum.org\/de\/wp-json\/wp\/v2\/media?parent=54936"}],"curies":[{"name":"wp","href":"https:\/\/api.w.org\/{rel}","templated":true}]}}