{"id":19963,"date":"2020-03-25T15:12:17","date_gmt":"2020-03-25T14:12:17","guid":{"rendered":"https:\/\/www.humboldtforum.org\/social-media-netiquette\/"},"modified":"2021-02-16T15:28:57","modified_gmt":"2021-02-16T14:28:57","slug":"social-media-netiquette","status":"publish","type":"page","link":"https:\/\/www.humboldtforum.org\/en\/social-media-netiquette\/","title":{"rendered":"Social Media Netiquette"},"content":{"rendered":"<section class=\"block block-header-headline hyph-disable\" >\n    <div class=\"container-fluid\">\n        <div class=\"row\">\n\t\t\t\n                            <div class=\"col-xs-12 col-md-offset-2 col-md-8\">\n                    <div class=\"box\">\n                        <h1>Social Media Netiquette<\/h1>\n                    <\/div>\n                <\/div>\n                    <\/div>\n    <\/div>\n<\/section>\n\n\n\n\n<section class=\"block block-copy\" >\n    <div class=\"container-fluid\">\n\t\t<div class=\"row \">\n            <div class=\"col-xs-12 col-md-offset-2 col-md-8\">\n                <div class=\"box\">\n                    <div class=\"copy\"><p>As a forum for all people, the Humboldt Forum aims to stimulate discussion around existential questions that people have asked themselves at all times and in all cultures.<\/p>\n<\/div>\n                <\/div>\n            <\/div>\n\t\t<\/div>\n\t\t    <\/div>\n<\/section>\n\n<section class=\"block block-header\" >\n\t<block-header inline-template>\n\t\t<figure role=\"group\" aria-labelledby=\"desc_m_69e2c3e5096be\">\n\n\t\t\t<script type=\"application\/json\" ref=\"data\">\n\t\t\t\t{\n\t\t\t\t\"sizes_d\" : {\"medium\":{\"file\":\"22A3148-300x197.jpg\",\"width\":300,\"height\":197,\"mime-type\":\"image\\\/jpeg\"},\"large\":{\"file\":\"22A3148-1024x672.jpg\",\"width\":1024,\"height\":672,\"mime-type\":\"image\\\/jpeg\"},\"thumbnail\":{\"file\":\"22A3148-150x150.jpg\",\"width\":150,\"height\":150,\"mime-type\":\"image\\\/jpeg\"},\"medium_large\":{\"file\":\"22A3148-768x504.jpg\",\"width\":768,\"height\":504,\"mime-type\":\"image\\\/jpeg\"},\"1536x1536\":{\"file\":\"22A3148-1536x1009.jpg\",\"width\":1536,\"height\":1009,\"mime-type\":\"image\\\/jpeg\"},\"2048x2048\":{\"file\":\"22A3148-2048x1345.jpg\",\"width\":2048,\"height\":1345,\"mime-type\":\"image\\\/jpeg\"},\"original\":{\"file\":\"22A3148.jpg\",\"width\":5552,\"height\":3646}},\n\t\t\t\t\"alt_d\" : \"A person with headphones holding a smartphone, photographing an abstract artwork on a wall.\",\n\t\t\t\t\"path_d\" : \"\\\/wp-content\\\/uploads\\\/2020\\\/02\\\/\",\n\t\t\t\t\"autoplay_d\" : null,\n\t\t\t\t\"crop_d\" : {\"top\":\"50.00\",\"left\":\"50.00\"},\n\t\t\t\t\"background_d\" : true,\n\t\t\t\t\"scale_d\" : 2,\n\n\t\t\t\t\"sizes_m\" : [],\n\t\t\t\t\"alt_m\" : null,\n\t\t\t\t\"path_m\" : null,\n\t\t\t\t\"autoplay_m\" : null,\n\t\t\t\t\"crop_m\" : null,\n\t\t\t\t\"background_m\" : true,\n\t\t\t\t\"scale_m\" : 1,\n\n\t\t\t\t\"has_mobile_format\" : false,\n\t\t\t\t\"has_ad\" : false,\n\t\t\t\t\"audio_description_yt\" : null\t\t\t\t}\n\t\t\t<\/script>\n\t\t\t<div class=\"height-container\" style=\"padding-bottom:65.670028818444%;\" v-if=\"sizes\" data-motion-parallax='{\"child\":\".image-wrapper\",\"mask\":\".lazy-media\",\"tween\":{\"yPercent\": [-15,15]}}'>\n\t\t\t\t<lazy-media :inline=\"true\" :scale=\"scale\" :alt=\"alt\" :sizes=\"sizes\" :brightness=\"brightness\" :path=\"path\" :video=\"video\" :autoplay=\"autoplay\" :youtube=\"youtube\" :crop=\"crop\" :youtubelabel=\"youtubelabel\" :background=\"background\" media-id=\"desc_m_69e2c3e5096be\"><\/lazy-media>\n\t\t\t\t<button class=\"autoplay-audio-description-btn icon-background icon-audio-describtions\" @click=\"audioDescriptionPlay\" v-if=\"hasAudioDescription\" aria-label=\"Audiodeskription aufrufen\"><\/button>\n\t\t\t<\/div>\n\t\t\t\t\t\t<div class=\"lazy-media-info-container-fluid\">\n\t\t\t\t<div class=\"lazy-media-info-row end-xs\">\n\t\t\t\t\t<div class=\"lazy-media-info-col\">\n\t\t\t\t\t\t<div class=\"lazy-media-info\" aria-expanded=\"false\" :aria-expanded=\"isOpen ? 'true' : 'false'\">\n\t\t\t\t\t\t\t<button class=\"lazy-media-info-head button-tiny insignificant\" :class=\"{'button-active': isOpen}\" @click=\"toggle\" ref=\"head\"><span class=\"button-label insignificant\">Image info<\/span><\/button>\n\t\t\t\t\t\t\t<figcaption class=\"lazy-media-info-body\" ref=\"body\" id=\"desc_m_69e2c3e5096be\">\n\t\t\t\t\t\t\t\t<div class=\"lazy-media-info-body-content\">\n\t\t\t\t\t\t\t\t\t<div>Foto: David von Becker<\/div>\t\t\t\t\t\t\t\t\t\t\t\t\t\t\t\t\t\t\t\t\t\t\t\t\t\t<\/div>\n\t\t\t\t\t\t\t<\/figcaption>\n\t\t\t\t\t\t\t<div class=\"lazy-media-info-head-border\"><\/div>\n\t\t\t\t\t\t<\/div>\n\t\t\t\t\t<\/div>\n\t\t\t\t<\/div>\n\t\t\t<\/div>\n\t\t\t\t\t<\/figure>\n\t<\/block-header>\n<\/section>\n\n<section class=\"block block-copy\" >\n    <div class=\"container-fluid\">\n\t\t<div class=\"row \">\n            <div class=\"col-xs-12 col-md-offset-2 col-md-8\">\n                <div class=\"box\">\n                    <div class=\"copy\"><p>To this end, our social media channels provide a space for exchange and debate, and we would like to inspire everyone to share their ideas, their stories and their opinions with us. In order to ensure that this exchange is a positive experience for all involved, we would ask our online community to observe the following rules.<\/p>\n<\/div>\n                <\/div>\n            <\/div>\n\t\t<\/div>\n\t\t    <\/div>\n<\/section>\n\n<section class=\"block block-copy\" >\n    <div class=\"container-fluid\">\n\t\t<div class=\"row \">\n            <div class=\"col-xs-12 col-md-offset-2 col-md-8\">\n                <div class=\"box\">\n                    <div class=\"copy\"><h5>Protect your privacy<\/h5>\n<p>Please do not share any private information \u2013 either about yourself or third parties. We will remove any posts containing sensitive information about yourself or others \u2013 address, email address, phone number etc.<\/p>\n<h5>Stay on topic<\/h5>\n<p>We welcome discussions of any kind \u2013 provided they are held in the right place. Please always comment below the post which best fits the content of your own post, and do not repeat the same message in other contexts. Posts with no relevance to the subject currently under discussion may be removed.<\/p>\n<h5>Everyone expresses their own opinions<\/h5>\n<p>Opinions expressed by our fans and followers are not necessarily those of the Humboldt Forum. Likewise, the opinions of our employees and partners do not necessarily represent the views of the Humboldt Forum.<\/p>\n<h5>Respect others\u2019 opinions<\/h5>\n<p>Please avoid posting spiteful, defamatory, obscene, discriminatory or offensive comments, photos or videos, or posts which attack other people in the discussion. Posts of this sort may be deleted. Racist and xenophobic comments will not be tolerated, and will result in you being blocked.<\/p>\n<h5>No advertising<\/h5>\n<p>Please avoid posts which advertise yourself or others. We will remove all links, images and videos advertising people or third party products or services.<\/p>\n<h5>Do not infringe the intellectual property of third parties<\/h5>\n<p>Please do not post any protected content of which you are not the legal owner. We will remove any logos, graphics, text, images and videos where we detect an infringement of copyright.<\/p>\n<h5>How to contact us<\/h5>\n<p>We monitor our channels from Monday to Friday, from 9am to 5pm (excluding German public holidays). We try to respond to all requests promptly, but please be aware that the response time may vary depending on the request. You can find more detailed information about the Humboldt Forum, our exhibitions and events, as well as the construction, on our website. If you don\u2019t find what you\u2019re looking for, or we haven\u2019t responded to your request via our social media channels within 48 hours, please email us at\u00a0<a href=\"mailto:info@humboldtforum.org\">info@humboldtforum.org<\/a>.<\/p>\n<\/div>\n                <\/div>\n            <\/div>\n\t\t<\/div>\n\t\t    <\/div>\n<\/section>\n\n<section class=\"block block-CTA block-CTA-long leftgradient\">\n\t<div class=\"container-fluid\">\n\t\t<div class=\"row center-xs\">\n\t\t\t<div class=\"col-xs-12\">\n\t\t\t\t<div class=\"box\">\n\t\t\t\t\t<a href=\"https:\/\/www.facebook.com\/humboldtforumberlin\" aria-label=\"Folge uns auf Facebook\" class=\"teaser teaser-cta-wide \">\n\t\t\t\t\t\t<div class=\"teaser-image\">\n\t\t\t\t\t\t\t\t\t\t\t\t\t<\/div>\n\t\t\t\t\t\t<div class=\"teaser-content \">\n\t\t\t\t\t\t\t<div>\n\t\t\t\t\t\t\t\t\t\t\t\t\t\t\t\t<div class=\"teaser-header\"><span class=\"h3\">Folge uns auf Facebook<\/span><\/div>\n\t\t\t\t\t\t\t\t\t\t\t\t\t\t\t\t<button tabindex=\"-1\" class=\"border\">Jetzt liken<\/button>\n\t\t\t\t\t\t\t<\/div>\n\t\t\t\t\t\t<\/div>\n\t\t\t\t\t<\/a>\n\t\t\t\t<\/div>\n\t\t\t<\/div>\n\t\t<\/div>\n\t<\/div>\n<\/section>\n\n\n<section class=\"block block-headline block-no-margin \" >\n\t<div class=\"container-fluid\">\n\t\t<div class=\"row\">\n\t\t\t\t\t\t\t<div class=\"col-xs-12\">\n\t\t\t\t\t<div class=\"box\">\n\t\t\t\t\t\t<h2 class=\".h3\">Where to find us<\/h2>\n\t\t\t\t\t<\/div>\n\t\t\t\t<\/div>\n\t\t\t\t\t<\/div>\n\t<\/div>\n<\/section>\n\n\n\n\n<section class=\"block block-nba\">\n    <div class=\"container-fluid\">\n        <div class=\"row\">\n            <div class=\"col-xs-12\">\n                <div class=\"box\">\n\t\t\t\t\t\t\t\t\t\t\t\t\t<a href=\"https:\/\/www.facebook.com\/humboldtforumberlin\/\" class=\"nba-button\" role=\"button\" target=\"_blank\">\n\t\t\t\t\t\t\t\t\t<div class=\"subline\"><\/div>\n\t\t\t\t\t\t\t\t\t<div class=\"button-label\">Facebook<\/div>\n\t\t\t\t\t\t\t\t<\/a>\n\t\t\t\t\t\t\t\t\t\t\t\t\t\t\t<a href=\"https:\/\/www.instagram.com\/humboldtforum\/\" class=\"nba-button\" role=\"button\" target=\"_blank\">\n\t\t\t\t\t\t\t\t\t<div class=\"subline\"><\/div>\n\t\t\t\t\t\t\t\t\t<div class=\"button-label\">Instagram<\/div>\n\t\t\t\t\t\t\t\t<\/a>\n\t\t\t\t\t\t\t\t\t\t\t\t\t\t\t<a href=\"https:\/\/www.youtube.com\/channel\/UCmEctwtyMRN_o6cILZDczXw\" class=\"nba-button\" role=\"button\" target=\"_blank\">\n\t\t\t\t\t\t\t\t\t<div class=\"subline\"><\/div>\n\t\t\t\t\t\t\t\t\t<div class=\"button-label\">YouTube<\/div>\n\t\t\t\t\t\t\t\t<\/a>\n\t\t\t\t\t\t\t                <\/div>\n            <\/div>\n        <\/div>\n    <\/div>\n<\/section>\n\n<section class=\"block block-teaser col-4 \" style=\"\">\n\t\t\t\t\t\t<div class=\"container-fluid\">\n\t\t\t\t\t\t\t\t\t<div class=\"row\">\n\t\t\t\t\t\t<div class=\"col-xs-12\">\n\t\t\t\t\t\t\t<h3 class=\"h4 topline\">Further Information<\/h4>\n\t\t\t\t\t\t<\/div>\n\t\t\t\t\t<\/div>\n\t\t\t\t\t\t\t\t<ul class=\"row\">\n\n\t\t\t\t<li class=\"col-xs-6 col-md-3 col-padding-remove teaser-wrapper teaser-wrapper-tight\">\n\t<div class=\"box\">\n\t\t<a href=\"https:\/\/www.humboldtforum.org\/en\/magazine\/\" class=\"teaser teaser-page\">\n\t\t\t<div class=\"teaser-image teaser-image-full footer-gradient\">\n\t\t\t\t\n\t<lazy-media-inline inline-template>\n\t\t<figure itemscope itemtype=\"http:\/\/schema.org\/ImageObject\" class=\"lazy-media-inline \" role=\"group\" id=\"media_69e2c3e513ca3\" aria-labelledby=\"desc_media_69e2c3e513ca3\">\n\t\t\t<script type=\"application\/json\" ref=\"data\">\n\t\t\t\t{\n\t\t\t\t\"sizes\" : {\"medium\":{\"file\":\"HF_eb00025640-300x200.jpg\",\"width\":300,\"height\":200,\"mime-type\":\"image\\\/jpeg\"},\"large\":{\"file\":\"HF_eb00025640-1024x683.jpg\",\"width\":1024,\"height\":683,\"mime-type\":\"image\\\/jpeg\"},\"thumbnail\":{\"file\":\"HF_eb00025640-150x150.jpg\",\"width\":150,\"height\":150,\"mime-type\":\"image\\\/jpeg\"},\"medium_large\":{\"file\":\"HF_eb00025640-768x512.jpg\",\"width\":768,\"height\":512,\"mime-type\":\"image\\\/jpeg\"},\"1536x1536\":{\"file\":\"HF_eb00025640-1536x1024.jpg\",\"width\":1536,\"height\":1024,\"mime-type\":\"image\\\/jpeg\"},\"2048x2048\":{\"file\":\"HF_eb00025640-2048x1366.jpg\",\"width\":2048,\"height\":1366,\"mime-type\":\"image\\\/jpeg\"},\"original\":{\"file\":\"HF_eb00025640.jpg\",\"width\":2500,\"height\":1667}},\n\t\t\t\t\"alt\" : \"A person holds a printed newspaper titled \\\"Humboldt Forum\\\" in their hands.\",\n\t\t\t\t\"path\" : \"\\\/wp-content\\\/uploads\\\/2020\\\/04\\\/\",\n\t\t\t\t\"video\" : null,\n\t\t\t\t\"autoplay\" : null,\n\t\t\t\t\"youtube\" : null,\n\t\t\t\t\"youtubelabel\" : \"Play video\",\n\t\t\t\t\"brightness\" : 100,\n\t\t\t\t\"crop\" : null,\n\t\t\t\t\"background\" : true,\n\t\t\t\t\"scale\" : 4\t\t\t\t}\n\t\t\t<\/script>\n\n\t\t\t<div class=\"height-container\" style=\"padding-bottom:66.68%;\" v-if=\"sizes\">\n\t\t\t\t\t\t\t\t<lazy-media :inline=\"true\" :alt=\"alt\" :sizes=\"sizes\" :scale=\"scale\" :brightness=\"brightness\" :path=\"path\" :video=\"video\" :autoplay=\"autoplay\" :youtube=\"youtube\" :crop=\"crop\" :youtubelabel=\"youtubelabel\" :background=\"background\" media-id=\"desc_media_69e2c3e513ca3\"><\/lazy-media>\n\t\t\t\t\t\t\t<\/div>\n\n\t\t\t\t\t\t\t<figcaption class=\"sr-only\" ref=\"body\" id=\"desc_media_69e2c3e513ca3\">\n\t\t\t\t\t\t\t\t\t\t\t\t\t\t\t\t\t\t\t\t\t<div class=\"insignificant\">\u00a9 SHF \/ David von Becker<\/div>\n\t\t\t\t\t\t\t\t\t<\/figcaption>\n\t\t\t\t\t<\/figure>\n\t<\/lazy-media-inline>\n\t\t\t<\/div>\n\t\t\t<div class=\"teaser-header\"><div>\n\t\t\t\t\n\t\t\t\t\t\t<span class=\"h4 mobile-smaller-headline\">Magazine<\/span>\n\t\t\t\t\t\t\t\t<\/div><\/div>\n\t\t<\/a>\n\t<\/div>\n<\/li><li class=\"col-xs-6 col-md-3 col-padding-remove teaser-wrapper teaser-wrapper-tight\">\n\t<div class=\"box\">\n\t\t<a href=\"https:\/\/www.humboldtforum.org\/en\/faq\/\" class=\"teaser teaser-page\">\n\t\t\t<div class=\"teaser-image teaser-image-full footer-gradient\">\n\t\t\t\t\n\t<lazy-media-inline inline-template>\n\t\t<figure itemscope itemtype=\"http:\/\/schema.org\/ImageObject\" class=\"lazy-media-inline \" role=\"group\" id=\"media_69e2c3e514687\" aria-labelledby=\"desc_media_69e2c3e514687\">\n\t\t\t<script type=\"application\/json\" ref=\"data\">\n\t\t\t\t{\n\t\t\t\t\"sizes\" : {\"medium\":{\"file\":\"HF_eb00040217_169-scaled-214x300.jpg\",\"width\":214,\"height\":300,\"mime-type\":\"image\\\/jpeg\"},\"large\":{\"file\":\"HF_eb00040217_169-scaled-731x1024.jpg\",\"width\":731,\"height\":1024,\"mime-type\":\"image\\\/jpeg\"},\"thumbnail\":{\"file\":\"HF_eb00040217_169-scaled-150x150.jpg\",\"width\":150,\"height\":150,\"mime-type\":\"image\\\/jpeg\"},\"medium_large\":{\"file\":\"HF_eb00040217_169-scaled-768x1076.jpg\",\"width\":768,\"height\":1076,\"mime-type\":\"image\\\/jpeg\"},\"1536x1536\":{\"file\":\"HF_eb00040217_169-scaled-1097x1536.jpg\",\"width\":1097,\"height\":1536,\"mime-type\":\"image\\\/jpeg\"},\"2048x2048\":{\"file\":\"HF_eb00040217_169-scaled-1462x2048.jpg\",\"width\":1462,\"height\":2048,\"mime-type\":\"image\\\/jpeg\"},\"original\":{\"file\":\"HF_eb00040217_169-scaled.jpg\",\"width\":1828,\"height\":2560}},\n\t\t\t\t\"alt\" : \"Perspective view of a discussion indoors with people and a window front, where light and shadow play a role.\",\n\t\t\t\t\"path\" : \"\\\/wp-content\\\/uploads\\\/2020\\\/05\\\/\",\n\t\t\t\t\"video\" : null,\n\t\t\t\t\"autoplay\" : null,\n\t\t\t\t\"youtube\" : null,\n\t\t\t\t\"youtubelabel\" : \"Play video\",\n\t\t\t\t\"brightness\" : 100,\n\t\t\t\t\"crop\" : {\"top\":\"44.78\",\"left\":\"51.88\"},\n\t\t\t\t\"background\" : true,\n\t\t\t\t\"scale\" : 4\t\t\t\t}\n\t\t\t<\/script>\n\n\t\t\t<div class=\"height-container\" style=\"padding-bottom:140.04376367615%;\" v-if=\"sizes\">\n\t\t\t\t\t\t\t\t<lazy-media :inline=\"true\" :alt=\"alt\" :sizes=\"sizes\" :scale=\"scale\" :brightness=\"brightness\" :path=\"path\" :video=\"video\" :autoplay=\"autoplay\" :youtube=\"youtube\" :crop=\"crop\" :youtubelabel=\"youtubelabel\" :background=\"background\" media-id=\"desc_media_69e2c3e514687\"><\/lazy-media>\n\t\t\t\t\t\t\t<\/div>\n\n\t\t\t\t\t\t\t<figcaption class=\"sr-only\" ref=\"body\" id=\"desc_media_69e2c3e514687\">\n\t\t\t\t\t\t\t\t\t\t\t<div>&ldquo;[Small Talks] Philology meets Poetry Slam&quot; with Bas B&ouml;ttcher, 2018.<\/div>\n\t\t\t\t\t\t\t\t\t\t\t\t\t\t\t\t\t\t\t\t\t<div class=\"insignificant\">\u00a9 SHF \/ David von Becker<\/div>\n\t\t\t\t\t\t\t\t\t<\/figcaption>\n\t\t\t\t\t<\/figure>\n\t<\/lazy-media-inline>\n\t\t\t<\/div>\n\t\t\t<div class=\"teaser-header\"><div>\n\t\t\t\t\n\t\t\t\t\t\t<span class=\"h4 mobile-smaller-headline\">FAQ<\/span>\n\t\t\t\t\t\t\t\t<\/div><\/div>\n\t\t<\/a>\n\t<\/div>\n<\/li><li class=\"col-xs-6 col-md-3 col-padding-remove teaser-wrapper teaser-wrapper-tight\">\n\t<div class=\"box\">\n\t\t<a href=\"https:\/\/www.humboldtforum.org\/en\/programme-2\/\" class=\"teaser teaser-page\">\n\t\t\t<div class=\"teaser-image teaser-image-full footer-gradient\">\n\t\t\t\t\n\t<lazy-media-inline inline-template>\n\t\t<figure itemscope itemtype=\"http:\/\/schema.org\/ImageObject\" class=\"lazy-media-inline \" role=\"group\" id=\"media_69e2c3e515555\" aria-labelledby=\"desc_media_69e2c3e515555\">\n\t\t\t<script type=\"application\/json\" ref=\"data\">\n\t\t\t\t{\n\t\t\t\t\"sizes\" : {\"medium\":{\"file\":\"SHF_eb00104235-300x210.jpeg\",\"width\":300,\"height\":210,\"mime-type\":\"image\\\/jpeg\"},\"large\":{\"file\":\"SHF_eb00104235-1024x719.jpeg\",\"width\":1024,\"height\":719,\"mime-type\":\"image\\\/jpeg\"},\"thumbnail\":{\"file\":\"SHF_eb00104235-150x150.jpeg\",\"width\":150,\"height\":150,\"mime-type\":\"image\\\/jpeg\"},\"medium_large\":{\"file\":\"SHF_eb00104235-768x539.jpeg\",\"width\":768,\"height\":539,\"mime-type\":\"image\\\/jpeg\"},\"small\":{\"file\":\"SHF_eb00104235-440x309.jpeg\",\"width\":440,\"height\":309,\"mime-type\":\"image\\\/jpeg\"},\"semi\":{\"file\":\"SHF_eb00104235-580x407.jpeg\",\"width\":580,\"height\":407,\"mime-type\":\"image\\\/jpeg\"},\"mobile\":{\"file\":\"SHF_eb00104235-720x505.jpeg\",\"width\":720,\"height\":505,\"mime-type\":\"image\\\/jpeg\"},\"hd\":{\"file\":\"SHF_eb00104235-1280x898.jpeg\",\"width\":1280,\"height\":898,\"mime-type\":\"image\\\/jpeg\"},\"full\":{\"file\":\"SHF_eb00104235-1920x1347.jpeg\",\"width\":1920,\"height\":1347,\"mime-type\":\"image\\\/jpeg\"},\"1536x1536\":{\"file\":\"SHF_eb00104235-1536x1078.jpeg\",\"width\":1536,\"height\":1078,\"mime-type\":\"image\\\/jpeg\"},\"original\":{\"file\":\"SHF_eb00104235.jpeg\",\"width\":2048,\"height\":1437}},\n\t\t\t\t\"alt\" : \"View of a modern interior with high ceiling, bright walls, and a central reception desk.\",\n\t\t\t\t\"path\" : \"\\\/wp-content\\\/uploads\\\/2021\\\/07\\\/\",\n\t\t\t\t\"video\" : null,\n\t\t\t\t\"autoplay\" : null,\n\t\t\t\t\"youtube\" : null,\n\t\t\t\t\"youtubelabel\" : \"Play video\",\n\t\t\t\t\"brightness\" : 100,\n\t\t\t\t\"crop\" : {\"top\":\"49.98\",\"left\":\"25.56\"},\n\t\t\t\t\"background\" : true,\n\t\t\t\t\"scale\" : 4\t\t\t\t}\n\t\t\t<\/script>\n\n\t\t\t<div class=\"height-container\" style=\"padding-bottom:70.166015625%;\" v-if=\"sizes\">\n\t\t\t\t\t\t\t\t<lazy-media :inline=\"true\" :alt=\"alt\" :sizes=\"sizes\" :scale=\"scale\" :brightness=\"brightness\" :path=\"path\" :video=\"video\" :autoplay=\"autoplay\" :youtube=\"youtube\" :crop=\"crop\" :youtubelabel=\"youtubelabel\" :background=\"background\" media-id=\"desc_media_69e2c3e515555\"><\/lazy-media>\n\t\t\t\t\t\t\t<\/div>\n\n\t\t\t\t\t\t\t<figcaption class=\"sr-only\" ref=\"body\" id=\"desc_media_69e2c3e515555\">\n\t\t\t\t\t\t\t\t\t\t\t\t\t\t\t\t\t\t\t<\/figcaption>\n\t\t\t\t\t<\/figure>\n\t<\/lazy-media-inline>\n\t\t\t<\/div>\n\t\t\t<div class=\"teaser-header\"><div>\n\t\t\t\t\n\t\t\t\t\t\t<span class=\"h4 mobile-smaller-headline\">Programme<\/span>\n\t\t\t\t\t\t\t\t<\/div><\/div>\n\t\t<\/a>\n\t<\/div>\n<\/li>\t\t\t\t<\/ul>\n\t\t\t<\/div>\n\t\t\t<\/section>","protected":false},"excerpt":{"rendered":"<p>Als Forum f\u00fcr die B\u00fcrger will das Humboldt Forum zur Diskussion anregen \u00fcber existenzielle Fragen, die sich Menschen zu allen Zeiten und in allen Kulturen gestellt haben.<\/p>\n","protected":false},"author":30,"featured_media":320,"parent":0,"menu_order":0,"comment_status":"closed","ping_status":"closed","template":"","meta":{"_acf_changed":false,"footnotes":""},"class_list":["post-19963","page","type-page","status-publish","has-post-thumbnail","hentry"],"acf":[],"_links":{"self":[{"href":"https:\/\/www.humboldtforum.org\/en\/wp-json\/wp\/v2\/pages\/19963","targetHints":{"allow":["GET"]}}],"collection":[{"href":"https:\/\/www.humboldtforum.org\/en\/wp-json\/wp\/v2\/pages"}],"about":[{"href":"https:\/\/www.humboldtforum.org\/en\/wp-json\/wp\/v2\/types\/page"}],"author":[{"embeddable":true,"href":"https:\/\/www.humboldtforum.org\/en\/wp-json\/wp\/v2\/users\/30"}],"replies":[{"embeddable":true,"href":"https:\/\/www.humboldtforum.org\/en\/wp-json\/wp\/v2\/comments?post=19963"}],"version-history":[{"count":0,"href":"https:\/\/www.humboldtforum.org\/en\/wp-json\/wp\/v2\/pages\/19963\/revisions"}],"wp:featuredmedia":[{"embeddable":true,"href":"https:\/\/www.humboldtforum.org\/en\/wp-json\/wp\/v2\/media\/320"}],"wp:attachment":[{"href":"https:\/\/www.humboldtforum.org\/en\/wp-json\/wp\/v2\/media?parent=19963"}],"curies":[{"name":"wp","href":"https:\/\/api.w.org\/{rel}","templated":true}]}}