{"id":289,"date":"2020-02-17T17:23:12","date_gmt":"2020-02-17T16:23:12","guid":{"rendered":"https:\/\/www.humboldtforum.org\/?page_id=289"},"modified":"2022-01-05T14:18:40","modified_gmt":"2022-01-05T13:18:40","slug":"features","status":"publish","type":"page","link":"https:\/\/www.humboldtforum.org\/en\/magazine\/features\/","title":{"rendered":"Features"},"content":{"rendered":"<section class=\"block block-magazin-teaser-dossier block-fullscreen-first\">\n\t\t\t\t<div class=\"container-fluid container-fluid-no-padding\">\n\t\t\t<div class=\"\" style='background-color: #bac7d8'>\n\t\t\t<a href=\"https:\/\/www.humboldtforum.org\/en\/magazine\/feature\/a-world-in-which-coloniality-no-longer-has-a-place\/\" class=\"teaser teaser-magazine-dossier-full\">\n\t\t\t\t<div class=\"row  align-left\">\n\t\t\t\t\t<div class=\"col-xs-12 col-sm-6 teaser-image\">\n\t\t\t\t\t\t\n\t<lazy-media-inline inline-template>\n\t\t<figure itemscope itemtype=\"http:\/\/schema.org\/ImageObject\" class=\"lazy-media-inline \" role=\"group\" id=\"media_6a033f83a3401\" aria-labelledby=\"desc_media_6a033f83a3401\">\n\t\t\t<script type=\"application\/json\" ref=\"data\">\n\t\t\t\t{\n\t\t\t\t\"sizes\" : {\"medium\":{\"file\":\"SHF_eb00217276-300x300.jpg\",\"width\":300,\"height\":300,\"mime-type\":\"image\\\/jpeg\",\"filesize\":25165},\"large\":{\"file\":\"SHF_eb00217276-1024x1024.jpg\",\"width\":1024,\"height\":1024,\"mime-type\":\"image\\\/jpeg\",\"filesize\":197053},\"thumbnail\":{\"file\":\"SHF_eb00217276-150x150.jpg\",\"width\":150,\"height\":150,\"mime-type\":\"image\\\/jpeg\",\"filesize\":7885},\"medium_large\":{\"file\":\"SHF_eb00217276-768x768.jpg\",\"width\":768,\"height\":768,\"mime-type\":\"image\\\/jpeg\",\"filesize\":122037},\"small\":{\"file\":\"SHF_eb00217276-440x440.jpg\",\"width\":440,\"height\":440,\"mime-type\":\"image\\\/jpeg\",\"filesize\":47375},\"semi\":{\"file\":\"SHF_eb00217276-580x580.jpg\",\"width\":580,\"height\":580,\"mime-type\":\"image\\\/jpeg\",\"filesize\":77074},\"mobile\":{\"file\":\"SHF_eb00217276-720x720.jpg\",\"width\":720,\"height\":720,\"mime-type\":\"image\\\/jpeg\",\"filesize\":109958},\"hd\":{\"file\":\"SHF_eb00217276-1280x1280.jpg\",\"width\":1280,\"height\":1280,\"mime-type\":\"image\\\/jpeg\",\"filesize\":283094},\"original\":{\"file\":\"SHF_eb00217276.jpg\",\"width\":1500,\"height\":1500}},\n\t\t\t\t\"alt\" : \"Black and white cityscape in a yellow frame with words about colonialism and racism in the background.\",\n\t\t\t\t\"path\" : \"\\\/wp-content\\\/uploads\\\/2024\\\/02\\\/\",\n\t\t\t\t\"video\" : null,\n\t\t\t\t\"autoplay\" : null,\n\t\t\t\t\"youtube\" : null,\n\t\t\t\t\"youtubelabel\" : \"Play video\",\n\t\t\t\t\"brightness\" : 100,\n\t\t\t\t\"crop\" : null,\n\t\t\t\t\"background\" : true,\n\t\t\t\t\"scale\" : 1\t\t\t\t}\n\t\t\t<\/script>\n\n\t\t\t<div class=\"height-container\" style=\"padding-bottom:100%;\" v-if=\"sizes\">\n\t\t\t\t\t\t\t\t<lazy-media :inline=\"true\" :alt=\"alt\" :sizes=\"sizes\" :scale=\"scale\" :brightness=\"brightness\" :path=\"path\" :video=\"video\" :autoplay=\"autoplay\" :youtube=\"youtube\" :crop=\"crop\" :youtubelabel=\"youtubelabel\" :background=\"background\" media-id=\"desc_media_6a033f83a3401\"><\/lazy-media>\n\t\t\t\t\t\t\t<\/div>\n\n\t\t\t\t\t\t\t<figcaption class=\"sr-only\" ref=\"body\" id=\"desc_media_6a033f83a3401\">\n\t\t\t\t\t\t\t\t\t\t\t\t\t\t\t\t\t\t\t\t\t<div class=\"insignificant\">\u00a9 Stiftung Humboldt Forum im Berliner Schloss, Foto: Andreas K\u00f6nig<\/div>\n\t\t\t\t\t\t\t\t\t<\/figcaption>\n\t\t\t\t\t<\/figure>\n\t<\/lazy-media-inline>\n\t\t\t\t\t<\/div>\n\t\t\t\t\t<div class=\"col-xs-12 col-sm-4 col-sm-offset-1 teaser-magazine-dossier-full-copy-wrapper\">\n\t\t\t\t\t\t<div class=\"header-copy-box\">\n\t\t\t\t\t\t\t<div class=\"header-copy-content\">\n\t\t\t\t\t\t\t\t<div class=\"header-copy-overline subline\">Feature<\/div>\n\t\t\t\t\t\t\t\t<div class=\"header-copy-headline teaser-header\"><span>\u2026\u00a0a world in which coloniality no longer has a place.<\/span><\/div>\n\t\t\t\t\t\t\t\t<div class=\"header-copy-subline teaser-subline meta\">12 articles<\/div>\n\t\t\t\t\t\t\t<\/div>\n\t\t\t\t\t\t<\/div>\n\t\t\t\t\t<\/div>\n\t\t\t\t<\/div>\n\t\t\t<\/a>\n\t\t<\/div>\n\t\t<\/div>\n\t<\/section>\n\n<section class=\"block block-magazin-teaser-dossier block-fullscreen-first\">\n\t\t\t\t<div class=\"container-fluid container-fluid-no-padding\">\n\t\t\t<div class=\"\" style='background-color: #edd18f'>\n\t\t\t<a href=\"https:\/\/www.humboldtforum.org\/en\/magazine\/feature\/concrete-baroque\/\" class=\"teaser teaser-magazine-dossier-full\">\n\t\t\t\t<div class=\"row  align-right\">\n\t\t\t\t\t<div class=\"col-xs-12 col-sm-6 col-sm-offset-1 teaser-image\">\n\t\t\t\t\t\t\n\t<lazy-media-inline inline-template>\n\t\t<figure itemscope itemtype=\"http:\/\/schema.org\/ImageObject\" class=\"lazy-media-inline \" role=\"group\" id=\"media_6a033f83a5afc\" aria-labelledby=\"desc_media_6a033f83a5afc\">\n\t\t\t<script type=\"application\/json\" ref=\"data\">\n\t\t\t\t{\n\t\t\t\t\"sizes\" : {\"medium\":{\"file\":\"Humboldt_Betonromantik_Ostseite-300x300.jpg\",\"width\":300,\"height\":300,\"mime-type\":\"image\\\/jpeg\"},\"thumbnail\":{\"file\":\"Humboldt_Betonromantik_Ostseite-150x150.jpg\",\"width\":150,\"height\":150,\"mime-type\":\"image\\\/jpeg\"},\"medium_large\":{\"file\":\"Humboldt_Betonromantik_Ostseite-768x768.jpg\",\"width\":768,\"height\":768,\"mime-type\":\"image\\\/jpeg\"},\"original\":{\"file\":\"Humboldt_Betonromantik_Ostseite.jpg\",\"width\":800,\"height\":800}},\n\t\t\t\t\"alt\" : \"Keyvisual Beton Barock\",\n\t\t\t\t\"path\" : \"\\\/wp-content\\\/uploads\\\/2020\\\/05\\\/\",\n\t\t\t\t\"video\" : null,\n\t\t\t\t\"autoplay\" : null,\n\t\t\t\t\"youtube\" : null,\n\t\t\t\t\"youtubelabel\" : \"Play video\",\n\t\t\t\t\"brightness\" : 100,\n\t\t\t\t\"crop\" : null,\n\t\t\t\t\"background\" : true,\n\t\t\t\t\"scale\" : 1\t\t\t\t}\n\t\t\t<\/script>\n\n\t\t\t<div class=\"height-container\" style=\"padding-bottom:100%;\" v-if=\"sizes\">\n\t\t\t\t\t\t\t\t<lazy-media :inline=\"true\" :alt=\"alt\" :sizes=\"sizes\" :scale=\"scale\" :brightness=\"brightness\" :path=\"path\" :video=\"video\" :autoplay=\"autoplay\" :youtube=\"youtube\" :crop=\"crop\" :youtubelabel=\"youtubelabel\" :background=\"background\" media-id=\"desc_media_6a033f83a5afc\"><\/lazy-media>\n\t\t\t\t\t\t\t<\/div>\n\n\t\t\t\t\t\t\t<figcaption class=\"sr-only\" ref=\"body\" id=\"desc_media_6a033f83a5afc\">\n\t\t\t\t\t\t\t\t\t\t\t<div>Keyvisual Beton Barock<\/div>\n\t\t\t\t\t\t\t\t\t\t\t\t\t\t\t\t\t\t\t<\/figcaption>\n\t\t\t\t\t<\/figure>\n\t<\/lazy-media-inline>\n\t\t\t\t\t<\/div>\n\t\t\t\t\t<div class=\"col-xs-12 col-sm-4 col-sm-offset-1 first-sm teaser-magazine-dossier-full-copy-wrapper\">\n\t\t\t\t\t\t<div class=\"header-copy-box\">\n\t\t\t\t\t\t\t<div class=\"header-copy-content\">\n\t\t\t\t\t\t\t\t<div class=\"header-copy-overline subline\">Feature<\/div>\n\t\t\t\t\t\t\t\t<div class=\"header-copy-headline teaser-header\"><span>The Berlin Palace 2.0. Concrete and Baroque<\/span><\/div>\n\t\t\t\t\t\t\t\t<div class=\"header-copy-subline teaser-subline meta\">11 articles<\/div>\n\t\t\t\t\t\t\t<\/div>\n\t\t\t\t\t\t<\/div>\n\t\t\t\t\t<\/div>\n\t\t\t\t<\/div>\n\t\t\t<\/a>\n\t\t<\/div>\n\t\t<\/div>\n\t<\/section>\n\n<section class=\"block block-magazin-teaser-dossier block-fullscreen-first\">\n\t\t\t\t<div class=\"container-fluid container-fluid-no-padding\">\n\t\t\t<div class=\"\" style='background-color: #98c3b5'>\n\t\t\t<a href=\"https:\/\/www.humboldtforum.org\/en\/magazine\/feature\/wilhelm-and-alexander-von-humboldt\/\" class=\"teaser teaser-magazine-dossier-full\">\n\t\t\t\t<div class=\"row  align-left\">\n\t\t\t\t\t<div class=\"col-xs-12 col-sm-6 teaser-image\">\n\t\t\t\t\t\t\n\t<lazy-media-inline inline-template>\n\t\t<figure itemscope itemtype=\"http:\/\/schema.org\/ImageObject\" class=\"lazy-media-inline \" role=\"group\" id=\"media_6a033f83a7af5\" aria-labelledby=\"desc_media_6a033f83a7af5\">\n\t\t\t<script type=\"application\/json\" ref=\"data\">\n\t\t\t\t{\n\t\t\t\t\"sizes\" : {\"medium\":{\"file\":\"Keyvisual_Humboldt-1-300x300.jpg\",\"width\":300,\"height\":300,\"mime-type\":\"image\\\/jpeg\"},\"thumbnail\":{\"file\":\"Keyvisual_Humboldt-1-150x150.jpg\",\"width\":150,\"height\":150,\"mime-type\":\"image\\\/jpeg\"},\"medium_large\":{\"file\":\"Keyvisual_Humboldt-1-768x768.jpg\",\"width\":768,\"height\":768,\"mime-type\":\"image\\\/jpeg\"},\"original\":{\"file\":\"Keyvisual_Humboldt-1.jpg\",\"width\":960,\"height\":960}},\n\t\t\t\t\"alt\" : \"Vintage portrait of two men, surrounded by handwritten text and a picturesque landscape in the background.\",\n\t\t\t\t\"path\" : \"\\\/wp-content\\\/uploads\\\/2020\\\/05\\\/\",\n\t\t\t\t\"video\" : null,\n\t\t\t\t\"autoplay\" : null,\n\t\t\t\t\"youtube\" : null,\n\t\t\t\t\"youtubelabel\" : \"Play video\",\n\t\t\t\t\"brightness\" : 100,\n\t\t\t\t\"crop\" : null,\n\t\t\t\t\"background\" : true,\n\t\t\t\t\"scale\" : 1\t\t\t\t}\n\t\t\t<\/script>\n\n\t\t\t<div class=\"height-container\" style=\"padding-bottom:100%;\" v-if=\"sizes\">\n\t\t\t\t\t\t\t\t<lazy-media :inline=\"true\" :alt=\"alt\" :sizes=\"sizes\" :scale=\"scale\" :brightness=\"brightness\" :path=\"path\" :video=\"video\" :autoplay=\"autoplay\" :youtube=\"youtube\" :crop=\"crop\" :youtubelabel=\"youtubelabel\" :background=\"background\" media-id=\"desc_media_6a033f83a7af5\"><\/lazy-media>\n\t\t\t\t\t\t\t<\/div>\n\n\t\t\t\t\t\t\t<figcaption class=\"sr-only\" ref=\"body\" id=\"desc_media_6a033f83a7af5\">\n\t\t\t\t\t\t\t\t\t\t\t\t\t\t\t\t\t\t\t\t\t<div class=\"insignificant\">\u00a9 bpk; bpk\/Staatsbibliothek zu Berlin; bpk\/Kupferstichkabinett, SMB\/Dietmar Katz<\/div>\n\t\t\t\t\t\t\t\t\t<\/figcaption>\n\t\t\t\t\t<\/figure>\n\t<\/lazy-media-inline>\n\t\t\t\t\t<\/div>\n\t\t\t\t\t<div class=\"col-xs-12 col-sm-4 col-sm-offset-1 teaser-magazine-dossier-full-copy-wrapper\">\n\t\t\t\t\t\t<div class=\"header-copy-box\">\n\t\t\t\t\t\t\t<div class=\"header-copy-content\">\n\t\t\t\t\t\t\t\t<div class=\"header-copy-overline subline\">Feature<\/div>\n\t\t\t\t\t\t\t\t<div class=\"header-copy-headline teaser-header\"><span>Wilhelm and Alexander von Humboldt<\/span><\/div>\n\t\t\t\t\t\t\t\t<div class=\"header-copy-subline teaser-subline meta\">10 articles<\/div>\n\t\t\t\t\t\t\t<\/div>\n\t\t\t\t\t\t<\/div>\n\t\t\t\t\t<\/div>\n\t\t\t\t<\/div>\n\t\t\t<\/a>\n\t\t<\/div>\n\t\t<\/div>\n\t<\/section>\n\n<section class=\"block block-magazin-teaser-dossier block-fullscreen-first\">\n\t\t\t\t<div class=\"container-fluid container-fluid-no-padding\">\n\t\t\t<div class=\"\" style='background-color: #ee9e4f'>\n\t\t\t<a href=\"https:\/\/www.humboldtforum.org\/en\/magazine\/feature\/the-cross-on-top-of-the-humboldt-forum\/\" class=\"teaser teaser-magazine-dossier-full\">\n\t\t\t\t<div class=\"row  align-left\">\n\t\t\t\t\t<div class=\"col-xs-12 col-sm-6 teaser-image\">\n\t\t\t\t\t\t\n\t<lazy-media-inline inline-template>\n\t\t<figure itemscope itemtype=\"http:\/\/schema.org\/ImageObject\" class=\"lazy-media-inline \" role=\"group\" id=\"media_6a033f83a9470\" aria-labelledby=\"desc_media_6a033f83a9470\">\n\t\t\t<script type=\"application\/json\" ref=\"data\">\n\t\t\t\t{\n\t\t\t\t\"sizes\" : {\"medium\":{\"file\":\"Humboldt_Kreuz_Post-it-300x300.jpg\",\"width\":300,\"height\":300,\"mime-type\":\"image\\\/jpeg\"},\"thumbnail\":{\"file\":\"Humboldt_Kreuz_Post-it-150x150.jpg\",\"width\":150,\"height\":150,\"mime-type\":\"image\\\/jpeg\"},\"medium_large\":{\"file\":\"Humboldt_Kreuz_Post-it-768x768.jpg\",\"width\":768,\"height\":768,\"mime-type\":\"image\\\/jpeg\"},\"small\":{\"file\":\"Humboldt_Kreuz_Post-it-440x440.jpg\",\"width\":440,\"height\":440,\"mime-type\":\"image\\\/jpeg\"},\"semi\":{\"file\":\"Humboldt_Kreuz_Post-it-580x580.jpg\",\"width\":580,\"height\":580,\"mime-type\":\"image\\\/jpeg\"},\"mobile\":{\"file\":\"Humboldt_Kreuz_Post-it-720x720.jpg\",\"width\":720,\"height\":720,\"mime-type\":\"image\\\/jpeg\"},\"original\":{\"file\":\"Humboldt_Kreuz_Post-it.jpg\",\"width\":1000,\"height\":1000}},\n\t\t\t\t\"alt\" : \"Drawing of a dome with a cross, surrounded by colorful text and scaffolding in the background.\",\n\t\t\t\t\"path\" : \"\\\/wp-content\\\/uploads\\\/2020\\\/05\\\/\",\n\t\t\t\t\"video\" : null,\n\t\t\t\t\"autoplay\" : null,\n\t\t\t\t\"youtube\" : null,\n\t\t\t\t\"youtubelabel\" : \"Play video\",\n\t\t\t\t\"brightness\" : 100,\n\t\t\t\t\"crop\" : {\"top\":\"50.00\",\"left\":\"50.00\"},\n\t\t\t\t\"background\" : true,\n\t\t\t\t\"scale\" : 2\t\t\t\t}\n\t\t\t<\/script>\n\n\t\t\t<div class=\"height-container\" style=\"padding-bottom:100%;\" v-if=\"sizes\">\n\t\t\t\t\t\t\t\t<lazy-media :inline=\"true\" :alt=\"alt\" :sizes=\"sizes\" :scale=\"scale\" :brightness=\"brightness\" :path=\"path\" :video=\"video\" :autoplay=\"autoplay\" :youtube=\"youtube\" :crop=\"crop\" :youtubelabel=\"youtubelabel\" :background=\"background\" media-id=\"desc_media_6a033f83a9470\"><\/lazy-media>\n\t\t\t\t\t\t\t<\/div>\n\n\t\t\t\t\t\t\t<figcaption class=\"sr-only\" ref=\"body\" id=\"desc_media_6a033f83a9470\">\n\t\t\t\t\t\t\t\t\t\t\t\t\t\t\t\t\t\t\t\t\t<div class=\"insignificant\">\u00a9 Stiftung Humboldt Forum im Berliner Schloss \/ Stephan Falk; \u00a9 Stiftung Preu\u00dfische Schl\u00f6sser und G\u00e4rten Berlin-Brandenburg \/ Daniel Lindner<\/div>\n\t\t\t\t\t\t\t\t\t<\/figcaption>\n\t\t\t\t\t<\/figure>\n\t<\/lazy-media-inline>\n\t\t\t\t\t<\/div>\n\t\t\t\t\t<div class=\"col-xs-12 col-sm-4 col-sm-offset-1 teaser-magazine-dossier-full-copy-wrapper\">\n\t\t\t\t\t\t<div class=\"header-copy-box\">\n\t\t\t\t\t\t\t<div class=\"header-copy-content\">\n\t\t\t\t\t\t\t\t<div class=\"header-copy-overline subline\">Feature<\/div>\n\t\t\t\t\t\t\t\t<div class=\"header-copy-headline teaser-header\"><span>What&#8217;s it all about? The cross on top of the Humboldt Forum&#8217;s cupola<\/span><\/div>\n\t\t\t\t\t\t\t\t<div class=\"header-copy-subline teaser-subline meta\">16 articles<\/div>\n\t\t\t\t\t\t\t<\/div>\n\t\t\t\t\t\t<\/div>\n\t\t\t\t\t<\/div>\n\t\t\t\t<\/div>\n\t\t\t<\/a>\n\t\t<\/div>\n\t\t<\/div>\n\t<\/section>","protected":false},"excerpt":{"rendered":"","protected":false},"author":1,"featured_media":0,"parent":243,"menu_order":0,"comment_status":"closed","ping_status":"closed","template":"page-magazine.php","meta":{"_acf_changed":false,"footnotes":""},"class_list":["post-289","page","type-page","status-publish","hentry"],"acf":[],"_links":{"self":[{"href":"https:\/\/www.humboldtforum.org\/en\/wp-json\/wp\/v2\/pages\/289","targetHints":{"allow":["GET"]}}],"collection":[{"href":"https:\/\/www.humboldtforum.org\/en\/wp-json\/wp\/v2\/pages"}],"about":[{"href":"https:\/\/www.humboldtforum.org\/en\/wp-json\/wp\/v2\/types\/page"}],"author":[{"embeddable":true,"href":"https:\/\/www.humboldtforum.org\/en\/wp-json\/wp\/v2\/users\/1"}],"replies":[{"embeddable":true,"href":"https:\/\/www.humboldtforum.org\/en\/wp-json\/wp\/v2\/comments?post=289"}],"version-history":[{"count":0,"href":"https:\/\/www.humboldtforum.org\/en\/wp-json\/wp\/v2\/pages\/289\/revisions"}],"up":[{"embeddable":true,"href":"https:\/\/www.humboldtforum.org\/en\/wp-json\/wp\/v2\/pages\/243"}],"wp:attachment":[{"href":"https:\/\/www.humboldtforum.org\/en\/wp-json\/wp\/v2\/media?parent=289"}],"curies":[{"name":"wp","href":"https:\/\/api.w.org\/{rel}","templated":true}]}}